{"id":24498,"date":"2024-08-07T11:40:36","date_gmt":"2024-08-07T09:40:36","guid":{"rendered":"https:\/\/clinic.carepoi.com\/ai-selbst-triage\/"},"modified":"2025-09-20T11:51:09","modified_gmt":"2025-09-20T09:51:09","slug":"ai-selbst-triage","status":"publish","type":"page","link":"https:\/\/clinic.carepoi.com\/de\/ai-selbst-triage\/","title":{"rendered":"AI Selbst-Triage"},"content":{"rendered":"\t\t<div data-elementor-type=\"wp-page\" data-elementor-id=\"24498\" class=\"elementor elementor-24498 elementor-22318\">\n\t\t\t\t\t\t<section class=\"elementor-section elementor-top-section elementor-element elementor-element-27059e6 elementor-section-boxed elementor-section-height-default elementor-section-height-default\" data-id=\"27059e6\" data-element_type=\"section\">\n\t\t\t\t\t\t<div class=\"elementor-container elementor-column-gap-default\">\n\t\t\t\t\t<div class=\"elementor-column elementor-col-100 elementor-top-column elementor-element elementor-element-06ef7da\" data-id=\"06ef7da\" data-element_type=\"column\">\n\t\t\t<div class=\"elementor-widget-wrap elementor-element-populated\">\n\t\t\t\t\t\t<div class=\"elementor-element elementor-element-4e518fd elementor-widget elementor-widget-html\" data-id=\"4e518fd\" data-element_type=\"widget\" data-widget_type=\"html.default\">\n\t\t\t\t<div class=\"elementor-widget-container\">\n\t\t\t\t\t<span style=\"font-weight: 600; font-size: 70px; color: #808080; line-height: 51px;\">KI <\/span><span style=\"font-weight: 600; font-size: 70px; line-height: 51px;\">Triage an POI<\/span><span style=\"color: #f9041b; font-size: 90pt;\">.<\/span>\t\t\t\t\t\t\t\t<\/div>\n\t\t\t\t<\/div>\n\t\t\t\t\t<\/div>\n\t\t<\/div>\n\t\t\t\t\t<\/div>\n\t\t<\/section>\n\t\t\t\t<section class=\"elementor-section elementor-top-section elementor-element elementor-element-0cbf188 elementor-section-boxed elementor-section-height-default elementor-section-height-default\" data-id=\"0cbf188\" data-element_type=\"section\">\n\t\t\t\t\t\t<div class=\"elementor-container elementor-column-gap-default\">\n\t\t\t\t\t<div class=\"elementor-column elementor-col-50 elementor-top-column elementor-element elementor-element-013c13b\" data-id=\"013c13b\" data-element_type=\"column\">\n\t\t\t<div class=\"elementor-widget-wrap elementor-element-populated\">\n\t\t\t\t\t\t<div class=\"elementor-element elementor-element-2d35670 elementor-invisible elementor-widget elementor-widget-image\" data-id=\"2d35670\" data-element_type=\"widget\" data-settings=\"{&quot;_animation&quot;:&quot;fadeInDown&quot;}\" data-widget_type=\"image.default\">\n\t\t\t\t<div class=\"elementor-widget-container\">\n\t\t\t\t\t\t\t\t\t\t\t\t\t\t\t<img fetchpriority=\"high\" decoding=\"async\" width=\"908\" height=\"1024\" src=\"https:\/\/clinic.carepoi.com\/wp-content\/uploads\/2024\/08\/carepoi-triage_f1-908x1024.png\" class=\"attachment-large size-large wp-image-22317\" alt=\"\" srcset=\"https:\/\/clinic.carepoi.com\/wp-content\/uploads\/2024\/08\/carepoi-triage_f1-908x1024.png 908w, https:\/\/clinic.carepoi.com\/wp-content\/uploads\/2024\/08\/carepoi-triage_f1-266x300.png 266w, https:\/\/clinic.carepoi.com\/wp-content\/uploads\/2024\/08\/carepoi-triage_f1-768x866.png 768w, https:\/\/clinic.carepoi.com\/wp-content\/uploads\/2024\/08\/carepoi-triage_f1.png 966w\" sizes=\"(max-width: 908px) 100vw, 908px\" \/>\t\t\t\t\t\t\t\t\t\t\t\t\t\t\t<\/div>\n\t\t\t\t<\/div>\n\t\t\t\t\t<\/div>\n\t\t<\/div>\n\t\t\t\t<div class=\"elementor-column elementor-col-50 elementor-top-column elementor-element elementor-element-8ae3904\" data-id=\"8ae3904\" data-element_type=\"column\">\n\t\t\t<div class=\"elementor-widget-wrap elementor-element-populated\">\n\t\t\t\t\t\t<div class=\"elementor-element elementor-element-a8e7cea elementor-widget__width-initial elementor-invisible elementor-widget elementor-widget-text-editor\" data-id=\"a8e7cea\" data-element_type=\"widget\" data-settings=\"{&quot;_animation&quot;:&quot;fadeInUp&quot;}\" data-widget_type=\"text-editor.default\">\n\t\t\t\t<div class=\"elementor-widget-container\">\n\t\t\t\t\t\t\t\t\t<p><strong>KI Triage<\/strong> ist ein innovatives Modul des <strong> CAREPOI Systems<\/strong> ,das den Patienten bei der Selbsttriage hilft. Es kann zur Triage von Patienten in einem Krankenhaus oder einer Klinik eingesetzt werden, hat jedoch auch Anwendungen au\u00dferhalb von Gesundheitseinrichtungen. <\/p><p>Patienten k\u00f6nnen sich an jedem POI (sogar zu Hause) untersuchen lassen, ihre Daten und Symptome \u00fcberpr\u00fcfen, eine geeignete Behandlung erhalten, relevante Informationen mit ihren Gesundheitsdienstleistern \u00fcber SaaS teilen, eine synchrone Konsultation (Videoanruf) mit einem Anbieter \u00fcber das System erm\u00f6glichen oder\/und einen pers\u00f6nlichen oder telemedizinischen Termin vereinbaren &#8211; alles auf derselben Plattform.<\/p>\t\t\t\t\t\t\t\t<\/div>\n\t\t\t\t<\/div>\n\t\t\t\t\t<\/div>\n\t\t<\/div>\n\t\t\t\t\t<\/div>\n\t\t<\/section>\n\t\t\t\t<section class=\"elementor-section elementor-top-section elementor-element elementor-element-726dd07 elementor-section-boxed elementor-section-height-default elementor-section-height-default\" data-id=\"726dd07\" data-element_type=\"section\">\n\t\t\t\t\t\t<div class=\"elementor-container elementor-column-gap-default\">\n\t\t\t\t\t<div class=\"elementor-column elementor-col-50 elementor-top-column elementor-element elementor-element-7680cb6\" data-id=\"7680cb6\" data-element_type=\"column\">\n\t\t\t<div class=\"elementor-widget-wrap elementor-element-populated\">\n\t\t\t\t\t\t<div class=\"elementor-element elementor-element-bff10a1 elementor-widget elementor-widget-text-editor\" data-id=\"bff10a1\" data-element_type=\"widget\" data-widget_type=\"text-editor.default\">\n\t\t\t\t<div class=\"elementor-widget-container\">\n\t\t\t\t\t\t\t\t\t<h3><strong>Funktionsweise<\/strong><\/h3><p>Das Modul besteht aus 2 Komponenten.<\/p><p><strong>1) Unbeaufsichtigte KI-Sichtung<\/strong><\/p><ul><li>eine Triage-Pipeline l\u00e4uft im Hintergrund ohne menschliche Interaktion<\/li><li>empf\u00e4ngt \u00dcberweisungsbriefe \u00fcber einen API-Aufruf (Application Platform Interface) und trifft mithilfe trainierter KI-Modelle Vorhersagen \u00fcber Dringlichkeit und Ma\u00dfnahmen.<\/li><li>macht mithilfe trainierter KI-Modelle Vorhersagen \u00fcber Dringlichkeit und Ma\u00dfnahmen, zum Beispiel &#8216;Dringend &#8211; Endoskopie-Test&#8217;.<\/li><li>Wenn die \u00dcberweisung die Automatisierungskriterien erf\u00fcllt, wird die KI-Triage automatisch die Triage-Aktionen im Patientenverwaltungssystem abschlie\u00dfen und den n\u00e4chsten Schritt ausl\u00f6sen, wie zum Beispiel die \u00dcberweisung an das Buchungsteam zu senden.<\/li><\/ul><p><strong>2) Besuchte Virtuelle Assistentin<\/strong><\/p><ul><li>Ein virtueller Assistent (VA), der auf dem Schreibtisch des Arztes sitzt, hilft ihm bei anderen Triage-Aufgaben, z. B. beim Schreiben an den Hausarzt, um Ratschl\u00e4ge zu erteilen oder Tests anzufordern.<\/li><\/ul>\t\t\t\t\t\t\t\t<\/div>\n\t\t\t\t<\/div>\n\t\t\t\t\t<\/div>\n\t\t<\/div>\n\t\t\t\t<div class=\"elementor-column elementor-col-50 elementor-top-column elementor-element elementor-element-16caf32\" data-id=\"16caf32\" data-element_type=\"column\">\n\t\t\t<div class=\"elementor-widget-wrap elementor-element-populated\">\n\t\t\t\t\t\t<div class=\"elementor-element elementor-element-e76a60d elementor-widget elementor-widget-text-editor\" data-id=\"e76a60d\" data-element_type=\"widget\" data-widget_type=\"text-editor.default\">\n\t\t\t\t<div class=\"elementor-widget-container\">\n\t\t\t\t\t\t\t\t\t<h3><strong>Auswirkungen<\/strong><\/h3>\n\nDie Auswirkungen waren unter anderem:\n<ul>\n \t<li>schnellere Triage<\/li>\n \t<li>Verringerung der ungerechtfertigten Unterschiede bei der Triagierung<\/li>\n \t<li>Verringerung des Verwaltungsaufwands<\/li>\n \t<li>Reduzierung der Wartelistenzeiten durch aktives Management des Triage-Prozesses<\/li>\n \t<li>eine schnellere Triage der Patienten erleichtert die Zusammenarbeit zwischen Prim\u00e4r- und Sekund\u00e4rversorgung<\/li>\n<\/ul>\t\t\t\t\t\t\t\t<\/div>\n\t\t\t\t<\/div>\n\t\t\t\t\t<\/div>\n\t\t<\/div>\n\t\t\t\t\t<\/div>\n\t\t<\/section>\n\t\t\t\t<section class=\"elementor-section elementor-top-section elementor-element elementor-element-b2313c7 elementor-section-boxed elementor-section-height-default elementor-section-height-default\" data-id=\"b2313c7\" data-element_type=\"section\">\n\t\t\t\t\t\t<div class=\"elementor-container elementor-column-gap-default\">\n\t\t\t\t\t<div class=\"elementor-column elementor-col-50 elementor-top-column elementor-element elementor-element-9d8e428\" data-id=\"9d8e428\" data-element_type=\"column\">\n\t\t\t<div class=\"elementor-widget-wrap elementor-element-populated\">\n\t\t\t\t\t\t<div class=\"elementor-element elementor-element-38500df elementor-invisible elementor-widget elementor-widget-image\" data-id=\"38500df\" data-element_type=\"widget\" data-settings=\"{&quot;_animation&quot;:&quot;fadeInDown&quot;}\" data-widget_type=\"image.default\">\n\t\t\t\t<div class=\"elementor-widget-container\">\n\t\t\t\t\t\t\t\t\t\t\t\t\t\t\t<img decoding=\"async\" width=\"928\" height=\"1024\" src=\"https:\/\/clinic.carepoi.com\/wp-content\/uploads\/2024\/08\/Triage-1-jpg-928x1024.webp\" class=\"attachment-large size-large wp-image-22308\" alt=\"\" srcset=\"https:\/\/clinic.carepoi.com\/wp-content\/uploads\/2024\/08\/Triage-1-jpg-928x1024.webp 928w, https:\/\/clinic.carepoi.com\/wp-content\/uploads\/2024\/08\/Triage-1-jpg-272x300.webp 272w, https:\/\/clinic.carepoi.com\/wp-content\/uploads\/2024\/08\/Triage-1-jpg-768x847.webp 768w, https:\/\/clinic.carepoi.com\/wp-content\/uploads\/2024\/08\/Triage-1-jpg-1392x1536.webp 1392w, https:\/\/clinic.carepoi.com\/wp-content\/uploads\/2024\/08\/Triage-1-jpg-1320x1456.webp 1320w, https:\/\/clinic.carepoi.com\/wp-content\/uploads\/2024\/08\/Triage-1-jpg.webp 1626w\" sizes=\"(max-width: 928px) 100vw, 928px\" \/>\t\t\t\t\t\t\t\t\t\t\t\t\t\t\t<\/div>\n\t\t\t\t<\/div>\n\t\t\t\t\t<\/div>\n\t\t<\/div>\n\t\t\t\t<div class=\"elementor-column elementor-col-50 elementor-top-column elementor-element elementor-element-d0af87d\" data-id=\"d0af87d\" data-element_type=\"column\">\n\t\t\t<div class=\"elementor-widget-wrap elementor-element-populated\">\n\t\t\t\t\t\t<div class=\"elementor-element elementor-element-299147c elementor-widget elementor-widget-text-editor\" data-id=\"299147c\" data-element_type=\"widget\" data-widget_type=\"text-editor.default\">\n\t\t\t\t<div class=\"elementor-widget-container\">\n\t\t\t\t\t\t\t\t\t<h3><strong>F\u00e4higkeiten<\/strong><\/h3>\n<ul>\n \t<li><strong>Schnelligkeit<\/strong> &#8211; die KI-Triage ben\u00f6tigt nur wenige Sekunden, um Vorhersagen zu treffen, w\u00e4hrend ein erfahrener Kliniker 4 bis 5 Minuten ben\u00f6tigen k\u00f6nnte.<\/li>\n \t<li><strong>Verf\u00fcgbarkeit<\/strong> &#8211; die AI Triage l\u00e4uft rund um die Uhr, daher werden die \u00dcberweisungen sofort nach Eingang bearbeitet (f\u00fcr diejenigen, die die Automatisierungskriterien erf\u00fcllen)<\/li>\n \t<li><strong>Genauigkeit<\/strong> &#8211; Unser Modell wurde mit fortschrittlichen KI-Techniken auf gro\u00dfen Mengen historischer Daten trainiert. Es wurde ausgiebig getestet, z. B. mit dem Parallellauf. Die Leistung stimmt mit der der Kliniker f\u00fcr die automatisierte Kohorte \u00fcberein.  <\/li>\n<\/ul>\t\t\t\t\t\t\t\t<\/div>\n\t\t\t\t<\/div>\n\t\t\t\t\t<\/div>\n\t\t<\/div>\n\t\t\t\t\t<\/div>\n\t\t<\/section>\n\t\t\t\t<section class=\"elementor-section elementor-top-section elementor-element elementor-element-6522584 elementor-section-boxed elementor-section-height-default elementor-section-height-default\" data-id=\"6522584\" data-element_type=\"section\">\n\t\t\t\t\t\t<div class=\"elementor-container elementor-column-gap-default\">\n\t\t\t\t\t<div class=\"elementor-column elementor-col-50 elementor-top-column elementor-element elementor-element-f46bc01\" data-id=\"f46bc01\" data-element_type=\"column\">\n\t\t\t<div class=\"elementor-widget-wrap\">\n\t\t\t\t\t\t\t<\/div>\n\t\t<\/div>\n\t\t\t\t<div class=\"elementor-column elementor-col-50 elementor-top-column elementor-element elementor-element-8ea39f1\" data-id=\"8ea39f1\" data-element_type=\"column\">\n\t\t\t<div class=\"elementor-widget-wrap elementor-element-populated\">\n\t\t\t\t\t\t<div class=\"elementor-element elementor-element-1cf663d elementor-invisible elementor-widget elementor-widget-image\" data-id=\"1cf663d\" data-element_type=\"widget\" data-settings=\"{&quot;_animation&quot;:&quot;fadeInDown&quot;}\" data-widget_type=\"image.default\">\n\t\t\t\t<div class=\"elementor-widget-container\">\n\t\t\t\t\t\t\t\t\t\t\t\t\t\t\t<img decoding=\"async\" width=\"850\" height=\"683\" src=\"https:\/\/clinic.carepoi.com\/wp-content\/uploads\/2024\/08\/The-emergency-patient-journey-and-where-artificial-intelligence-is-making-or-can-make-an.png\" class=\"attachment-large size-large wp-image-24499\" alt=\"\" srcset=\"https:\/\/clinic.carepoi.com\/wp-content\/uploads\/2024\/08\/The-emergency-patient-journey-and-where-artificial-intelligence-is-making-or-can-make-an.png 850w, https:\/\/clinic.carepoi.com\/wp-content\/uploads\/2024\/08\/The-emergency-patient-journey-and-where-artificial-intelligence-is-making-or-can-make-an-300x241.png 300w, https:\/\/clinic.carepoi.com\/wp-content\/uploads\/2024\/08\/The-emergency-patient-journey-and-where-artificial-intelligence-is-making-or-can-make-an-768x617.png 768w\" sizes=\"(max-width: 850px) 100vw, 850px\" \/>\t\t\t\t\t\t\t\t\t\t\t\t\t\t\t<\/div>\n\t\t\t\t<\/div>\n\t\t\t\t\t<\/div>\n\t\t<\/div>\n\t\t\t\t\t<\/div>\n\t\t<\/section>\n\t\t\t\t<section class=\"elementor-section elementor-top-section elementor-element elementor-element-05319b9 elementor-section-boxed elementor-section-height-default elementor-section-height-default\" data-id=\"05319b9\" data-element_type=\"section\">\n\t\t\t\t\t\t<div class=\"elementor-container elementor-column-gap-default\">\n\t\t\t\t\t<div class=\"elementor-column elementor-col-100 elementor-top-column elementor-element elementor-element-19782af\" data-id=\"19782af\" data-element_type=\"column\">\n\t\t\t<div class=\"elementor-widget-wrap elementor-element-populated\">\n\t\t\t\t\t\t\t<\/div>\n\t\t<\/div>\n\t\t\t\t\t<\/div>\n\t\t<\/section>\n\t\t\t\t<section class=\"elementor-section elementor-top-section elementor-element elementor-element-0503092 elementor-section-boxed elementor-section-height-default elementor-section-height-default\" data-id=\"0503092\" data-element_type=\"section\">\n\t\t\t\t\t\t<div class=\"elementor-container elementor-column-gap-default\">\n\t\t\t\t\t<div class=\"elementor-column elementor-col-50 elementor-top-column elementor-element elementor-element-55339b0\" data-id=\"55339b0\" data-element_type=\"column\">\n\t\t\t<div class=\"elementor-widget-wrap elementor-element-populated\">\n\t\t\t\t\t\t<div class=\"elementor-element elementor-element-bb97b8d elementor-widget__width-initial elementor-invisible elementor-widget elementor-widget-text-editor\" data-id=\"bb97b8d\" data-element_type=\"widget\" data-settings=\"{&quot;_animation&quot;:&quot;fadeInUp&quot;}\" data-widget_type=\"text-editor.default\">\n\t\t\t\t<div class=\"elementor-widget-container\">\n\t\t\t\t\t\t\t\t\t<h3><strong>Triage von Patienten mit 97% Genauigkeit<\/strong><\/h3><p>In weniger als einer Minute sammelt das Triage-Modul etwa 55 klinische Entscheidungspunkte und analysiert sie<strong> mit fortschrittlichen Algorithmen und zertifizierten Triage-Protokollen<\/strong>, um den Patienten mit 97%iger Genauigkeit einer geeigneten Behandlung zuzuf\u00fchren.<\/p><ul><li>Es analysiert die Untersuchungsergebnisse (z.B. Blutdruck, ST, QRS usw.) und die Ein\/Aus-Antworten (z.B. ROSIER) und zeigt dem Patienten das KI-basierte Ergebnis an.<\/li><li>Leiten Sie Patienten in Notf\u00e4llen automatisch an eine geeignete Einrichtung weiter, z. B. an eine Videosprechstunde, eine Notfallstation oder einen Spezialisten.<\/li><\/ul>\t\t\t\t\t\t\t\t<\/div>\n\t\t\t\t<\/div>\n\t\t\t\t\t<\/div>\n\t\t<\/div>\n\t\t\t\t<div class=\"elementor-column elementor-col-50 elementor-top-column elementor-element elementor-element-e2c143f\" data-id=\"e2c143f\" data-element_type=\"column\">\n\t\t\t<div class=\"elementor-widget-wrap elementor-element-populated\">\n\t\t\t\t\t\t<div class=\"elementor-element elementor-element-2bb7c78 elementor-invisible elementor-widget elementor-widget-image\" data-id=\"2bb7c78\" data-element_type=\"widget\" data-settings=\"{&quot;_animation&quot;:&quot;fadeInDown&quot;}\" data-widget_type=\"image.default\">\n\t\t\t\t<div class=\"elementor-widget-container\">\n\t\t\t\t\t\t\t\t\t\t\t\t\t\t\t<img loading=\"lazy\" decoding=\"async\" width=\"800\" height=\"237\" src=\"https:\/\/clinic.carepoi.com\/wp-content\/uploads\/2024\/08\/triage-b.png\" class=\"attachment-large size-large wp-image-24500\" alt=\"\" srcset=\"https:\/\/clinic.carepoi.com\/wp-content\/uploads\/2024\/08\/triage-b.png 800w, https:\/\/clinic.carepoi.com\/wp-content\/uploads\/2024\/08\/triage-b-300x89.png 300w, https:\/\/clinic.carepoi.com\/wp-content\/uploads\/2024\/08\/triage-b-768x228.png 768w\" sizes=\"(max-width: 800px) 100vw, 800px\" \/>\t\t\t\t\t\t\t\t\t\t\t\t\t\t\t<\/div>\n\t\t\t\t<\/div>\n\t\t\t\t\t<\/div>\n\t\t<\/div>\n\t\t\t\t\t<\/div>\n\t\t<\/section>\n\t\t\t\t<\/div>\n\t\t","protected":false},"excerpt":{"rendered":"<p>KI Triage an POI. KI Triage ist ein innovatives Modul des CAREPOI Systems ,das den Patienten bei der Selbsttriage hilft. Es kann zur Triage von Patienten in einem Krankenhaus oder einer Klinik eingesetzt werden, hat jedoch auch Anwendungen au\u00dferhalb von Gesundheitseinrichtungen. Patienten k\u00f6nnen sich an jedem POI (sogar zu Hause) untersuchen lassen, ihre Daten und &#8230;<\/p>\n","protected":false},"author":1,"featured_media":0,"parent":0,"menu_order":0,"comment_status":"closed","ping_status":"closed","template":"","meta":{"_jf_save_progress":"","_jet_sm_ready_style":"","_jet_sm_style":"","_jet_sm_controls_values":"","_jet_sm_fonts_collection":"","_jet_sm_fonts_links":"","footnotes":""},"class_list":["post-24498","page","type-page","status-publish","hentry"],"_links":{"self":[{"href":"https:\/\/clinic.carepoi.com\/de\/wp-json\/wp\/v2\/pages\/24498","targetHints":{"allow":["GET"]}}],"collection":[{"href":"https:\/\/clinic.carepoi.com\/de\/wp-json\/wp\/v2\/pages"}],"about":[{"href":"https:\/\/clinic.carepoi.com\/de\/wp-json\/wp\/v2\/types\/page"}],"author":[{"embeddable":true,"href":"https:\/\/clinic.carepoi.com\/de\/wp-json\/wp\/v2\/users\/1"}],"replies":[{"embeddable":true,"href":"https:\/\/clinic.carepoi.com\/de\/wp-json\/wp\/v2\/comments?post=24498"}],"version-history":[{"count":3,"href":"https:\/\/clinic.carepoi.com\/de\/wp-json\/wp\/v2\/pages\/24498\/revisions"}],"predecessor-version":[{"id":26218,"href":"https:\/\/clinic.carepoi.com\/de\/wp-json\/wp\/v2\/pages\/24498\/revisions\/26218"}],"wp:attachment":[{"href":"https:\/\/clinic.carepoi.com\/de\/wp-json\/wp\/v2\/media?parent=24498"}],"curies":[{"name":"wp","href":"https:\/\/api.w.org\/{rel}","templated":true}]}}