{"id":24512,"date":"2023-10-06T11:43:48","date_gmt":"2023-10-06T09:43:48","guid":{"rendered":"https:\/\/clinic.carepoi.com\/kontaktieren-sie-uns\/"},"modified":"2025-09-20T11:52:17","modified_gmt":"2025-09-20T09:52:17","slug":"kontaktieren-sie-uns","status":"publish","type":"page","link":"https:\/\/clinic.carepoi.com\/de\/kontaktieren-sie-uns\/","title":{"rendered":"Kontaktieren Sie uns"},"content":{"rendered":"\t\t<div data-elementor-type=\"wp-page\" data-elementor-id=\"24512\" class=\"elementor elementor-24512 elementor-6458\">\n\t\t\t\t\t\t<section class=\"elementor-section elementor-top-section elementor-element elementor-element-647e04c elementor-section-boxed elementor-section-height-default elementor-section-height-default\" data-id=\"647e04c\" data-element_type=\"section\">\n\t\t\t\t\t\t<div class=\"elementor-container elementor-column-gap-default\">\n\t\t\t\t\t<div class=\"elementor-column elementor-col-100 elementor-top-column elementor-element elementor-element-5bead2f\" data-id=\"5bead2f\" data-element_type=\"column\">\n\t\t\t<div class=\"elementor-widget-wrap elementor-element-populated\">\n\t\t\t\t\t\t<div class=\"elementor-element elementor-element-df67222 elementor-widget elementor-widget-heading\" data-id=\"df67222\" data-element_type=\"widget\" data-widget_type=\"heading.default\">\n\t\t\t\t<div class=\"elementor-widget-container\">\n\t\t\t\t\t<h2 class=\"elementor-heading-title elementor-size-default\"><span style=\"font-weight: 600;font-size: 70px;color: #808080;line-height: 51px\">Kontaktieren<\/span><span style=\"font-weight: 600;font-size: 70px;line-height: 51px\"> Sie uns<\/span><span style=\"color: #f9041b;font-size: 90pt\">.<\/span>\n<\/h2>\t\t\t\t<\/div>\n\t\t\t\t<\/div>\n\t\t\t\t\t<\/div>\n\t\t<\/div>\n\t\t\t\t\t<\/div>\n\t\t<\/section>\n\t\t\t\t<section class=\"elementor-section elementor-top-section elementor-element elementor-element-5b84778 elementor-section-boxed elementor-section-height-default elementor-section-height-default\" data-id=\"5b84778\" data-element_type=\"section\">\n\t\t\t\t\t\t<div class=\"elementor-container elementor-column-gap-default\">\n\t\t\t\t\t<div class=\"elementor-column elementor-col-100 elementor-top-column elementor-element elementor-element-5ad2cc4\" data-id=\"5ad2cc4\" data-element_type=\"column\">\n\t\t\t<div class=\"elementor-widget-wrap elementor-element-populated\">\n\t\t\t\t\t\t<div class=\"elementor-element elementor-element-e1a2bca elementor-widget__width-initial elementor-widget elementor-widget-text-editor\" data-id=\"e1a2bca\" data-element_type=\"widget\" data-widget_type=\"text-editor.default\">\n\t\t\t\t<div class=\"elementor-widget-container\">\n\t\t\t\t\t\t\t\t\t<p>Haben Sie Fragen oder m\u00f6chten Sie einfach nur Kontakt aufnehmen? Senden Sie uns eine Nachricht und ein Teammitglied wird sich in K\u00fcrze bei Ihnen melden. Bitte beachten Sie, dass CAREPOI nicht f\u00fcr die Bew\u00e4ltigung von Notf\u00e4llen gedacht ist. Wenn Sie medizinische Hilfe ben\u00f6tigen, w\u00e4hlen Sie bitte 112 f\u00fcr Europa oder 911 f\u00fcr die USA.   <\/p>\t\t\t\t\t\t\t\t<\/div>\n\t\t\t\t<\/div>\n\t\t\t\t\t<\/div>\n\t\t<\/div>\n\t\t\t\t\t<\/div>\n\t\t<\/section>\n\t\t\t\t<section class=\"elementor-section elementor-top-section elementor-element elementor-element-df094dd elementor-section-boxed elementor-section-height-default elementor-section-height-default\" data-id=\"df094dd\" data-element_type=\"section\">\n\t\t\t\t\t\t<div class=\"elementor-container elementor-column-gap-default\">\n\t\t\t\t\t<div class=\"elementor-column elementor-col-50 elementor-top-column elementor-element elementor-element-6bc16b5\" data-id=\"6bc16b5\" data-element_type=\"column\">\n\t\t\t<div class=\"elementor-widget-wrap elementor-element-populated\">\n\t\t\t\t\t\t<div class=\"elementor-element elementor-element-612e0ba elementor-invisible elementor-widget elementor-widget-html\" data-id=\"612e0ba\" data-element_type=\"widget\" data-settings=\"{&quot;_animation&quot;:&quot;fadeInDown&quot;}\" data-widget_type=\"html.default\">\n\t\t\t\t<div class=\"elementor-widget-container\">\n\t\t\t\t\t<?xml version=\"1.0\" encoding=\"utf-8\"?><!-- Generator: Adobe Illustrator 19.2.0, SVG Export Plug-In . SVG Version: 6.00 Build 0)  --><svg version=\"1.1\" id=\"Layer_1\" xmlns=\"http:\/\/www.w3.org\/2000\/svg\" xmlns:xlink=\"http:\/\/www.w3.org\/1999\/xlink\" x=\"0px\" y=\"0px\"\n\t viewBox=\"0 0 960 960\" style=\"enable-background:new 0 0 960 960;\" xml:space=\"preserve\"><style type=\"text\/css\">.st0{fill:#FFFFFF;}\n\t.st1{fill:#C1272D;}\n\t.st2{fill:#991D26;}\n\t.st3{fill:#CCCCCC;}\n\t.st4{fill:#E6E6E6;}\n\t.st5{fill:#F7931E;}\n\t.st6{fill:#F2F2F2;}\n\t.st7{fill:none;stroke:#999999;stroke-width:17.9763;stroke-linecap:round;stroke-miterlimit:10;}\n\t.st8{fill:none;stroke:#333333;stroke-width:8.9882;stroke-linecap:round;stroke-miterlimit:10;}\n\t.st9{fill:none;stroke:#C1272D;stroke-width:5.9921;stroke-linecap:round;stroke-miterlimit:10;}\n\t.st10{fill:#245F7F;}\n<\/style><g><path class=\"st0\" d=\"M601.2,699.8H205c-30.7,0-55.6-24.9-55.6-55.6V248c0-30.7,24.9-55.6,55.6-55.6h396.2\n\t\tc30.7,0,55.6,24.9,55.6,55.6v396.2C656.8,674.9,631.9,699.8,601.2,699.8z\"\/><path class=\"st1\" d=\"M601.2,192.4H205c-30.7,0-55.6,24.9-55.6,55.6v88.5h507.4V248C656.8,217.3,631.9,192.4,601.2,192.4z\"\/><circle class=\"st2\" cx=\"253.3\" cy=\"264.5\" r=\"36.7\"\/><circle class=\"st2\" cx=\"551.6\" cy=\"264.5\" r=\"36.7\"\/><path class=\"st3\" d=\"M253.3,275.7L253.3,275.7c-11.8,0-21.3-9.6-21.3-21.3v-85.8c0-11.8,9.6-21.3,21.3-21.3l0,0\n\t\tc11.8,0,21.3,9.6,21.3,21.3v85.8C274.6,266.2,265.1,275.7,253.3,275.7z\"\/><path class=\"st3\" d=\"M551.6,275.7L551.6,275.7c-11.8,0-21.3-9.6-21.3-21.3v-85.8c0-11.8,9.6-21.3,21.3-21.3l0,0\n\t\tc11.8,0,21.3,9.6,21.3,21.3v85.8C573,266.2,563.4,275.7,551.6,275.7z\"\/><rect x=\"215.7\" y=\"370.9\" class=\"st4\" width=\"75.2\" height=\"75.2\"\/><rect x=\"313\" y=\"370.9\" class=\"st4\" width=\"75.2\" height=\"75.2\"\/><rect x=\"410.2\" y=\"370.9\" class=\"st4\" width=\"75.2\" height=\"75.2\"\/><rect x=\"507.5\" y=\"370.9\" class=\"st4\" width=\"75.2\" height=\"75.2\"\/><rect x=\"215.7\" y=\"465\" class=\"st4\" width=\"75.2\" height=\"75.2\"\/><rect x=\"313\" y=\"465\" class=\"st1\" width=\"75.2\" height=\"75.2\"\/><rect x=\"410.2\" y=\"465\" class=\"st4\" width=\"75.2\" height=\"75.2\"\/><rect x=\"507.5\" y=\"465\" class=\"st4\" width=\"75.2\" height=\"75.2\"\/><rect x=\"215.7\" y=\"559.1\" class=\"st4\" width=\"75.2\" height=\"75.2\"\/><rect x=\"313\" y=\"559.1\" class=\"st4\" width=\"75.2\" height=\"75.2\"\/><rect x=\"410.2\" y=\"559.1\" class=\"st4\" width=\"75.2\" height=\"75.2\"\/><rect x=\"507.5\" y=\"559.1\" class=\"st4\" width=\"75.2\" height=\"75.2\"\/><g><circle class=\"st5\" cx=\"621.9\" cy=\"624\" r=\"188.7\"\/><circle class=\"st0\" cx=\"621.9\" cy=\"624\" r=\"148\"\/><path class=\"st6\" d=\"M486.6,636.8c0-81.7,66.3-148,148-148c37.6,0,72,14.1,98.1,37.2c-27.1-30.6-66.7-49.9-110.8-49.9\n\t\t\tc-81.7,0-148,66.3-148,148c0,44.1,19.3,83.7,49.9,110.8C500.7,708.7,486.6,674.4,486.6,636.8z\"\/><polyline class=\"st7\" points=\"621.9,530.4 621.9,624 559,624 \t\t\"\/><g><line class=\"st8\" x1=\"621.9\" y1=\"508.3\" x2=\"621.9\" y2=\"497.1\"\/><line class=\"st8\" x1=\"621.9\" y1=\"756.3\" x2=\"621.9\" y2=\"745.1\"\/><line class=\"st8\" x1=\"740.3\" y1=\"626.7\" x2=\"751.5\" y2=\"626.7\"\/><line class=\"st8\" x1=\"492.3\" y1=\"626.7\" x2=\"503.5\" y2=\"626.7\"\/><line class=\"st8\" x1=\"705.6\" y1=\"710.4\" x2=\"713.5\" y2=\"718.3\"\/><line class=\"st8\" x1=\"530.3\" y1=\"535.1\" x2=\"538.2\" y2=\"543\"\/><line class=\"st8\" x1=\"538.2\" y1=\"710.4\" x2=\"530.3\" y2=\"718.3\"\/><line class=\"st8\" x1=\"713.5\" y1=\"535.1\" x2=\"705.6\" y2=\"543\"\/><\/g><line class=\"st9\" x1=\"604.4\" y1=\"606.3\" x2=\"684.5\" y2=\"687.4\"\/><circle class=\"st10\" cx=\"621.9\" cy=\"624\" r=\"16.1\"\/><\/g><\/g><\/svg>\t\t\t\t<\/div>\n\t\t\t\t<\/div>\n\t\t\t\t\t<\/div>\n\t\t<\/div>\n\t\t\t\t<div class=\"elementor-column elementor-col-50 elementor-top-column elementor-element elementor-element-a48cc60\" data-id=\"a48cc60\" data-element_type=\"column\">\n\t\t\t<div class=\"elementor-widget-wrap elementor-element-populated\">\n\t\t\t\t\t\t<div class=\"elementor-element elementor-element-d3e1f4c elementor-widget elementor-widget-jet-form-builder-form\" data-id=\"d3e1f4c\" data-element_type=\"widget\" data-widget_type=\"jet-form-builder-form.default\">\n\t\t\t\t<div class=\"elementor-widget-container\">\n\t\t\t\t\t<link rel='stylesheet' id='wp-block-library-css' href='https:\/\/clinic.carepoi.com\/wp-includes\/css\/dist\/block-library\/style.min.css?ver=6.9.4' type='text\/css' media='all' \/>\n<link rel=\"preconnect\" href=\"https:\/\/fonts.gstatic.com\"><style id=\"jet-form-builder-22735-inline-css\">.jet-sm-gb-0909e133-95a2-455a-bfd5-610a506ca2b3 .jet-form-builder__action-button:hover:not(:disabled){background-color: ;} .jet-sm-gb-1bf2964f-5dc4-4b60-94bf-d8a00f25988f .jet-form-builder__desc.jet-form-builder__desc.jet-form-builder__desc{background-color: ;} .jet-sm-gb-2d90d977-9570-487f-b17c-8db114d6feab .jet-form-builder__desc.jet-form-builder__desc.jet-form-builder__desc{background-color: ;} .jet-sm-gb-c6cbd1bd-7de3-4c02-96bc-f47eab1f229f .jet-form-builder__desc.jet-form-builder__desc.jet-form-builder__desc{background-color: ;} .jet-sm-gb-0df6a097-247a-4d16-aab0-08343375f1db .jet-form-builder__desc.jet-form-builder__desc.jet-form-builder__desc{background-color: ;} .jet-sm-gb-1e861e03-401a-46a5-bca4-21b1b18a1919 .jet-form-builder__desc.jet-form-builder__desc.jet-form-builder__desc{background-color: ;} .jet-sm-gb-b719920f-5381-46cf-a423-cc5ab1da10d2 .jet-form-builder__desc.jet-form-builder__desc.jet-form-builder__desc{background-color: ;} .jet-sm-gb-52aed44a-69da-4366-b050-cd29a9f3a9eb .jet-form-builder__desc{background-color: ;} .jet-sm-gb-1782d911-fb65-4131-ae49-bea47dc98034 .jet-form-builder__desc{background-color: ;} .jet-sm-gb-01ff4c3d-d09e-4e92-8629-8693525e90a8 .jet-form-builder__desc{background-color: ;} <\/style><form  class=\"jet-form-builder layout-column submit-type-reload\" action=\"https:\/\/clinic.carepoi.com\/de\/wp-json\/wp\/v2\/pages\/24512\/?7K3IZZ=q4fL6r5Anv&amp;method=reload\" method=\"POST\" data-form-id=\"22735\" data-layout=\"column\" enctype=\"multipart\/form-data\" data-clear=\"1\" novalidate=\"null\" ssr_validation_method=\"rest\"><input type=\"hidden\" class=\"jet-form-builder__field hidden-field\" name=\"_jfb_csrf_token\" data-field-name=\"_jfb_csrf_token\" value=\"f3d61591ebea4272e1c241917f26fe40\">\n<input type=\"hidden\" id=\"_wpnonce\" name=\"_wpnonce\" value=\"09b741255c\" \/><input type=\"hidden\" name=\"_wp_http_referer\" value=\"\/de\/wp-json\/wp\/v2\/pages\/24512\" \/>\r\n<input type=\"hidden\" name=\"_jfb_current_render_states[]\" value=\"DEFAULT.STATE\" data-jfb-sync \/><input type=\"hidden\" class=\"jet-form-builder__field hidden-field\" name=\"_jet_engine_booking_form_id\" data-field-name=\"_jet_engine_booking_form_id\" value=\"22735\">\n<input type=\"hidden\" class=\"jet-form-builder__field hidden-field\" name=\"_jet_engine_refer\" data-field-name=\"_jet_engine_refer\" value=\"https:\/\/clinic.carepoi.com\/de\/wp-json\/wp\/v2\/pages\/24512\/\">\n<input type=\"hidden\" class=\"jet-form-builder__field hidden-field\" name=\"__queried_post_id\" data-field-name=\"__queried_post_id\" value=\"24512\">\n<div class=\" jet-sm-gb-wrapper jet-sm-gb-1bf2964f-5dc4-4b60-94bf-d8a00f25988f\" data-block-id=\"jet-sm-gb-1bf2964f-5dc4-4b60-94bf-d8a00f25988f\" ><div  class=\"jet-form-builder-row field-type-text-field\" >\n<div class=\"jet-form-builder__label\">\r\n<div class=\"jet-form-builder__label-text\">Specialty or Organization <\/div><\/div><div class=\"jet-form-builder__field-wrap\">\n\t\t\t\t<input name=\"subject\" id=\"subject\" type=\"text\" data-field-name=\"subject\" class=\"jet-form-builder__field text-field jetform-lg-field-text \" data-jfb-sync=\"null\" autocomplete=\"off_yMYctkLa\">\n\t\t\t\t\t<\/div>\n<\/div><\/div>\n\n<div class=\" jet-sm-gb-wrapper jet-sm-gb-0df6a097-247a-4d16-aab0-08343375f1db\" data-block-id=\"jet-sm-gb-0df6a097-247a-4d16-aab0-08343375f1db\" ><div  class=\"jet-form-builder-row field-type-text-field\" >\n<div class=\"jet-form-builder__label\">\r\n<div class=\"jet-form-builder__label-text\">Name\/ Surname <span class=\"jet-form-builder__required\">*<\/span><\/div><\/div><div class=\"jet-form-builder__field-wrap\">\n\t\t\t\t<input required=\"required\" name=\"name_surname\" id=\"name_surname\" type=\"text\" data-field-name=\"name_surname\" class=\"jet-form-builder__field text-field jetform-lg-field-text\" data-jfb-sync=\"null\" autocomplete=\"off_tYJkwbsB\">\n\t\t\t\t\t<\/div>\n<\/div><\/div>\n\n<div class=\" jet-sm-gb-wrapper jet-sm-gb-1e861e03-401a-46a5-bca4-21b1b18a1919\" data-block-id=\"jet-sm-gb-1e861e03-401a-46a5-bca4-21b1b18a1919\" ><div  class=\"jet-form-builder-row field-type-text-field\" >\n<div class=\"jet-form-builder__label\">\r\n<div class=\"jet-form-builder__label-text\">Email <span class=\"jet-form-builder__required\">*<\/span><\/div><\/div><div class=\"jet-form-builder__field-wrap\">\n\t\t\t\t<input required=\"required\" name=\"email\" id=\"email\" type=\"email\" data-field-name=\"email\" class=\"jet-form-builder__field text-field jetform-lg-field-text\" data-jfb-sync=\"null\" autocomplete=\"off_zPX05NQU\">\n\t\t\t\t\t<\/div>\n<\/div><\/div>\n\n<div class=\" jet-sm-gb-wrapper jet-sm-gb-52aed44a-69da-4366-b050-cd29a9f3a9eb\" data-block-id=\"jet-sm-gb-52aed44a-69da-4366-b050-cd29a9f3a9eb\" ><div class=\"jet-form-builder__conditional \" data-jfb-conditional=\"[]\" data-jfb-func=\"show\">\n<div class=\" jet-sm-gb-wrapper jet-sm-gb-c6cbd1bd-7de3-4c02-96bc-f47eab1f229f\" data-block-id=\"jet-sm-gb-c6cbd1bd-7de3-4c02-96bc-f47eab1f229f\" ><div  class=\"jet-form-builder-row field-type-datetime-field\" >\n<div class=\"jet-form-builder__label\">\r\n<div class=\"jet-form-builder__label-text\">For demo select a preferred Date\/Time<\/div><\/div><input class=\"jet-form-builder__field datetime-field jetform-lg-field-text\" name=\"select_date_time\" type=\"datetime-local\" data-field-name=\"select_date_time\" id=\"select_date_time\" data-jfb-sync=\"null\">\n<\/div><\/div>\n\n<div class=\" jet-sm-gb-wrapper jet-sm-gb-1782d911-fb65-4131-ae49-bea47dc98034\" data-block-id=\"jet-sm-gb-1782d911-fb65-4131-ae49-bea47dc98034\" ><div class=\"jet-form-builder__conditional \" data-jfb-conditional=\"[{&quot;operator&quot;:&quot;not_empty&quot;,&quot;value&quot;:&quot;&quot;,&quot;field&quot;:&quot;select_date_time&quot;,&quot;use_preset&quot;:false}]\" data-jfb-func=\"show\">\n<div class=\" jet-sm-gb-wrapper jet-sm-gb-b719920f-5381-46cf-a423-cc5ab1da10d2\" data-block-id=\"jet-sm-gb-b719920f-5381-46cf-a423-cc5ab1da10d2\" ><div  class=\"jet-form-builder-row field-type-radio-field wp-block-jet-forms-radio-field\">\n<div class=\"jet-form-builder__label\">\r\n<div class=\"jet-form-builder__label-text\">Select a Product<\/div><\/div><div class=\"jet-form-builder__fields-group checkradio-wrap\" data-jfb-sync><div class=\"jet-form-builder__field-wrap radio-wrap checkradio-wrap\"><label class=\"jet-form-builder__field-label for-radio\">\n<input type=\"radio\" name=\"select_a_product\" value=\"dh-100\" data-field-name=\"select_a_product\"  class=\"jet-form-builder__field radio-field checkradio-field\"><span>DH-100<\/span><\/label><\/div><div class=\"jet-form-builder__field-wrap radio-wrap checkradio-wrap\"><label class=\"jet-form-builder__field-label for-radio\">\n<input type=\"radio\" name=\"select_a_product\" value=\"dh-600\" data-field-name=\"select_a_product\"  class=\"jet-form-builder__field radio-field checkradio-field\"><span>DH-600<\/span><\/label><\/div><div class=\"jet-form-builder__field-wrap radio-wrap checkradio-wrap\"><label class=\"jet-form-builder__field-label for-radio\">\n<input type=\"radio\" name=\"select_a_product\" value=\"dh-800\" data-field-name=\"select_a_product\"  class=\"jet-form-builder__field radio-field checkradio-field\"><span>DH-800<\/span><\/label><\/div><div class=\"jet-form-builder__field-wrap radio-wrap checkradio-wrap\"><label class=\"jet-form-builder__field-label for-radio\">\n<input type=\"radio\" name=\"select_a_product\" value=\"dh-2000\" data-field-name=\"select_a_product\"  class=\"jet-form-builder__field radio-field checkradio-field\"><span>DH-2000<\/span><\/label><\/div><div class=\"jet-form-builder__field-wrap radio-wrap checkradio-wrap\"><label class=\"jet-form-builder__field-label for-radio\">\n<input type=\"radio\" name=\"select_a_product\" value=\"Subscriptions\" data-field-name=\"select_a_product\"  class=\"jet-form-builder__field radio-field checkradio-field\"><span>Subscriptions<\/span><\/label><\/div><div class=\"jet-form-builder__field-wrap radio-wrap checkradio-wrap\"><label class=\"jet-form-builder__field-label for-radio\">\n<input type=\"radio\" name=\"select_a_product\" value=\"other-demo-form\" data-field-name=\"select_a_product\"  class=\"jet-form-builder__field radio-field checkradio-field\"><span>Other<\/span><\/label><\/div><\/div>\n<\/div><\/div>\n<\/div><\/div>\n\n<div class=\" jet-sm-gb-wrapper jet-sm-gb-01ff4c3d-d09e-4e92-8629-8693525e90a8\" data-block-id=\"jet-sm-gb-01ff4c3d-d09e-4e92-8629-8693525e90a8\" ><div class=\"jet-form-builder__conditional \" data-jfb-conditional=\"[]\" data-jfb-func=\"\"><\/div><\/div>\n<\/div><\/div>\n\n<div class=\" jet-sm-gb-wrapper jet-sm-gb-2d90d977-9570-487f-b17c-8db114d6feab\" data-block-id=\"jet-sm-gb-2d90d977-9570-487f-b17c-8db114d6feab\" ><div  class=\"jet-form-builder-row field-type-textarea-field\" >\n<div class=\"jet-form-builder__label\">\r\n<div class=\"jet-form-builder__label-text\">Remarks<\/div><\/div><div class=\"jet-form-builder__field-wrap\">\n\t\t<textarea class=\"jet-form-builder__field textarea-field jetform-lg-field-text\" name=\"special_remarks\" data-field-name=\"special_remarks\" id=\"special_remarks\" data-jfb-sync=\"null\"><\/textarea>\n\t<\/div>\n<\/div><\/div>\n\n<div class=\" jet-sm-gb-wrapper jet-sm-gb-0909e133-95a2-455a-bfd5-610a506ca2b3\" data-block-id=\"jet-sm-gb-0909e133-95a2-455a-bfd5-610a506ca2b3\" ><input type=\"hidden\" class=\"captcha-token\" name=\"_captcha_token\" value=\"\"\/><div class=\"jfb-visually-hidden\" tabindex=\"-1\"><div class=\"jet-form-builder__field-wrap\">\n\t\t\t\t<input name=\"_email\" id=\"_email\" type=\"email\" data-field-name=\"_email\" class=\"jet-form-builder__field text-field\" data-jfb-sync=\"null\" autocomplete=\"off_ECSwDMOh\">\n\t\t\t\t\t<\/div><\/div><div  class=\"jet-form-builder-row field-type-submit-field\" >\n\t<div data-type=\"submit\" class=\"jet-form-builder__action-button-wrapper jet-form-builder__submit-wrap\">\n\t<button class=\"jet-form-builder__action-button jet-form-builder__next-page jet-form-builder__submit submit-type-reload\" type=\"submit\">Submit<\/button>\n\t<\/div>\n\t\n<\/div><\/div>\n\n\n<p><\/p>\n\t<div class=\"jet-form-builder-messages-wrap\" data-form-id=\"22735\"><\/div>\n<\/form>\n\t\t\t\t<\/div>\n\t\t\t\t<\/div>\n\t\t\t\t\t<\/div>\n\t\t<\/div>\n\t\t\t\t\t<\/div>\n\t\t<\/section>\n\t\t\t\t<\/div>\n\t\t","protected":false},"excerpt":{"rendered":"<p>Kontaktieren Sie uns. Haben Sie Fragen oder m\u00f6chten Sie einfach nur Kontakt aufnehmen? Senden Sie uns eine Nachricht und ein Teammitglied wird sich in K\u00fcrze bei Ihnen melden. Bitte beachten Sie, dass CAREPOI nicht f\u00fcr die Bew\u00e4ltigung von Notf\u00e4llen gedacht ist. Wenn Sie medizinische Hilfe ben\u00f6tigen, w\u00e4hlen Sie bitte 112 f\u00fcr Europa oder 911 f\u00fcr &#8230;<\/p>\n","protected":false},"author":1,"featured_media":0,"parent":0,"menu_order":0,"comment_status":"closed","ping_status":"closed","template":"","meta":{"_jf_save_progress":"","_jet_sm_ready_style":"","_jet_sm_style":"","_jet_sm_controls_values":"","_jet_sm_fonts_collection":"","_jet_sm_fonts_links":"","footnotes":""},"class_list":["post-24512","page","type-page","status-publish","hentry"],"_links":{"self":[{"href":"https:\/\/clinic.carepoi.com\/de\/wp-json\/wp\/v2\/pages\/24512","targetHints":{"allow":["GET"]}}],"collection":[{"href":"https:\/\/clinic.carepoi.com\/de\/wp-json\/wp\/v2\/pages"}],"about":[{"href":"https:\/\/clinic.carepoi.com\/de\/wp-json\/wp\/v2\/types\/page"}],"author":[{"embeddable":true,"href":"https:\/\/clinic.carepoi.com\/de\/wp-json\/wp\/v2\/users\/1"}],"replies":[{"embeddable":true,"href":"https:\/\/clinic.carepoi.com\/de\/wp-json\/wp\/v2\/comments?post=24512"}],"version-history":[{"count":5,"href":"https:\/\/clinic.carepoi.com\/de\/wp-json\/wp\/v2\/pages\/24512\/revisions"}],"predecessor-version":[{"id":26223,"href":"https:\/\/clinic.carepoi.com\/de\/wp-json\/wp\/v2\/pages\/24512\/revisions\/26223"}],"wp:attachment":[{"href":"https:\/\/clinic.carepoi.com\/de\/wp-json\/wp\/v2\/media?parent=24512"}],"curies":[{"name":"wp","href":"https:\/\/api.w.org\/{rel}","templated":true}]}}