{"id":24535,"date":"2024-08-06T08:28:45","date_gmt":"2024-08-06T06:28:45","guid":{"rendered":"https:\/\/clinic.carepoi.com\/carepoi-freier-markt\/"},"modified":"2025-09-20T11:50:06","modified_gmt":"2025-09-20T09:50:06","slug":"carepoi-freier-markt","status":"publish","type":"page","link":"https:\/\/clinic.carepoi.com\/de\/carepoi-freier-markt\/","title":{"rendered":"&#8220;Freie Markt&#8221;Dienstleistungen"},"content":{"rendered":"\t\t<div data-elementor-type=\"wp-page\" data-elementor-id=\"24535\" class=\"elementor elementor-24535 elementor-22181\">\n\t\t\t\t\t\t<section class=\"elementor-section elementor-top-section elementor-element elementor-element-9b1efe2 elementor-section-boxed elementor-section-height-default elementor-section-height-default\" data-id=\"9b1efe2\" data-element_type=\"section\">\n\t\t\t\t\t\t<div class=\"elementor-container elementor-column-gap-default\">\n\t\t\t\t\t<div class=\"elementor-column elementor-col-100 elementor-top-column elementor-element elementor-element-75f7680\" data-id=\"75f7680\" data-element_type=\"column\">\n\t\t\t<div class=\"elementor-widget-wrap elementor-element-populated\">\n\t\t\t\t\t\t<div class=\"elementor-element elementor-element-3199f6d elementor-widget elementor-widget-html\" data-id=\"3199f6d\" data-element_type=\"widget\" data-widget_type=\"html.default\">\n\t\t\t\t<div class=\"elementor-widget-container\">\n\t\t\t\t\t<span style=\"font-weight: 600; font-size: 70px; color: #808080;line-height: 51px;\">\"Freie Markt\"<\/span><span style=\"font-weight: 600; font-size: 70px; line-height: 51px;\"> Dienstleistungen <\/span><span style=\"color: #f9041b; font-size: 90pt;\">.<\/span>\t\t\t\t<\/div>\n\t\t\t\t<\/div>\n\t\t\t\t\t<\/div>\n\t\t<\/div>\n\t\t\t\t\t<\/div>\n\t\t<\/section>\n\t\t\t\t<section class=\"elementor-section elementor-top-section elementor-element elementor-element-45dc340 elementor-section-boxed elementor-section-height-default elementor-section-height-default\" data-id=\"45dc340\" data-element_type=\"section\">\n\t\t\t\t\t\t<div class=\"elementor-container elementor-column-gap-default\">\n\t\t\t\t\t<div class=\"elementor-column elementor-col-50 elementor-top-column elementor-element elementor-element-9f23646\" data-id=\"9f23646\" data-element_type=\"column\">\n\t\t\t<div class=\"elementor-widget-wrap elementor-element-populated\">\n\t\t\t\t\t\t<div class=\"elementor-element elementor-element-9352dee elementor-widget elementor-widget-image\" data-id=\"9352dee\" data-element_type=\"widget\" data-widget_type=\"image.default\">\n\t\t\t\t<div class=\"elementor-widget-container\">\n\t\t\t\t\t\t\t\t\t\t\t\t\t\t\t<img fetchpriority=\"high\" decoding=\"async\" width=\"1024\" height=\"915\" src=\"https:\/\/clinic.carepoi.com\/wp-content\/uploads\/2024\/08\/freelancer-doctors.webp\" class=\"attachment-large size-large wp-image-24671\" alt=\"\" srcset=\"https:\/\/clinic.carepoi.com\/wp-content\/uploads\/2024\/08\/freelancer-doctors.webp 1024w, https:\/\/clinic.carepoi.com\/wp-content\/uploads\/2024\/08\/freelancer-doctors-300x268.webp 300w, https:\/\/clinic.carepoi.com\/wp-content\/uploads\/2024\/08\/freelancer-doctors-768x686.webp 768w\" sizes=\"(max-width: 1024px) 100vw, 1024px\" \/>\t\t\t\t\t\t\t\t\t\t\t\t\t\t\t<\/div>\n\t\t\t\t<\/div>\n\t\t\t\t\t<\/div>\n\t\t<\/div>\n\t\t\t\t<div class=\"elementor-column elementor-col-50 elementor-top-column elementor-element elementor-element-3252470\" data-id=\"3252470\" data-element_type=\"column\">\n\t\t\t<div class=\"elementor-widget-wrap elementor-element-populated\">\n\t\t\t\t\t\t<div class=\"elementor-element elementor-element-de0d1a6 elementor-widget elementor-widget-text-editor\" data-id=\"de0d1a6\" data-element_type=\"widget\" data-widget_type=\"text-editor.default\">\n\t\t\t\t<div class=\"elementor-widget-container\">\n\t\t\t\t\t\t\t\t\t<p>Wenn Sie ein Produkt oder eine Dienstleistung kaufen, erwarten Sie klare Informationen dar\u00fcber, was Sie kaufen, insbesondere den Preis. Dies erm\u00f6glicht es dem Verbraucher, Preise zu vergleichen. Leider ist dies im medizinischen Bereich nicht die Norm. Es gibt eine wachsende Bewegung in der medizinischen Gemeinschaft, dies zu \u00e4ndern.   <\/p><p><b>Es ist wie der Besuch eines Ladens vor Ort <\/b>und die M\u00f6glichkeit, die Preise verschiedener Markenprodukte zu sehen. Dann gehen Sie zur Kasse und zahlen f\u00fcr das Produkt, eine Geb\u00fchr f\u00fcr den Einkaufswagen und eine kleine Einrichtungsgeb\u00fchr f\u00fcr den blo\u00dfen Aufenthalt im Gesch\u00e4ft. <\/p><p>Dies w\u00e4re nicht nur f\u00fcr jedes Gesch\u00e4ft, sondern \u00fcberall dort v\u00f6llig akzeptabel, wo Sie Waren oder Dienstleistungen kaufen m\u00f6chten.So geht\u2019s<strong>CAREPOI \u2122<\/strong> werke. <strong>CAREPOI \u2122<\/strong> ist eine der wenigen Branchen, in denen ein freier Markt herrscht. <\/p><p><em><strong>In einem freien Markt gibt es keine (oder zumindest nur geringe) staatliche Einmischung und die Geb\u00fchren im Gesundheitswesen richten sich nach Qualit\u00e4t, Wettbewerb und Nachfrage<\/strong><\/em><\/p>\t\t\t\t\t\t\t\t<\/div>\n\t\t\t\t<\/div>\n\t\t\t\t\t<\/div>\n\t\t<\/div>\n\t\t\t\t\t<\/div>\n\t\t<\/section>\n\t\t\t\t<section class=\"elementor-section elementor-top-section elementor-element elementor-element-391f620 elementor-section-boxed elementor-section-height-default elementor-section-height-default\" data-id=\"391f620\" data-element_type=\"section\">\n\t\t\t\t\t\t<div class=\"elementor-container elementor-column-gap-default\">\n\t\t\t\t\t<div class=\"elementor-column elementor-col-50 elementor-top-column elementor-element elementor-element-b7875ec\" data-id=\"b7875ec\" data-element_type=\"column\">\n\t\t\t<div class=\"elementor-widget-wrap elementor-element-populated\">\n\t\t\t\t\t\t<div class=\"elementor-element elementor-element-747c776 elementor-widget elementor-widget-text-editor\" data-id=\"747c776\" data-element_type=\"widget\" data-widget_type=\"text-editor.default\">\n\t\t\t\t<div class=\"elementor-widget-container\">\n\t\t\t\t\t\t\t\t\t<p>Ins <strong>CAREPOI \u2122<\/strong>, die tats\u00e4chlichen Kosten zu verstehen und Preise festzulegen ist \u00e4u\u00dferst einfach. Um die Dinge besser und transparenter zu machen, k\u00f6nnen Benutzer die Preise einsehen, bevor sie sich f\u00fcr Behandlungen oder Termine entscheiden. <\/p><p>Die Patienten entscheiden allein \u00fcber die von ihnen gew\u00e4hlte Dienstleistung auf Grundlage aller verf\u00fcgbaren Optionen (Preis und Qualit\u00e4tsmerkmale), was einen starken Anreiz f\u00fcr die B\u00fcrger darstellt. Es gibt ein klares Preissystem mit einfachen Marktregeln, sodass es weder zu Verwirrungen, Ausnahmen noch zu Verlusten kommt. <\/p><p><strong>Wie also sieht ein gesundheitspolitisches System auf der Grundlage freier Marktwirtschaft aus?<\/strong><\/p>\t\t\t\t\t\t\t\t<\/div>\n\t\t\t\t<\/div>\n\t\t\t\t\t<\/div>\n\t\t<\/div>\n\t\t\t\t<div class=\"elementor-column elementor-col-50 elementor-top-column elementor-element elementor-element-f042d9f\" data-id=\"f042d9f\" data-element_type=\"column\">\n\t\t\t<div class=\"elementor-widget-wrap elementor-element-populated\">\n\t\t\t\t\t\t<div class=\"elementor-element elementor-element-0d33a83 elementor-widget elementor-widget-image\" data-id=\"0d33a83\" data-element_type=\"widget\" data-widget_type=\"image.default\">\n\t\t\t\t<div class=\"elementor-widget-container\">\n\t\t\t\t\t\t\t\t\t\t\t\t\t\t\t<img decoding=\"async\" width=\"650\" height=\"443\" src=\"https:\/\/clinic.carepoi.com\/wp-content\/uploads\/2024\/08\/doct-tablet.jpg\" class=\"attachment-large size-large wp-image-24536\" alt=\"\" srcset=\"https:\/\/clinic.carepoi.com\/wp-content\/uploads\/2024\/08\/doct-tablet.jpg 650w, https:\/\/clinic.carepoi.com\/wp-content\/uploads\/2024\/08\/doct-tablet-300x204.jpg 300w\" sizes=\"(max-width: 650px) 100vw, 650px\" \/>\t\t\t\t\t\t\t\t\t\t\t\t\t\t\t<\/div>\n\t\t\t\t<\/div>\n\t\t\t\t\t<\/div>\n\t\t<\/div>\n\t\t\t\t\t<\/div>\n\t\t<\/section>\n\t\t\t\t<section class=\"elementor-section elementor-top-section elementor-element elementor-element-263b63a elementor-section-boxed elementor-section-height-default elementor-section-height-default\" data-id=\"263b63a\" data-element_type=\"section\">\n\t\t\t\t\t\t<div class=\"elementor-container elementor-column-gap-default\">\n\t\t\t\t\t<div class=\"elementor-column elementor-col-50 elementor-top-column elementor-element elementor-element-0333155\" data-id=\"0333155\" data-element_type=\"column\">\n\t\t\t<div class=\"elementor-widget-wrap elementor-element-populated\">\n\t\t\t\t\t\t<div class=\"elementor-element elementor-element-04bd117 elementor-widget elementor-widget-image\" data-id=\"04bd117\" data-element_type=\"widget\" data-widget_type=\"image.default\">\n\t\t\t\t<div class=\"elementor-widget-container\">\n\t\t\t\t\t\t\t\t\t\t\t\t\t\t\t<img decoding=\"async\" width=\"887\" height=\"1024\" src=\"https:\/\/clinic.carepoi.com\/wp-content\/uploads\/2024\/08\/Folder_DOCTORSHELLO_A4_vers_gr9-887x1024.png\" class=\"attachment-large size-large wp-image-24670\" alt=\"\" srcset=\"https:\/\/clinic.carepoi.com\/wp-content\/uploads\/2024\/08\/Folder_DOCTORSHELLO_A4_vers_gr9-887x1024.png 887w, https:\/\/clinic.carepoi.com\/wp-content\/uploads\/2024\/08\/Folder_DOCTORSHELLO_A4_vers_gr9-260x300.png 260w, https:\/\/clinic.carepoi.com\/wp-content\/uploads\/2024\/08\/Folder_DOCTORSHELLO_A4_vers_gr9-768x886.png 768w, https:\/\/clinic.carepoi.com\/wp-content\/uploads\/2024\/08\/Folder_DOCTORSHELLO_A4_vers_gr9-1331x1536.png 1331w, https:\/\/clinic.carepoi.com\/wp-content\/uploads\/2024\/08\/Folder_DOCTORSHELLO_A4_vers_gr9-1775x2048.png 1775w, https:\/\/clinic.carepoi.com\/wp-content\/uploads\/2024\/08\/Folder_DOCTORSHELLO_A4_vers_gr9-1320x1523.png 1320w, https:\/\/clinic.carepoi.com\/wp-content\/uploads\/2024\/08\/Folder_DOCTORSHELLO_A4_vers_gr9.png 1891w\" sizes=\"(max-width: 887px) 100vw, 887px\" \/>\t\t\t\t\t\t\t\t\t\t\t\t\t\t\t<\/div>\n\t\t\t\t<\/div>\n\t\t\t\t\t<\/div>\n\t\t<\/div>\n\t\t\t\t<div class=\"elementor-column elementor-col-50 elementor-top-column elementor-element elementor-element-e096236\" data-id=\"e096236\" data-element_type=\"column\">\n\t\t\t<div class=\"elementor-widget-wrap elementor-element-populated\">\n\t\t\t\t\t\t<div class=\"elementor-element elementor-element-e87ec99 elementor-widget elementor-widget-text-editor\" data-id=\"e87ec99\" data-element_type=\"widget\" data-widget_type=\"text-editor.default\">\n\t\t\t\t<div class=\"elementor-widget-container\">\n\t\t\t\t\t\t\t\t\t<p>Ein Gesundheitsversorgungssystem des freien Marktes hat \u00c4rzte und andere Gesundheitsdienstleister, die offen Preise anzeigen und Ergebnisdaten teilen, sodass die Patienten eine Behandlung basierend auf dem Wert erhalten k\u00f6nnen, den sie erhalten.<\/p><p>Im Gesundheitswesen wird Wert definiert als die Verbesserung der Ergebnisse f\u00fcr einen Patienten (gemeinhin als Qualit\u00e4t bezeichnet) im Vergleich zu den Kosten, die der Patient bezahlt hat. Die Kenntnis dieser beiden Schl\u00fcsselinformationen w\u00fcrde Wettbewerb schaffen und es den Patienten erm\u00f6glichen, mehr Kontrolle \u00fcber ihre Gesundheitserfahrungen zur\u00fcckzugewinnen, sofern die Gesellschaft einen Weg findet, den Patienten zu einem engagierten Leistungsempf\u00e4nger zu machen. Dies geschieht in einigen Bereichen des Gesundheitswesens bereits.  <\/p><p><strong>Es gibt eine alternative Option, und CAREPOI ist bereits auf dem Weg dorthin: Preistransparenz.<\/strong><\/p><p>Dieser einfache Schritt, die Preise (sowohl den Chargemaster-Preis als auch den ausgehandelten Tarif) im Voraus offenzulegen, st\u00e4rkt nicht nur die Patienten, sondern schafft auch einen Anreiz f\u00fcr \u00c4rzte, Krankenh\u00e4user und andere medizinische Dienstleister, preislich wettbewerbsf\u00e4hig zu sein und gleichzeitig ihre Qualit\u00e4t zu verbessern. Dies w\u00fcrde auch ans Licht bringen, wer die wirklich guten Anbieter und Telemedizin-Knotenpunkte sind, da nat\u00fcrliche Marktkr\u00e4fte die Patienten zu den qualitativ hochwertigsten Anbietern mit den fairsten Preisen lenken w\u00fcrden. <\/p><p>Ob dies zu einem Gesundheitswesen mit freier Marktwirtschaft oder einer einfacheren, kosteng\u00fcnstigeren Version unseres aktuellen Systems f\u00fchrt, wir sind uns alle einig, dass eine transparentere und kosteng\u00fcnstigere Gesundheitsversorgung eine gro\u00dfartige Sache w\u00e4re.<\/p>\t\t\t\t\t\t\t\t<\/div>\n\t\t\t\t<\/div>\n\t\t\t\t\t<\/div>\n\t\t<\/div>\n\t\t\t\t\t<\/div>\n\t\t<\/section>\n\t\t\t\t<\/div>\n\t\t","protected":false},"excerpt":{"rendered":"<p>&#8220;Freie Markt&#8221; Dienstleistungen . Wenn Sie ein Produkt oder eine Dienstleistung kaufen, erwarten Sie klare Informationen dar\u00fcber, was Sie kaufen, insbesondere den Preis. Dies erm\u00f6glicht es dem Verbraucher, Preise zu vergleichen. Leider ist dies im medizinischen Bereich nicht die Norm. Es gibt eine wachsende Bewegung in der medizinischen Gemeinschaft, dies zu \u00e4ndern. Es ist wie &#8230;<\/p>\n","protected":false},"author":1,"featured_media":0,"parent":0,"menu_order":0,"comment_status":"closed","ping_status":"closed","template":"","meta":{"_jf_save_progress":"","_jet_sm_ready_style":"","_jet_sm_style":"","_jet_sm_controls_values":"","_jet_sm_fonts_collection":"","_jet_sm_fonts_links":"","footnotes":""},"class_list":["post-24535","page","type-page","status-publish","hentry"],"_links":{"self":[{"href":"https:\/\/clinic.carepoi.com\/de\/wp-json\/wp\/v2\/pages\/24535","targetHints":{"allow":["GET"]}}],"collection":[{"href":"https:\/\/clinic.carepoi.com\/de\/wp-json\/wp\/v2\/pages"}],"about":[{"href":"https:\/\/clinic.carepoi.com\/de\/wp-json\/wp\/v2\/types\/page"}],"author":[{"embeddable":true,"href":"https:\/\/clinic.carepoi.com\/de\/wp-json\/wp\/v2\/users\/1"}],"replies":[{"embeddable":true,"href":"https:\/\/clinic.carepoi.com\/de\/wp-json\/wp\/v2\/comments?post=24535"}],"version-history":[{"count":6,"href":"https:\/\/clinic.carepoi.com\/de\/wp-json\/wp\/v2\/pages\/24535\/revisions"}],"predecessor-version":[{"id":26214,"href":"https:\/\/clinic.carepoi.com\/de\/wp-json\/wp\/v2\/pages\/24535\/revisions\/26214"}],"wp:attachment":[{"href":"https:\/\/clinic.carepoi.com\/de\/wp-json\/wp\/v2\/media?parent=24535"}],"curies":[{"name":"wp","href":"https:\/\/api.w.org\/{rel}","templated":true}]}}