{"id":24562,"date":"2024-08-23T15:08:53","date_gmt":"2024-08-23T13:08:53","guid":{"rendered":"https:\/\/clinic.carepoi.com\/krankenhaeuser-kliniken\/"},"modified":"2024-11-12T13:29:34","modified_gmt":"2024-11-12T11:29:34","slug":"krankenhaeuser-kliniken","status":"publish","type":"page","link":"https:\/\/clinic.carepoi.com\/de\/krankenhaeuser-kliniken\/","title":{"rendered":"Krankenh\u00e4user &#8211; Kliniken"},"content":{"rendered":"\t\t<div data-elementor-type=\"wp-page\" data-elementor-id=\"24562\" class=\"elementor elementor-24562 elementor-23021\">\n\t\t\t\t\t\t<section class=\"elementor-section elementor-top-section elementor-element elementor-element-44cbd96 elementor-section-boxed elementor-section-height-default elementor-section-height-default\" data-id=\"44cbd96\" data-element_type=\"section\">\n\t\t\t\t\t\t<div class=\"elementor-container elementor-column-gap-default\">\n\t\t\t\t\t<div class=\"elementor-column elementor-col-100 elementor-top-column elementor-element elementor-element-98e7db2\" data-id=\"98e7db2\" data-element_type=\"column\">\n\t\t\t<div class=\"elementor-widget-wrap elementor-element-populated\">\n\t\t\t\t\t\t<div class=\"elementor-element elementor-element-540a21b elementor-widget elementor-widget-html\" data-id=\"540a21b\" data-element_type=\"widget\" data-widget_type=\"html.default\">\n\t\t\t\t<div class=\"elementor-widget-container\">\n\t\t\t\t\t<h1 style=\"  font-size: 56pt; line-height: 65px; font-weight: 700; font-family: 'Roboto';  \">Ambulante \u00dcberwachung<span style=\"color: #ff6600; font-size: 96pt;\">.<\/span><\/h1>\t\t\t\t<\/div>\n\t\t\t\t<\/div>\n\t\t\t\t\t<\/div>\n\t\t<\/div>\n\t\t\t\t\t<\/div>\n\t\t<\/section>\n\t\t\t\t<section class=\"elementor-section elementor-top-section elementor-element elementor-element-86c0640 elementor-section-boxed elementor-section-height-default elementor-section-height-default\" data-id=\"86c0640\" data-element_type=\"section\">\n\t\t\t\t\t\t<div class=\"elementor-container elementor-column-gap-default\">\n\t\t\t\t\t<div class=\"elementor-column elementor-col-50 elementor-top-column elementor-element elementor-element-e8c8852\" data-id=\"e8c8852\" data-element_type=\"column\">\n\t\t\t<div class=\"elementor-widget-wrap\">\n\t\t\t\t\t\t\t<\/div>\n\t\t<\/div>\n\t\t\t\t<div class=\"elementor-column elementor-col-50 elementor-top-column elementor-element elementor-element-20b733d\" data-id=\"20b733d\" data-element_type=\"column\">\n\t\t\t<div class=\"elementor-widget-wrap elementor-element-populated\">\n\t\t\t\t\t\t<div class=\"elementor-element elementor-element-eb5cfd1 elementor-widget elementor-widget-text-editor\" data-id=\"eb5cfd1\" data-element_type=\"widget\" data-widget_type=\"text-editor.default\">\n\t\t\t\t<div class=\"elementor-widget-container\">\n\t\t\t\t\t\t\t\t\t<p>Gro\u00dfe Krankenhaussysteme verwenden m\u00f6glicherweise <strong>CAREPOI<\/strong> f\u00fcr viele Dienste wie etwa die Grundversorgung, psychiatrische Versorgung, Behandlung chronischer Krankheiten und Fern\u00fcberwachung von Patienten.<\/p>\n<p><strong>Einige Beispiele sind Kardiologen, die CAREPOI <\/strong>um die Herzgesundheit von Patienten nach Herzinfarkten zu \u00fcberwachen, oder um Hauterkrankungen beim Dermatologen zu behandeln, ohne dass Praxisbesuche erforderlich sind.<\/p>\n<p>Dies sind nur einige Beispiele aus der Praxis. Im Folgenden finden Sie konkrete Beispiele daf\u00fcr, wie Telemedizin die Patientenversorgung f\u00fcr Gesundheitsdienstleister verbessert:<\/p>\n<ol>\n<li><strong>Weniger Besuche in der Praxis. <\/strong>Mehr Patienten pro Tag. In vielen F\u00e4llen ziehen die Patienten dies auch pers\u00f6nlichen Besuchen vor. <\/li>\n<li><strong>Pflegekontinuit\u00e4t. <\/strong>CAREPOI gibt Patienten von jedem Ort aus, an dem eine Internetverbindung besteht, Zugriff auf Pflege- und Gesundheitsdaten. Dies erm\u00f6glicht eine Fern\u00fcberwachung der Patienten, zeitnahe Eingriffe, eine st\u00e4rkere Einbindung in die Pflege und eine verbesserte Pflegekontinuit\u00e4t. <\/li>\n<li><strong>Verbessern Sie die Interoperabilit\u00e4t elektronischer Gesundheitsakten (EHRs). <\/strong>CAREPOI unterst\u00fctzt EHR und erm\u00f6glicht verbesserte Arbeitsabl\u00e4ufe und einen nahtlosen Zugriff auf Patientenakten verschiedener Anbieter.<\/li>\n<li><strong>Erh\u00f6hen Sie den Zugang und beseitigen Sie Barrieren. <\/strong>CAREPOI erm\u00f6glicht Ihnen und anderen Spezialisten die Zusammenarbeit bei der Behandlung von Patienten in unterversorgten Gebieten, f\u00fcr die es oft schwierig ist, pers\u00f6nliche Besuche zu machen. Beispielsweise k\u00f6nnen ein Allgemeinmediziner und ein Physiotherapeut \u00fcber CAREPOI zusammenarbeiten, um einen koordinierten Behandlungsplan f\u00fcr einen Patienten in einer l\u00e4ndlichen Gegend zu entwickeln. <\/li>\n<li><strong>Medikamente verschreiben.<\/strong> CAREPOI kann Patienten Medikamente elektronisch verschreiben, wodurch Papierrezepte \u00fcberfl\u00fcssig werden.<\/li>\n<li><strong>Verhindert m\u00f6glicherweise erneute Krankenhauseinweisungen.<\/strong> Der bequeme Echtzeit-Zugriff auf Ihre Patienten \u00fcber Telemedizin kann die Compliance erh\u00f6hen. \u00c4rzte sind der Meinung, dass CAREPOI ihnen eine effektivere Behandlung erm\u00f6glicht und die Zahl der Notaufnahmebesuche von Patienten verringert. <\/li>\n<li><strong>Einfache Arbeitsabl\u00e4ufe. <\/strong>CAREPOI l\u00e4sst sich nahtlos in jedes andere EHR-System integrieren.<\/li>\n<\/ol>\n\t\t\t\t\t\t\t\t<\/div>\n\t\t\t\t<\/div>\n\t\t\t\t\t<\/div>\n\t\t<\/div>\n\t\t\t\t\t<\/div>\n\t\t<\/section>\n\t\t\t\t<section class=\"elementor-section elementor-top-section elementor-element elementor-element-05498ec elementor-section-boxed elementor-section-height-default elementor-section-height-default\" data-id=\"05498ec\" data-element_type=\"section\">\n\t\t\t\t\t\t<div class=\"elementor-container elementor-column-gap-default\">\n\t\t\t\t\t<div class=\"elementor-column elementor-col-50 elementor-top-column elementor-element elementor-element-1323ed2\" data-id=\"1323ed2\" data-element_type=\"column\">\n\t\t\t<div class=\"elementor-widget-wrap elementor-element-populated\">\n\t\t\t\t\t\t<div class=\"elementor-element elementor-element-d129692 elementor-widget elementor-widget-text-editor\" data-id=\"d129692\" data-element_type=\"widget\" data-widget_type=\"text-editor.default\">\n\t\t\t\t<div class=\"elementor-widget-container\">\n\t\t\t\t\t\t\t\t\t<p>Angesichts beispielloser Ver\u00e4nderungen in der Gesundheitsversorgung, <strong>CAREPOI<\/strong> erm\u00f6glicht es privaten Gesundheitsdienstleistern, an der Spitze des Fortschritts zu bleiben und sicherzustellen, dass sie umfassend darauf vorbereitet sind, ihren Gemeinden eine fortschrittliche, patientenorientierte Versorgung zu bieten. Auf den folgenden Seiten werden wir untersuchen, wie CAREPOI Ihre Praxis bereichern, die Patientenergebnisse verbessern und Ihren Ruf als f\u00fchrendes Unternehmen im Gesundheitswesen st\u00e4rken kann. <\/p>\n\t\t\t\t\t\t\t\t<\/div>\n\t\t\t\t<\/div>\n\t\t\t\t\t<\/div>\n\t\t<\/div>\n\t\t\t\t<div class=\"elementor-column elementor-col-50 elementor-top-column elementor-element elementor-element-34a9520\" data-id=\"34a9520\" data-element_type=\"column\">\n\t\t\t<div class=\"elementor-widget-wrap elementor-element-populated\">\n\t\t\t\t\t\t<div class=\"elementor-element elementor-element-5d2c867 elementor-widget__width-initial elementor-invisible elementor-widget elementor-widget-image\" data-id=\"5d2c867\" data-element_type=\"widget\" data-settings=\"{&quot;_animation&quot;:&quot;fadeInDown&quot;}\" data-widget_type=\"image.default\">\n\t\t\t\t<div class=\"elementor-widget-container\">\n\t\t\t\t\t\t\t\t\t\t\t\t\t\t\t<img fetchpriority=\"high\" decoding=\"async\" width=\"1024\" height=\"683\" src=\"https:\/\/clinic.carepoi.com\/wp-content\/uploads\/2024\/08\/Telemedicine_outpatients_clinic-1024x683.png\" class=\"attachment-large size-large wp-image-24564\" alt=\"\" srcset=\"https:\/\/clinic.carepoi.com\/wp-content\/uploads\/2024\/08\/Telemedicine_outpatients_clinic-1024x683.png 1024w, https:\/\/clinic.carepoi.com\/wp-content\/uploads\/2024\/08\/Telemedicine_outpatients_clinic-300x200.png 300w, https:\/\/clinic.carepoi.com\/wp-content\/uploads\/2024\/08\/Telemedicine_outpatients_clinic-768x512.png 768w, https:\/\/clinic.carepoi.com\/wp-content\/uploads\/2024\/08\/Telemedicine_outpatients_clinic.png 1269w\" sizes=\"(max-width: 1024px) 100vw, 1024px\" \/>\t\t\t\t\t\t\t\t\t\t\t\t\t\t\t<\/div>\n\t\t\t\t<\/div>\n\t\t\t\t\t<\/div>\n\t\t<\/div>\n\t\t\t\t\t<\/div>\n\t\t<\/section>\n\t\t\t\t<section class=\"elementor-section elementor-top-section elementor-element elementor-element-b7aa737 elementor-section-boxed elementor-section-height-default elementor-section-height-default\" data-id=\"b7aa737\" data-element_type=\"section\">\n\t\t\t\t\t\t<div class=\"elementor-container elementor-column-gap-default\">\n\t\t\t\t\t<div class=\"elementor-column elementor-col-100 elementor-top-column elementor-element elementor-element-bda1683\" data-id=\"bda1683\" data-element_type=\"column\">\n\t\t\t<div class=\"elementor-widget-wrap elementor-element-populated\">\n\t\t\t\t\t\t<div class=\"elementor-element elementor-element-49a2f8c elementor-invisible elementor-widget elementor-widget-html\" data-id=\"49a2f8c\" data-element_type=\"widget\" data-settings=\"{&quot;_animation&quot;:&quot;fadeInDown&quot;}\" data-widget_type=\"html.default\">\n\t\t\t\t<div class=\"elementor-widget-container\">\n\t\t\t\t\t<p style=\"  font-size: 50pt; font-weight: 700;  \">Wettbewerbsvorteil<span style=\"color: #ff6600; font-size: 96pt;\">.<\/span><\/p>\t\t\t\t<\/div>\n\t\t\t\t<\/div>\n\t\t\t\t\t<\/div>\n\t\t<\/div>\n\t\t\t\t\t<\/div>\n\t\t<\/section>\n\t\t\t\t<section class=\"elementor-section elementor-top-section elementor-element elementor-element-6e92ff3 elementor-section-boxed elementor-section-height-default elementor-section-height-default\" data-id=\"6e92ff3\" data-element_type=\"section\">\n\t\t\t\t\t\t<div class=\"elementor-container elementor-column-gap-default\">\n\t\t\t\t\t<div class=\"elementor-column elementor-col-50 elementor-top-column elementor-element elementor-element-7f65940\" data-id=\"7f65940\" data-element_type=\"column\">\n\t\t\t<div class=\"elementor-widget-wrap elementor-element-populated\">\n\t\t\t\t\t\t<div class=\"elementor-element elementor-element-b42abe8 elementor-invisible elementor-widget elementor-widget-image\" data-id=\"b42abe8\" data-element_type=\"widget\" data-settings=\"{&quot;_animation&quot;:&quot;fadeInDown&quot;}\" data-widget_type=\"image.default\">\n\t\t\t\t<div class=\"elementor-widget-container\">\n\t\t\t\t\t\t\t\t\t\t\t\t\t\t\t<img decoding=\"async\" width=\"1024\" height=\"529\" src=\"https:\/\/clinic.carepoi.com\/wp-content\/uploads\/2024\/08\/hospital-edge-1024x529.jpg\" class=\"attachment-large size-large wp-image-24565\" alt=\"\" srcset=\"https:\/\/clinic.carepoi.com\/wp-content\/uploads\/2024\/08\/hospital-edge-1024x529.jpg 1024w, https:\/\/clinic.carepoi.com\/wp-content\/uploads\/2024\/08\/hospital-edge-300x155.jpg 300w, https:\/\/clinic.carepoi.com\/wp-content\/uploads\/2024\/08\/hospital-edge-768x397.jpg 768w, https:\/\/clinic.carepoi.com\/wp-content\/uploads\/2024\/08\/hospital-edge.jpg 1253w\" sizes=\"(max-width: 1024px) 100vw, 1024px\" \/>\t\t\t\t\t\t\t\t\t\t\t\t\t\t\t<\/div>\n\t\t\t\t<\/div>\n\t\t\t\t\t<\/div>\n\t\t<\/div>\n\t\t\t\t<div class=\"elementor-column elementor-col-50 elementor-top-column elementor-element elementor-element-f6ef0cd\" data-id=\"f6ef0cd\" data-element_type=\"column\">\n\t\t\t<div class=\"elementor-widget-wrap elementor-element-populated\">\n\t\t\t\t\t\t<div class=\"elementor-element elementor-element-d5b54bb elementor-widget elementor-widget-text-editor\" data-id=\"d5b54bb\" data-element_type=\"widget\" data-widget_type=\"text-editor.default\">\n\t\t\t\t<div class=\"elementor-widget-container\">\n\t\t\t\t\t\t\t\t\t<h2><strong> <\/strong><\/h2>\n<p>\u201eKliniken k\u00f6nnen unsere Plattform nutzen, um sich als zukunftsorientierte, patientenorientierte Einrichtungen zu positionieren, die mehr Patienten anziehen und sich von der Konkurrenz abheben k\u00f6nnen.\u201c<\/p>\n\t\t\t\t\t\t\t\t<\/div>\n\t\t\t\t<\/div>\n\t\t\t\t\t<\/div>\n\t\t<\/div>\n\t\t\t\t\t<\/div>\n\t\t<\/section>\n\t\t\t\t<section class=\"elementor-section elementor-top-section elementor-element elementor-element-3d07841 elementor-section-boxed elementor-section-height-default elementor-section-height-default\" data-id=\"3d07841\" data-element_type=\"section\">\n\t\t\t\t\t\t<div class=\"elementor-container elementor-column-gap-default\">\n\t\t\t\t\t<div class=\"elementor-column elementor-col-100 elementor-top-column elementor-element elementor-element-12b9570\" data-id=\"12b9570\" data-element_type=\"column\">\n\t\t\t<div class=\"elementor-widget-wrap\">\n\t\t\t\t\t\t\t<\/div>\n\t\t<\/div>\n\t\t\t\t\t<\/div>\n\t\t<\/section>\n\t\t\t\t<section class=\"elementor-section elementor-top-section elementor-element elementor-element-55d3dfc elementor-section-boxed elementor-section-height-default elementor-section-height-default\" data-id=\"55d3dfc\" data-element_type=\"section\">\n\t\t\t\t\t\t<div class=\"elementor-container elementor-column-gap-default\">\n\t\t\t\t\t<div class=\"elementor-column elementor-col-100 elementor-top-column elementor-element elementor-element-98f99af\" data-id=\"98f99af\" data-element_type=\"column\">\n\t\t\t<div class=\"elementor-widget-wrap elementor-element-populated\">\n\t\t\t\t\t\t<div class=\"elementor-element elementor-element-0b9fbeb elementor-widget elementor-widget-text-editor\" data-id=\"0b9fbeb\" data-element_type=\"widget\" data-widget_type=\"text-editor.default\">\n\t\t\t\t<div class=\"elementor-widget-container\">\n\t\t\t\t\t\t\t\t\t<p><span class=\"HwtZe\" lang=\"en\"><span class=\"jCAhz ChMk0b\"><span class=\"ryNqvb\">CarePOI ist ein innovatives Gesundheitssystem, das die Art und Weise revolutioniert, wie Gesundheitsorganisationen miteinander in Verbindung stehen, zusammenarbeiten und medizinische Leistungen erbringen.<\/span><\/span> <span class=\"jCAhz ChMk0b\"><span class=\"ryNqvb\">Unser System integriert eine breite Palette von Gesundheitsdiensten, darunter:<\/span><\/span><\/span><\/p>\n<ul>\n<li><span class=\"HwtZe\" lang=\"en\"><span class=\"jCAhz ChMk0b\"><span class=\"ryNqvb\">Fern\u00fcberwachung von Patienten zum Screening und zur Nachverfolgung der klinischen Ferndiagnose und Telemetrie,<\/span><\/span><\/span><\/li>\n<li><span class=\"HwtZe\" lang=\"en\"> <span class=\"jCAhz ChMk0b\"><span class=\"ryNqvb\">Beurteilung und Triage von F\u00e4llen innerhalb und au\u00dferhalb von Krankenhausstrukturen <\/span><\/span><\/span><\/li>\n<li><span class=\"HwtZe\" lang=\"en\"><span class=\"jCAhz ChMk0b\"><span class=\"ryNqvb\">Vernetzung innerhalb der Krankenh\u00e4user und <\/span><\/span><span class=\"jCAhz ChMk0b\"><span class=\"ryNqvb\">Patienten\u00fcberwachung sowie Zuweisung und Koordination von Ressourcen f\u00fcr eine effektivere Verwaltung kollaborativer Krankenhausprozesse..<\/span><\/span><\/span><\/li>\n<\/ul>\n<p><em>CarePOI mai <span class=\"HwtZe\" lang=\"en\"><span class=\"jCAhz ChMk0b\"><span class=\"ryNqvb\">ideal f\u00fcr Krankenh\u00e4user, Gesundheitszentren, Krankenwagen, l\u00e4ndliche Kliniken und abgelegene Gebiete, um in diesen Gemeinden eine patientenorientierte Versorgung sicherzustellen..<\/span><\/span><\/span><br \/><\/em><\/p>\n\t\t\t\t\t\t\t\t<\/div>\n\t\t\t\t<\/div>\n\t\t\t\t\t<\/div>\n\t\t<\/div>\n\t\t\t\t\t<\/div>\n\t\t<\/section>\n\t\t\t\t<section class=\"elementor-section elementor-top-section elementor-element elementor-element-9b34831 elementor-section-boxed elementor-section-height-default elementor-section-height-default\" data-id=\"9b34831\" data-element_type=\"section\">\n\t\t\t\t\t\t<div class=\"elementor-container elementor-column-gap-default\">\n\t\t\t\t\t<div class=\"elementor-column elementor-col-100 elementor-top-column elementor-element elementor-element-378ca70\" data-id=\"378ca70\" data-element_type=\"column\">\n\t\t\t<div class=\"elementor-widget-wrap elementor-element-populated\">\n\t\t\t\t\t\t<div class=\"elementor-element elementor-element-6998e99 elementor-widget elementor-widget-text-editor\" data-id=\"6998e99\" data-element_type=\"widget\" data-widget_type=\"text-editor.default\">\n\t\t\t\t<div class=\"elementor-widget-container\">\n\t\t\t\t\t\t\t\t\t<blockquote>\n<h2 style=\"text-align: center;\"><em>Die Tage nach einer Operation sind oft kritisch und erfordern st\u00e4ndige Wachsamkeit, \u00dcberwachung und fachkundige Betreuung. F\u00fcr Kliniken und Krankenh\u00e4user stellt dies eine besondere Herausforderung dar \u2013 die Kosten einer l\u00e4ngeren station\u00e4ren Behandlung k\u00f6nnen erheblich sein, und Patienten sind oft gezwungen, einen Aufenthalt aus finanziellen Gr\u00fcnden vorzeitig zu beenden. <\/em><\/h2>\n<\/blockquote>\t\t\t\t\t\t\t\t<\/div>\n\t\t\t\t<\/div>\n\t\t\t\t\t<\/div>\n\t\t<\/div>\n\t\t\t\t\t<\/div>\n\t\t<\/section>\n\t\t\t\t<section class=\"elementor-section elementor-top-section elementor-element elementor-element-17f1ca8 elementor-section-boxed elementor-section-height-default elementor-section-height-default\" data-id=\"17f1ca8\" data-element_type=\"section\">\n\t\t\t\t\t\t<div class=\"elementor-container elementor-column-gap-default\">\n\t\t\t\t\t<div class=\"elementor-column elementor-col-50 elementor-top-column elementor-element elementor-element-899a8c8\" data-id=\"899a8c8\" data-element_type=\"column\">\n\t\t\t<div class=\"elementor-widget-wrap elementor-element-populated\">\n\t\t\t\t\t\t<div class=\"elementor-element elementor-element-f8a303b elementor-widget__width-initial elementor-widget elementor-widget-text-editor\" data-id=\"f8a303b\" data-element_type=\"widget\" data-widget_type=\"text-editor.default\">\n\t\t\t\t<div class=\"elementor-widget-container\">\n\t\t\t\t\t\t\t\t\t<p><strong>LANGFRISTIGE PATIENTENBEHANDLUNG<\/strong><br \/>Der Begriff Langzeitpflegepatienten umfasst eine vielf\u00e4ltige Gruppe von Menschen mit unterschiedlichen Bed\u00fcrfnissen. Von Diabetikern, die eine kontinuierliche Blutzucker\u00fcberwachung ben\u00f6tigen, bis hin zu Krebspatienten, die sich umfangreichen Behandlungsschemata unterziehen, ist das Spektrum der Langzeitpflege breit. CarePOI erkennt die besonderen Bed\u00fcrfnisse dieser Patientenkategorie und bietet umfassende L\u00f6sungen, um ihre Anforderungen bestm\u00f6glich zu erf\u00fcllen <\/p>\n\t\t\t\t\t\t\t\t<\/div>\n\t\t\t\t<\/div>\n\t\t\t\t\t<\/div>\n\t\t<\/div>\n\t\t\t\t<div class=\"elementor-column elementor-col-50 elementor-top-column elementor-element elementor-element-4744f78\" data-id=\"4744f78\" data-element_type=\"column\">\n\t\t\t<div class=\"elementor-widget-wrap elementor-element-populated\">\n\t\t\t\t\t\t<div class=\"elementor-element elementor-element-c945e08 elementor-widget__width-initial elementor-widget elementor-widget-text-editor\" data-id=\"c945e08\" data-element_type=\"widget\" data-widget_type=\"text-editor.default\">\n\t\t\t\t<div class=\"elementor-widget-container\">\n\t\t\t\t\t\t\t\t\t<p><strong>PATIENTENVERSORGUNG NACH DER CHIRURGIE<br \/><\/strong><\/p>\n<p>In Kliniken und Krankenh\u00e4usern besteht die Herausforderung h\u00e4ufig darin, den Bedarf an l\u00e4ngerer Nachsorge mit den hohen Kosten des Krankenhausaufenthalts in Einklang zu bringen. Dieses Dilemma kann zu vorzeitigen Entlassungen und erh\u00f6hten Risiken f\u00fcr die Patienten f\u00fchren. <\/p>\n\t\t\t\t\t\t\t\t<\/div>\n\t\t\t\t<\/div>\n\t\t\t\t\t<\/div>\n\t\t<\/div>\n\t\t\t\t\t<\/div>\n\t\t<\/section>\n\t\t\t\t<section class=\"elementor-section elementor-top-section elementor-element elementor-element-0350701 elementor-section-boxed elementor-section-height-default elementor-section-height-default\" data-id=\"0350701\" data-element_type=\"section\">\n\t\t\t\t\t\t<div class=\"elementor-container elementor-column-gap-default\">\n\t\t\t\t\t<div class=\"elementor-column elementor-col-100 elementor-top-column elementor-element elementor-element-f9c66c5\" data-id=\"f9c66c5\" data-element_type=\"column\">\n\t\t\t<div class=\"elementor-widget-wrap\">\n\t\t\t\t\t\t\t<\/div>\n\t\t<\/div>\n\t\t\t\t\t<\/div>\n\t\t<\/section>\n\t\t\t\t<section class=\"elementor-section elementor-top-section elementor-element elementor-element-c0bfad6 elementor-section-boxed elementor-section-height-default elementor-section-height-default\" data-id=\"c0bfad6\" data-element_type=\"section\">\n\t\t\t\t\t\t<div class=\"elementor-container elementor-column-gap-default\">\n\t\t\t\t\t<div class=\"elementor-column elementor-col-100 elementor-top-column elementor-element elementor-element-e9b9b38\" data-id=\"e9b9b38\" data-element_type=\"column\">\n\t\t\t<div class=\"elementor-widget-wrap elementor-element-populated\">\n\t\t\t\t\t\t<div class=\"elementor-element elementor-element-acfa182 elementor-widget elementor-widget-text-editor\" data-id=\"acfa182\" data-element_type=\"widget\" data-widget_type=\"text-editor.default\">\n\t\t\t\t<div class=\"elementor-widget-container\">\n\t\t\t\t\t\t\t\t\t<ul>\n<li><strong>Verl\u00e4ngerung der Patientenaufenthalte ohne Mehrkosten:<br \/><\/strong>Normalerweise k\u00f6nnen die meisten Patienten nach einem Eingriff nur 1 bis 3 Tage in der Klinik oder im Krankenhaus bleiben. Nach Ablauf dieser Frist wird die finanzielle Belastung oft unerschwinglich. Genau an diesem Punkt bringt die L\u00f6sung von CarePOI das Krankenhaus zum Patienten nach Hause. Wir stellen die notwendige medizinische Ausr\u00fcstung f\u00fcr die kontinuierliche \u00dcberwachung postoperativer Patienten oder Patienten mit chronischen Krankheiten zur Verf\u00fcgung, ohne dass diese in den Krankenhausstrukturen bleiben m\u00fcssen. Das ist bahnbrechend und die Vorteile sind f\u00fcr alle Beteiligten erheblich.   <\/li>\n<li><strong>St\u00e4rkung von Krankenh\u00e4usern und Kliniken:<\/strong><br \/>Patienten k\u00f6nnen sich zu Hause erholen, w\u00e4hrend ihr Gesundheitszustand weiterhin unter der wachsamen Aufsicht medizinischer Fachkr\u00e4fte steht.<\/li>\n<li><strong>Besseres Management:<\/strong><br \/>With the real-time data provided by the telemedicine and telemetry system, hospitals can effectively manage and monitor the condition of postoperative patients. This not only enhances patient safety, but also leads to better outcomes, reducing complications and the risk of readmission. <\/li>\n<li><strong>Reduzierte Kosten f\u00fcr Krankenhausaufenthalte:<\/strong><br \/>Gesundheitseinrichtungen k\u00f6nnen den Aufwand der station\u00e4ren Behandlung verringern, diese f\u00fcr die Patienten effizienter gestalten und gleichzeitig die Ressourcenzuweisung optimieren.<\/li>\n<\/ul>\n\t\t\t\t\t\t\t\t<\/div>\n\t\t\t\t<\/div>\n\t\t\t\t\t<\/div>\n\t\t<\/div>\n\t\t\t\t\t<\/div>\n\t\t<\/section>\n\t\t\t\t<\/div>\n\t\t","protected":false},"excerpt":{"rendered":"<p>Ambulante \u00dcberwachung. Gro\u00dfe Krankenhaussysteme verwenden m\u00f6glicherweise CAREPOI f\u00fcr viele Dienste wie etwa die Grundversorgung, psychiatrische Versorgung, Behandlung chronischer Krankheiten und Fern\u00fcberwachung von Patienten. Einige Beispiele sind Kardiologen, die CAREPOI um die Herzgesundheit von Patienten nach Herzinfarkten zu \u00fcberwachen, oder um Hauterkrankungen beim Dermatologen zu behandeln, ohne dass Praxisbesuche erforderlich sind. Dies sind nur einige Beispiele &#8230;<\/p>\n","protected":false},"author":3,"featured_media":0,"parent":0,"menu_order":0,"comment_status":"closed","ping_status":"closed","template":"","meta":{"_jf_save_progress":"","_jet_sm_ready_style":"","_jet_sm_style":"","_jet_sm_controls_values":"","_jet_sm_fonts_collection":"","_jet_sm_fonts_links":"","footnotes":""},"class_list":["post-24562","page","type-page","status-publish","hentry"],"_links":{"self":[{"href":"https:\/\/clinic.carepoi.com\/de\/wp-json\/wp\/v2\/pages\/24562","targetHints":{"allow":["GET"]}}],"collection":[{"href":"https:\/\/clinic.carepoi.com\/de\/wp-json\/wp\/v2\/pages"}],"about":[{"href":"https:\/\/clinic.carepoi.com\/de\/wp-json\/wp\/v2\/types\/page"}],"author":[{"embeddable":true,"href":"https:\/\/clinic.carepoi.com\/de\/wp-json\/wp\/v2\/users\/3"}],"replies":[{"embeddable":true,"href":"https:\/\/clinic.carepoi.com\/de\/wp-json\/wp\/v2\/comments?post=24562"}],"version-history":[{"count":2,"href":"https:\/\/clinic.carepoi.com\/de\/wp-json\/wp\/v2\/pages\/24562\/revisions"}],"predecessor-version":[{"id":25506,"href":"https:\/\/clinic.carepoi.com\/de\/wp-json\/wp\/v2\/pages\/24562\/revisions\/25506"}],"wp:attachment":[{"href":"https:\/\/clinic.carepoi.com\/de\/wp-json\/wp\/v2\/media?parent=24562"}],"curies":[{"name":"wp","href":"https:\/\/api.w.org\/{rel}","templated":true}]}}