{"id":24638,"date":"2023-10-14T16:34:57","date_gmt":"2023-10-14T14:34:57","guid":{"rendered":"https:\/\/clinic.carepoi.com\/datenschutzbestimmungen\/"},"modified":"2024-11-12T13:40:33","modified_gmt":"2024-11-12T11:40:33","slug":"datenschutzbestimmungen","status":"publish","type":"page","link":"https:\/\/clinic.carepoi.com\/de\/datenschutzbestimmungen\/","title":{"rendered":"Datenschutzbestimmungen"},"content":{"rendered":"\t\t<div data-elementor-type=\"wp-page\" data-elementor-id=\"24638\" class=\"elementor elementor-24638 elementor-7320\">\n\t\t\t\t\t\t<section class=\"elementor-section elementor-top-section elementor-element elementor-element-2b2821d elementor-section-boxed elementor-section-height-default elementor-section-height-default\" data-id=\"2b2821d\" data-element_type=\"section\">\n\t\t\t\t\t\t<div class=\"elementor-container elementor-column-gap-default\">\n\t\t\t\t\t<div class=\"elementor-column elementor-col-100 elementor-top-column elementor-element elementor-element-744a12e\" data-id=\"744a12e\" data-element_type=\"column\">\n\t\t\t<div class=\"elementor-widget-wrap elementor-element-populated\">\n\t\t\t\t\t\t<div class=\"elementor-element elementor-element-0fafce8 elementor-widget elementor-widget-heading\" data-id=\"0fafce8\" data-element_type=\"widget\" data-widget_type=\"heading.default\">\n\t\t\t\t<div class=\"elementor-widget-container\">\n\t\t\t\t\t<h2 class=\"elementor-heading-title elementor-size-default\"><h1 style=\"font-size: 50pt;font-weight: 700;font-family:Roboto\">Datenschutzrichtlinie<span style=\"color: #ff6600;font-size: 96pt\">.<\/span><\/h1><\/h2>\t\t\t\t<\/div>\n\t\t\t\t<\/div>\n\t\t\t\t\t<\/div>\n\t\t<\/div>\n\t\t\t\t\t<\/div>\n\t\t<\/section>\n\t\t\t\t<section class=\"elementor-section elementor-top-section elementor-element elementor-element-fa62033 elementor-section-boxed elementor-section-height-default elementor-section-height-default\" data-id=\"fa62033\" data-element_type=\"section\">\n\t\t\t\t\t\t<div class=\"elementor-container elementor-column-gap-default\">\n\t\t\t\t\t<div class=\"elementor-column elementor-col-50 elementor-top-column elementor-element elementor-element-7e47c39\" data-id=\"7e47c39\" data-element_type=\"column\">\n\t\t\t<div class=\"elementor-widget-wrap\">\n\t\t\t\t\t\t\t<\/div>\n\t\t<\/div>\n\t\t\t\t<div class=\"elementor-column elementor-col-50 elementor-top-column elementor-element elementor-element-11ad2b0\" data-id=\"11ad2b0\" data-element_type=\"column\">\n\t\t\t<div class=\"elementor-widget-wrap elementor-element-populated\">\n\t\t\t\t\t\t<div class=\"elementor-element elementor-element-d11f5e2 elementor-widget elementor-widget-html\" data-id=\"d11f5e2\" data-element_type=\"widget\" data-widget_type=\"html.default\">\n\t\t\t\t<div class=\"elementor-widget-container\">\n\t\t\t\t\t<div class=\"content-text\"><p><br><\/p><p>&nbsp;<\/p><p><b>CAREPOI ist verpflichtet, Ihre Privatsph\u00e4re zu sch\u00fctzen.<\/b><\/p><p>&nbsp;<\/p><ol><li>Einverst\u00e4ndnis des Benutzers.\nIndem Sie unser System nutzen, stimmen Sie der Verarbeitung Ihrer pers\u00f6nlichen Daten zu, wie sie in dieser Datenschutzrichtlinie jetzt und in der von uns ge\u00e4nderten Fassung beschrieben ist.\n\"Verarbeitung\" bedeutet die Verwendung von Daten, die auf einem Computer\/Handheld-Ger\u00e4t erfasst wurden, oder die Verwendung oder Ber\u00fchrung von Informationen in jeglicher Form, einschlie\u00dflich, aber nicht beschr\u00e4nkt auf das Erfassen, Speichern, L\u00f6schen, Verwenden, Kombinieren und Offenlegen von Informationen, wobei alle diese Aktivit\u00e4ten in Griechenland oder einem anderen Land stattfinden.\nIhre pers\u00f6nlichen Daten k\u00f6nnen in dem Land, in dem sie erhoben wurden, und in anderen L\u00e4ndern verarbeitet werden.   <\/li><li>Ein Hinweis zu Kindern. Wir verwenden das System nicht, um wissentlich Daten von Kindern unter 13 Jahren zu erfragen oder an sie zu vermarkten. Wenn ein Elternteil oder Vormund davon Kenntnis erlangt, dass sein oder ihr Kind uns Informationen ohne deren Zustimmung zur Verf\u00fcgung gestellt hat, sollte er oder sie uns unter info@carepoi.com kontaktieren. Wir werden solche Informationen innerhalb einer angemessenen Frist aus unseren Dateien l\u00f6schen.<\/li><li>Arten von Daten, die wir sammeln.\n\"Personenbezogene Daten\" sind Daten, die es erm\u00f6glichen, die Position einer Person zu identifizieren oder mit Ihnen in Kontakt zu treten, wie z.B. Name, Adresse, Telefonnummer, E-Mail-Adresse, Position sowie alle anderen nicht-\u00f6ffentlichen Informationen, die mit den vorgenannten Daten in Verbindung stehen oder mit ihnen verkn\u00fcpft sind.\n\"Anonyme Daten\" sind Daten, die nicht mit pers\u00f6nlichen Daten in Verbindung stehen oder mit diesen verkn\u00fcpft sind; anonyme Daten lassen f\u00fcr sich genommen keine Identifizierung einzelner Personen zu.\nWir sammeln pers\u00f6nliche Daten und anonyme Daten, wie unten beschrieben.   <\/li><li>Vom Benutzer bereitgestellte Daten.\nDas System erh\u00e4lt Informationen, die Sie bereitstellen, wenn Sie das System herunterladen und registrieren.\nDie Registrierung bei uns ist optional.\nBitte beachten Sie jedoch, dass Sie einige der vom System angebotenen Funktionen m\u00f6glicherweise nur nutzen k\u00f6nnen, wenn Sie sich bei uns registrieren.\nWenn Sie sich bei uns registrieren und\/oder eine Anwendung nutzen, geben Sie im Allgemeinen Folgendes an\n(a) Ihren Namen, Ihre E-Mail-Adresse und andere Registrierungsinformationen;\n(b) Ihr Alter und Ihr Geschlecht;\n(c) Informationen, die Sie uns geben, wenn Sie uns um Hilfe bitten; und\n(d) Informationen, die in unser System eingegeben werden, wenn Sie die Anwendungen nutzen, wie z.B. Ihre Herzfrequenzdaten und gesundheitliche Anomalien (\"vom Benutzer bereitgestellte Daten\").\nWir k\u00f6nnen die Daten, die Sie uns zur Verf\u00fcgung stellen, auch dazu verwenden, Sie von Zeit zu Zeit zu kontaktieren, um Ihnen wichtige Informationen, erforderliche Mitteilungen und Marketingaktionen zukommen zu lassen.         <\/li><li>Automatisch gesammelte Daten.\nDar\u00fcber hinaus kann das System bestimmte Informationen automatisch sammeln, wie z.B. die IP-Adresse Ihres mobilen Ger\u00e4ts und Informationen \u00fcber die Art und Weise, wie Sie die Anwendung nutzen.\nDas System sammelt genaue Informationen \u00fcber den Standort Ihres mobilen Ger\u00e4ts.\nWir k\u00f6nnen auch Cookies und Navigationsdaten wie Uniform Resource Locators (\"URL(s)\") verwenden, um Informationen \u00fcber das Datum und die Uhrzeit Ihres Besuchs sowie \u00fcber die L\u00f6sungen und Informationen, nach denen Sie gesucht und die Sie angesehen haben, zu sammeln.\n\"Cookies\" sind kleine Informationseinheiten, die eine Website an Ihr Smartphone sendet, w\u00e4hrend Sie eine Website besuchen.\nWir k\u00f6nnen sowohl Sitzungs-Cookies (die ablaufen, sobald Sie Ihren Browser schlie\u00dfen) als auch dauerhafte Cookies (die auf Ihrem Smartphone verbleiben, bis Sie sie l\u00f6schen) verwenden, um Ihnen eine pers\u00f6nlichere und interaktivere Erfahrung auf unseren Websites zu bieten.\nWenn Sie sich entscheiden, Cookies zu deaktivieren, funktioniert unser System m\u00f6glicherweise nicht richtig.\nWie die meisten Unternehmen erfassen wir automatisch die oben beschriebenen Informationen (\"automatisch erfasste Daten\") und speichern sie in Protokolldateien, wenn Sie die Anwendungen nutzen.       <\/li><li>Von Social-Networking-Sites gesammelte Informationen.\nUnser System kann pers\u00f6nliche und\/oder anonyme Daten \u00fcber Sie von einer Social-Networking-Site (\"SNS\") in \u00dcbereinstimmung mit den Nutzungsbedingungen und Datenschutzrichtlinien des Drittanbieters einer solchen SNS erfassen, wenn Sie sich mit Ihren Anmeldedaten von der SNS anmelden.\nWir k\u00f6nnen diese Informationen zu den Informationen hinzuf\u00fcgen, die wir bereits von Ihnen gesammelt haben.  <\/li><li>Verwendung Ihrer pers\u00f6nlichen Daten Allgemeine Verwendung. Im Allgemeinen werden die pers\u00f6nlichen Daten, die Sie uns \u00fcbermitteln, verwendet, um auf Ihre Anfragen zu antworten oder um uns zu helfen, Sie besser zu bedienen. Die von TreatMeOut erhobenen Daten werden weder verkauft noch an Dritte weitergegeben oder f\u00fcr Werbezwecke verwendet. Die Art und Weise, wie wir Ihre pers\u00f6nlichen Daten verwenden, umfasst unter anderem:<ul><li>um die Erstellung und Sicherung Ihres Kontos in unserem Netzwerk zu erleichtern;<\/li><li>Sie als Benutzer in unserem System zu identifizieren;<\/li><li>Ihre Position zu bestimmen und eine erste Einsch\u00e4tzung Ihres klinischen Zustands zu erhalten<\/li><li>die Qualit\u00e4t der Erfahrung zu verbessern, wenn Sie unsere Anwendungen nutzen;<\/li><li>Ihnen eine Willkommens-E-Mail schicken, um zu \u00fcberpr\u00fcfen, ob Sie die bei der Erstellung Ihres Kontos angegebene E-Mail-Adresse besitzen;<\/li><li>Ihnen administrative E-Mail-Benachrichtigungen zu senden, wie z.B. Sicherheits- oder Support- und Wartungshinweise; und<\/li><li>zum Versenden von Newslettern, Umfragen, Angeboten und anderen Werbematerialien im Zusammenhang mit unserer Anwendung.<\/li><li>f\u00fcr die Zwecke einer Sitzung oder im Zusammenhang mit einer Nachbehandlung bei einem anderen Arzt oder Gesundheitsdienstleister<\/li><li>um (auf Anfrage) Ihren Krankenversicherer oder Ihre Krankenkasse im Zusammenhang mit der Bearbeitung und Zahlung von Anspr\u00fcchen und anderen Kosten zu informieren.<\/li><li>zur Erbringung von Kundendiensten und zur Durchf\u00fchrung von Qualit\u00e4tspr\u00fcfungen.\nWenn ein solcher Dritter Zugang zu Ihren Daten haben muss, um seine Dienstleistungen zu erbringen, wird DoctorsHello von diesem Dritten eine Vereinbarung verlangen, die den Dritten an die in dieser Mitteilung dargelegten Nutzungs- und Offenlegungsbeschr\u00e4nkungen bindet. <\/li><\/ul><\/li><li>Erstellung von anonymen Daten. Wir k\u00f6nnen aus pers\u00f6nlichen Daten anonyme Datens\u00e4tze erstellen, indem wir Informationen (wie z.B. Ihren Namen) ausschlie\u00dfen, die die Daten f\u00fcr Sie pers\u00f6nlich identifizierbar machen. Wir verwenden diese anonymen Daten, um Anfrage- und Nutzungsmuster zu analysieren, damit wir den Inhalt unserer Anwendungen verbessern k\u00f6nnen. CAREPOI beh\u00e4lt sich das Recht vor, Anonyme Daten f\u00fcr beliebige Zwecke zu verwenden und Anonyme Daten nach eigenem Ermessen an Dritte, einschlie\u00dflich, aber nicht beschr\u00e4nkt auf unsere Forschungspartner, weiterzugeben.<\/li><li>Offenlegung Ihrer pers\u00f6nlichen Daten.\nWir legen Ihre pers\u00f6nlichen Daten wie unten und an anderer Stelle in dieser Datenschutzrichtlinie beschrieben offen. <\/li><li>Drittanbieter von Diensten. Wir k\u00f6nnen Ihre pers\u00f6nlichen Daten an dritte Dienstleister weitergeben, die in unserem Auftrag arbeiten. Diese Drittanbieter-Dienstleister sind verpflichtet, Ihre personenbezogenen Daten nicht zu verwenden, au\u00dfer um die von CAREPOI angeforderten Dienstleistungen bereitzustellen.<\/li><li>Verbundene Unternehmen und Akquisitionen.\nWir k\u00f6nnen einige oder alle Ihrer pers\u00f6nlichen Daten an unsere Muttergesellschaft, Tochtergesellschaften, Joint Ventures oder andere Unternehmen unter gemeinsamer Kontrolle (\"verbundene Unternehmen\") weitergeben; in diesem Fall verpflichten wir unsere verbundenen Unternehmen, diese Datenschutzrichtlinie einzuhalten.\nWenn ein anderes Unternehmen unser Unternehmen, unser Gesch\u00e4ft oder unsere Verm\u00f6genswerte erwirbt, wird dieses Unternehmen die von uns gesammelten pers\u00f6nlichen Daten besitzen und die Rechte und Pflichten in Bezug auf Ihre pers\u00f6nlichen Daten, wie in dieser Datenschutzrichtlinie beschrieben, \u00fcbernehmen.\nIn dem unwahrscheinlichen Fall einer Insolvenz, eines Konkurses oder einer Zwangsverwaltung k\u00f6nnen Ihre pers\u00f6nlichen Daten auch als Gesch\u00e4ftsverm\u00f6gen \u00fcbertragen werden.   <\/li><li>Andere Offenlegungen. Unabh\u00e4ngig von den Entscheidungen, die Sie in Bezug auf Ihre personenbezogenen Daten treffen (wie unten beschrieben), kann CAREPOI personenbezogene Daten offenlegen, wenn es in gutem Glauben glaubt, dass eine solche Offenlegung notwendig ist. (a) in Verbindung mit einer gerichtlichen Untersuchung; (b)um den geltenden Gesetzen zu entsprechen oder auf Vorladungen oder Durchsuchungsbefehle zu reagieren, die an CAREPOI gerichtet sind; (c) zum Schutz oder zur Verteidigung der Rechte oder des Eigentums von CAREPOI oder der Nutzer der Dienste; und\/oder  (d) um Verst\u00f6\u00dfe oder m\u00f6gliche Verst\u00f6\u00dfe gegen das Gesetz, diese Datenschutzrichtlinie oder die geltenden Nutzungsbedingungen zu untersuchen oder zu verhindern.<\/li><li>Datenerfassung durch Dritte. Websites von Dritten. Wenn Sie auf einen Link zu einer anderen Website oder einem anderen Ort klicken, verlassen Sie unser System und gehen zu einer anderen Website, und eine andere Einheit kann pers\u00f6nliche Daten oder anonyme Daten von Ihnen erfassen. Wir haben keine Kontrolle \u00fcber diese externen Websites oder deren Inhalt, \u00fcberpr\u00fcfen sie nicht und k\u00f6nnen nicht f\u00fcr sie verantwortlich sein. Bitte beachten Sie, dass die Bedingungen dieser Datenschutzrichtlinie nicht f\u00fcr diese externen Websites oder Inhalte oder f\u00fcr die Erfassung von Daten gelten, nachdem Sie auf Links zu solchen externen Websites geklickt haben.    <\/li><li>Richtlinie zur Datenspeicherung; Ihre Wahlm\u00f6glichkeiten in Bezug auf Ihre pers\u00f6nlichen Daten. Wir werden die vom Benutzer zur Verf\u00fcgung gestellten Daten so lange aufbewahren, wie Sie das System nutzen, und f\u00fcr eine angemessene Zeit danach. Wenn Sie m\u00f6chten, dass wir die von Ihnen bereitgestellten Nutzerdaten l\u00f6schen, kontaktieren Sie uns bitte unter <span id=\"cloakee40a42be16b0f39ca0a0c1dbec8b0a8\">info@CAREPOI.com<\/span> und wir werden innerhalb einer angemessenen Frist antworten. Bitte beachten Sie, dass einige oder alle vom Nutzer zur Verf\u00fcgung gestellten Daten erforderlich sein k\u00f6nnen, damit die Anwendungen ordnungsgem\u00e4\u00df funktionieren, und dass wir gesetzlich verpflichtet sein k\u00f6nnen, bestimmte Informationen aufzubewahren.<\/li><li>IHRE RECHTE<\/li><\/ol><p>Gem\u00e4\u00df der Allgemeinen Datenschutzverordnung haben Sie eine Reihe von wichtigen Rechten, die Sie kostenlos in Anspruch nehmen k\u00f6nnen.\nZusammengefasst sind dies die Rechte auf: <\/p><ul><li>Zugang zu Ihren pers\u00f6nlichen Daten und zu bestimmten anderen erg\u00e4nzenden Informationen, f\u00fcr die diese Richtlinie bereits ausgelegt ist<\/li><li>von uns zu verlangen, dass wir alle Fehler in den von uns gespeicherten Informationen korrigieren<\/li><li>in bestimmten Situationen die L\u00f6schung der Sie betreffenden personenbezogenen Daten zu verlangen<\/li><li>die Sie betreffenden personenbezogenen Daten, die Sie uns zur Verf\u00fcgung gestellt haben, in einem strukturierten, allgemein gebr\u00e4uchlichen und maschinenlesbaren Format zu erhalten und das Recht zu haben, diese Daten in bestimmten Situationen an einen Dritten weiterzugeben<\/li><li>jederzeit der Verarbeitung Sie betreffender personenbezogener Daten zum Zwecke des Direktmarketings zu widersprechen<\/li><li>Widerspruch gegen automatisierte Entscheidungen einlegen, die rechtliche Auswirkungen auf Sie haben oder Sie in \u00e4hnlicher Weise erheblich beeintr\u00e4chtigen<\/li><li>in bestimmten anderen Situationen der weiteren Verarbeitung Ihrer personenbezogenen Daten durch uns zu widersprechen<\/li><li>unsere Verarbeitung Ihrer personenbezogenen Daten unter bestimmten Umst\u00e4nden einschr\u00e4nken<\/li><li>Schadensersatz f\u00fcr Sch\u00e4den zu verlangen, die durch unsere Verletzung von Datenschutzgesetzen entstanden sind.<\/li><\/ul><p>Weitere Informationen zu jedem dieser Rechte, einschlie\u00dflich der Umst\u00e4nde, unter denen sie gelten, finden Sie in den Leitlinien der https:\/\/eur-lex.europa.eu\/legal-content\/EN\/TXT\/PDF\/?uri=CELEX:02016R0679-20160504&amp;from=EN zu den Rechten des Einzelnen im Rahmen der Allgemeinen Datenschutzverordnung.<\/p><p>&nbsp;<\/p><p>Wenn Sie eines dieser Rechte in Anspruch nehmen m\u00f6chten, wenden Sie sich bitte an uns:<\/p><ul><li>E-Mail, Anruf oder Brief an Uns<\/li><li>\u00fcbermitteln Sie uns gen\u00fcgend Informationen, um Sie zu identifizieren (Name, Registrierungsdaten, Firmenname),<\/li><li>\u00fcberlassen Sie uns einen Nachweis \u00fcber Ihre Identit\u00e4t und Adresse (eine Kopie Ihres F\u00fchrerscheins oder Reisepasses und eine aktuelle Rechnung eines Versorgungsunternehmens oder einer Kreditkarte), und<\/li><li>teilen Sie uns die Informationen mit, auf die sich Ihre Anfrage bezieht<\/li><\/ul><p>WIE SIE SICH BESCHWEREN K\u00d6NNEN<\/p><p>Wir hoffen, dass wir alle Fragen oder Bedenken, die Sie bez\u00fcglich der Verwendung Ihrer Daten haben, kl\u00e4ren k\u00f6nnen.<\/p><p>&nbsp;<\/p><p>Die Allgemeine Datenschutzverordnung gibt Ihnen auch das Recht, eine Beschwerde bei einer Aufsichtsbeh\u00f6rde einzureichen, insbesondere in dem Staat der Europ\u00e4ischen Union (oder des Europ\u00e4ischen Wirtschaftsraums), in dem Sie arbeiten, normalerweise leben oder in dem ein angeblicher Versto\u00df gegen die Datenschutzgesetze stattgefunden hat.<\/p><p>&nbsp;<\/p><ol start=\"16\"><li>Wir bieten Ihnen Wahlm\u00f6glichkeiten hinsichtlich der Erfassung, Verwendung und Weitergabe Ihrer pers\u00f6nlichen Daten.<ul><li>Wir werden Ihnen in regelm\u00e4\u00dfigen Abst\u00e4nden kostenlose Newsletter und E-Mails zusenden, die direkt die Nutzung unseres Systems bewerben.\nWenn Sie Newsletter oder Werbemitteilungen von uns erhalten, k\u00f6nnen Sie angeben, dass Sie keine weiteren Mitteilungen mehr von uns erhalten m\u00f6chten. Sie haben dann die M\u00f6glichkeit, sich abzumelden, indem Sie den Anweisungen zur Abmeldung in der E-Mail folgen, die Sie erhalten, oder indem Sie sich direkt an uns wenden (siehe Kontaktinformationen unten).\nDie Anweisungen zum Abbestellen sind in jeder E-Mail enthalten.  <\/li><li>Trotz der von Ihnen angegebenen E-Mail-Pr\u00e4ferenzen k\u00f6nnen wir Ihnen dienstbezogene Mitteilungen senden, einschlie\u00dflich Mitteilungen \u00fcber Aktualisierungen unserer Datenschutzrichtlinie.<\/li><li>\u00c4nderungen an pers\u00f6nlichen Daten. Sie k\u00f6nnen die L\u00f6schung Ihrer pers\u00f6nlichen Daten bei uns beantragen, indem Sie eine E-Mail an die unten angegebene Adresse senden. Bitte beachten Sie jedoch, dass wir unter Umst\u00e4nden verpflichtet sind, diese Informationen aufzubewahren und nicht zu l\u00f6schen (oder diese Informationen f\u00fcr eine bestimmte Zeit aufzubewahren, in welchem Fall wir Ihrem L\u00f6schantrag erst nachkommen werden, wenn wir diese Anforderungen erf\u00fcllt haben). Wenn wir Informationen l\u00f6schen, werden sie aus der aktiven Datenbank gel\u00f6scht, k\u00f6nnen aber in unseren Archiven verbleiben. Wir k\u00f6nnen Ihre Informationen f\u00fcr Betrugs- oder \u00e4hnliche Zwecke aufbewahren.<ul><li>Sicherheit Ihrer pers\u00f6nlichen Daten. CAREPOI verpflichtet sich, die Sicherheit Ihrer personenbezogenen Daten zu sch\u00fctzen.. Wir verwenden eine Vielzahl von Sicherheitstechnologien und -verfahren, die dem Industriestandard entsprechen, um Ihre pers\u00f6nlichen Daten vor unbefugtem Zugriff, unbefugter Nutzung oder Offenlegung zu sch\u00fctzen. So beschr\u00e4nken wir beispielsweise den Zugriff auf Ihre pers\u00f6nlichen Daten auf Mitarbeiter und Auftragnehmer, die diese Informationen ben\u00f6tigen, um unsere Anwendung zu betreiben, zu entwickeln oder zu verbessern. Bitte beachten Sie, dass wir uns zwar bem\u00fchen, die von uns verarbeiteten und verwalteten Informationen angemessen zu sch\u00fctzen, dass aber kein Sicherheitssystem alle potenziellen Sicherheitsverletzungen verhindern kann. Daher, obwohl CAREPOI angemessene Anstrengungen unternimmt, um Ihre personenbezogenen Daten zu sch\u00fctzen, kann CAREPOI deren absolute Sicherheit nicht garantieren.<\/li><li>Kontaktinformationen. Wir freuen uns \u00fcber Ihre Kommentare oder Fragen zu dieser Datenschutzrichtlinie. Bitte senden Sie uns eine E-Mail an info@carepoi.com.<\/li><\/ul><\/li><\/ul><\/li><\/ol><p>&nbsp;<\/p><\/div>\t\t\t\t<\/div>\n\t\t\t\t<\/div>\n\t\t\t\t\t<\/div>\n\t\t<\/div>\n\t\t\t\t\t<\/div>\n\t\t<\/section>\n\t\t\t\t<section class=\"elementor-section elementor-top-section elementor-element elementor-element-c71eee6 elementor-section-boxed elementor-section-height-default elementor-section-height-default\" data-id=\"c71eee6\" data-element_type=\"section\">\n\t\t\t\t\t\t<div class=\"elementor-container elementor-column-gap-default\">\n\t\t\t\t\t<div class=\"elementor-column elementor-col-100 elementor-top-column elementor-element elementor-element-18fedc3\" data-id=\"18fedc3\" data-element_type=\"column\">\n\t\t\t<div class=\"elementor-widget-wrap\">\n\t\t\t\t\t\t\t<\/div>\n\t\t<\/div>\n\t\t\t\t\t<\/div>\n\t\t<\/section>\n\t\t\t\t<\/div>\n\t\t","protected":false},"excerpt":{"rendered":"<p>Datenschutzrichtlinie. &nbsp; CAREPOI ist verpflichtet, Ihre Privatsph\u00e4re zu sch\u00fctzen. &nbsp; Einverst\u00e4ndnis des Benutzers. Indem Sie unser System nutzen, stimmen Sie der Verarbeitung Ihrer pers\u00f6nlichen Daten zu, wie sie in dieser Datenschutzrichtlinie jetzt und in der von uns ge\u00e4nderten Fassung beschrieben ist. &#8220;Verarbeitung&#8221; bedeutet die Verwendung von Daten, die auf einem Computer\/Handheld-Ger\u00e4t erfasst wurden, oder die &#8230;<\/p>\n","protected":false},"author":1,"featured_media":0,"parent":0,"menu_order":0,"comment_status":"closed","ping_status":"closed","template":"","meta":{"_jf_save_progress":"","_jet_sm_ready_style":"","_jet_sm_style":"","_jet_sm_controls_values":"","_jet_sm_fonts_collection":"","_jet_sm_fonts_links":"","footnotes":""},"class_list":["post-24638","page","type-page","status-publish","hentry"],"_links":{"self":[{"href":"https:\/\/clinic.carepoi.com\/de\/wp-json\/wp\/v2\/pages\/24638","targetHints":{"allow":["GET"]}}],"collection":[{"href":"https:\/\/clinic.carepoi.com\/de\/wp-json\/wp\/v2\/pages"}],"about":[{"href":"https:\/\/clinic.carepoi.com\/de\/wp-json\/wp\/v2\/types\/page"}],"author":[{"embeddable":true,"href":"https:\/\/clinic.carepoi.com\/de\/wp-json\/wp\/v2\/users\/1"}],"replies":[{"embeddable":true,"href":"https:\/\/clinic.carepoi.com\/de\/wp-json\/wp\/v2\/comments?post=24638"}],"version-history":[{"count":4,"href":"https:\/\/clinic.carepoi.com\/de\/wp-json\/wp\/v2\/pages\/24638\/revisions"}],"predecessor-version":[{"id":25509,"href":"https:\/\/clinic.carepoi.com\/de\/wp-json\/wp\/v2\/pages\/24638\/revisions\/25509"}],"wp:attachment":[{"href":"https:\/\/clinic.carepoi.com\/de\/wp-json\/wp\/v2\/media?parent=24638"}],"curies":[{"name":"wp","href":"https:\/\/api.w.org\/{rel}","templated":true}]}}