{"id":25510,"date":"2024-10-22T07:58:58","date_gmt":"2024-10-22T05:58:58","guid":{"rendered":"https:\/\/clinic.carepoi.com\/demo-anfordern\/"},"modified":"2024-11-12T13:43:32","modified_gmt":"2024-11-12T11:43:32","slug":"demo-anfordern","status":"publish","type":"page","link":"https:\/\/clinic.carepoi.com\/de\/demo-anfordern\/","title":{"rendered":"Demo anfordern<br> <br>"},"content":{"rendered":"\t\t<div data-elementor-type=\"wp-page\" data-elementor-id=\"25510\" class=\"elementor elementor-25510 elementor-25116\">\n\t\t\t\t\t\t<section class=\"elementor-section elementor-top-section elementor-element elementor-element-d6f0c1f elementor-section-full_width elementor-section-height-default elementor-section-height-default\" data-id=\"d6f0c1f\" data-element_type=\"section\">\n\t\t\t\t\t\t<div class=\"elementor-container elementor-column-gap-default\">\n\t\t\t\t\t<div class=\"elementor-column elementor-col-50 elementor-top-column elementor-element elementor-element-1eac93e\" data-id=\"1eac93e\" data-element_type=\"column\">\n\t\t\t<div class=\"elementor-widget-wrap elementor-element-populated\">\n\t\t\t\t\t\t<div class=\"elementor-element elementor-element-f5fe062 elementor-widget elementor-widget-heading\" data-id=\"f5fe062\" data-element_type=\"widget\" data-widget_type=\"heading.default\">\n\t\t\t\t<div class=\"elementor-widget-container\">\n\t\t\t\t\t<h2 class=\"elementor-heading-title elementor-size-default\"><span style=\"font-size: 37pt;line-height: 1.2;font-size: 40pt;font-weight: 700\">Sehen Sie, was <b>CAREPOI<\/b> f\u00fcr Sie tun kann...<br> <br> <\/h2>\t\t\t\t<\/div>\n\t\t\t\t<\/div>\n\t\t\t\t<div class=\"elementor-element elementor-element-4e30e0d elementor-widget elementor-widget-text-editor\" data-id=\"4e30e0d\" data-element_type=\"widget\" data-widget_type=\"text-editor.default\">\n\t\t\t\t<div class=\"elementor-widget-container\">\n\t\t\t\t\t\t\t\t\t<p>&#8230; und warum <strong>CAREPOI<\/strong> das einzigartige System unter Endnutzern und Gesundheitsfachkr\u00e4ften sein wird. Buchen Sie eine Demo und wir zeigen Ihnen genau, was es f\u00fcr Ihr Team tun kann (Tipp: Sie werden wirklich beeindruckt sein). <\/p>\n\t\t\t\t\t\t\t\t<\/div>\n\t\t\t\t<\/div>\n\t\t\t\t<div class=\"elementor-element elementor-element-56ff4e3 elementor-widget elementor-widget-heading\" data-id=\"56ff4e3\" data-element_type=\"widget\" data-widget_type=\"heading.default\">\n\t\t\t\t<div class=\"elementor-widget-container\">\n\t\t\t\t\t<h2 class=\"elementor-heading-title elementor-size-default\">Was kann ich erwarten?<br> <br><\/h2>\t\t\t\t<\/div>\n\t\t\t\t<\/div>\n\t\t\t\t<div class=\"elementor-element elementor-element-30b7042 elementor-widget elementor-widget-text-editor\" data-id=\"30b7042\" data-element_type=\"widget\" data-widget_type=\"text-editor.default\">\n\t\t\t\t<div class=\"elementor-widget-container\">\n\t\t\t\t\t\t\t\t\t<section class=\"sc-2a7ff812-0 ePIFfo\" data-contentful-id=\"4e50yMtFEAalIyDu5qkKM5\">\n<div class=\"sc-b2ab728a-0 sc-2a7ff812-1 hiIza-D hfmOZj\">\n<ul class=\"sc-6d84afc9-8 jqyAFU\">\n<li class=\"sc-6d84afc9-9 eBWbkL\"><span class=\"sc-6d84afc9-5 bmCwCm\">Eine Demo von Hootsuite Enterprise ohne Verpflichtung, zugeschnitten auf Ihre Arbeitsweise und Ihre spezifischen Bed\u00fcrfnisse.<\/span><\/li>\n<li class=\"sc-6d84afc9-9 eBWbkL\"><span class=\"sc-6d84afc9-5 bmCwCm\">Ein live Blick auf all die leistungsstarken Tools, die Ihnen helfen werden, Ihren Erfolg zu messen und zu beweisen, basierend auf Ihren Zielen und KPIs.<\/span><\/li>\n<li class=\"sc-6d84afc9-9 eBWbkL\"><span class=\"sc-6d84afc9-5 bmCwCm\">Eine Gelegenheit, Fragen zu beantworten und eine Vorstellung davon zu bekommen, wie <strong>CAREPOI<\/strong> Ihnen Zeit sparen, vereinfachen und neue H\u00f6hen im sozialen Bereich erreichen kann.\n<p><\/span><\/li>\n<\/ul>\n<\/div>\n<\/section>\n<p><strong>No credit card required.<br \/><\/strong><\/p>\n\t\t\t\t\t\t\t\t<\/div>\n\t\t\t\t<\/div>\n\t\t\t\t\t<\/div>\n\t\t<\/div>\n\t\t\t\t<div class=\"elementor-column elementor-col-50 elementor-top-column elementor-element elementor-element-1f36ce2\" data-id=\"1f36ce2\" data-element_type=\"column\" data-settings=\"{&quot;background_background&quot;:&quot;classic&quot;}\">\n\t\t\t<div class=\"elementor-widget-wrap elementor-element-populated\">\n\t\t\t\t\t\t<div class=\"elementor-element elementor-element-c26d071 elementor-widget elementor-widget-jet-form-builder-form\" data-id=\"c26d071\" data-element_type=\"widget\" data-widget_type=\"jet-form-builder-form.default\">\n\t\t\t\t<div class=\"elementor-widget-container\">\n\t\t\t\t\t<link rel='stylesheet' id='wp-block-library-css' href='https:\/\/clinic.carepoi.com\/wp-includes\/css\/dist\/block-library\/style.min.css?ver=6.9.4' type='text\/css' media='all' \/>\n<link rel=\"preconnect\" href=\"https:\/\/fonts.gstatic.com\"><style id=\"jet-form-builder-22735-inline-css\">.jet-sm-gb-0909e133-95a2-455a-bfd5-610a506ca2b3 .jet-form-builder__action-button:hover:not(:disabled){background-color: ;} .jet-sm-gb-1bf2964f-5dc4-4b60-94bf-d8a00f25988f .jet-form-builder__desc.jet-form-builder__desc.jet-form-builder__desc{background-color: ;} .jet-sm-gb-2d90d977-9570-487f-b17c-8db114d6feab .jet-form-builder__desc.jet-form-builder__desc.jet-form-builder__desc{background-color: ;} .jet-sm-gb-c6cbd1bd-7de3-4c02-96bc-f47eab1f229f .jet-form-builder__desc.jet-form-builder__desc.jet-form-builder__desc{background-color: ;} .jet-sm-gb-0df6a097-247a-4d16-aab0-08343375f1db .jet-form-builder__desc.jet-form-builder__desc.jet-form-builder__desc{background-color: ;} .jet-sm-gb-1e861e03-401a-46a5-bca4-21b1b18a1919 .jet-form-builder__desc.jet-form-builder__desc.jet-form-builder__desc{background-color: ;} .jet-sm-gb-b719920f-5381-46cf-a423-cc5ab1da10d2 .jet-form-builder__desc.jet-form-builder__desc.jet-form-builder__desc{background-color: ;} .jet-sm-gb-52aed44a-69da-4366-b050-cd29a9f3a9eb .jet-form-builder__desc{background-color: ;} .jet-sm-gb-1782d911-fb65-4131-ae49-bea47dc98034 .jet-form-builder__desc{background-color: ;} .jet-sm-gb-01ff4c3d-d09e-4e92-8629-8693525e90a8 .jet-form-builder__desc{background-color: ;} <\/style><form  class=\"jet-form-builder layout-column submit-type-reload\" action=\"https:\/\/clinic.carepoi.com\/de\/wp-json\/wp\/v2\/pages\/25510\/?7K3IZZ=q4fL6r5Anv&amp;method=reload\" method=\"POST\" data-form-id=\"22735\" data-layout=\"column\" enctype=\"multipart\/form-data\" data-clear=\"1\" novalidate=\"null\" ssr_validation_method=\"rest\"><input type=\"hidden\" class=\"jet-form-builder__field hidden-field\" name=\"_jfb_csrf_token\" data-field-name=\"_jfb_csrf_token\" value=\"06451cccd529cf55ccb5f9252500a192\">\n<input type=\"hidden\" id=\"_wpnonce\" name=\"_wpnonce\" value=\"04226999c3\" \/><input type=\"hidden\" name=\"_wp_http_referer\" value=\"\/de\/wp-json\/wp\/v2\/pages\/25510\" \/>\r\n<input type=\"hidden\" name=\"_jfb_current_render_states[]\" value=\"DEFAULT.STATE\" data-jfb-sync \/><input type=\"hidden\" class=\"jet-form-builder__field hidden-field\" name=\"_jet_engine_booking_form_id\" data-field-name=\"_jet_engine_booking_form_id\" value=\"22735\">\n<input type=\"hidden\" class=\"jet-form-builder__field hidden-field\" name=\"_jet_engine_refer\" data-field-name=\"_jet_engine_refer\" value=\"https:\/\/clinic.carepoi.com\/de\/wp-json\/wp\/v2\/pages\/25510\/\">\n<input type=\"hidden\" class=\"jet-form-builder__field hidden-field\" name=\"__queried_post_id\" data-field-name=\"__queried_post_id\" value=\"25510\">\n<div class=\" jet-sm-gb-wrapper jet-sm-gb-1bf2964f-5dc4-4b60-94bf-d8a00f25988f\" data-block-id=\"jet-sm-gb-1bf2964f-5dc4-4b60-94bf-d8a00f25988f\" ><div  class=\"jet-form-builder-row field-type-text-field\" >\n<div class=\"jet-form-builder__label\">\r\n<div class=\"jet-form-builder__label-text\">Specialty or Organization <\/div><\/div><div class=\"jet-form-builder__field-wrap\">\n\t\t\t\t<input name=\"subject\" id=\"subject\" type=\"text\" data-field-name=\"subject\" class=\"jet-form-builder__field text-field jetform-lg-field-text \" data-jfb-sync=\"null\" autocomplete=\"off_vy4Hj57b\">\n\t\t\t\t\t<\/div>\n<\/div><\/div>\n\n<div class=\" jet-sm-gb-wrapper jet-sm-gb-0df6a097-247a-4d16-aab0-08343375f1db\" data-block-id=\"jet-sm-gb-0df6a097-247a-4d16-aab0-08343375f1db\" ><div  class=\"jet-form-builder-row field-type-text-field\" >\n<div class=\"jet-form-builder__label\">\r\n<div class=\"jet-form-builder__label-text\">Name\/ Surname <span class=\"jet-form-builder__required\">*<\/span><\/div><\/div><div class=\"jet-form-builder__field-wrap\">\n\t\t\t\t<input required=\"required\" name=\"name_surname\" id=\"name_surname\" type=\"text\" data-field-name=\"name_surname\" class=\"jet-form-builder__field text-field jetform-lg-field-text\" data-jfb-sync=\"null\" autocomplete=\"off_UsaWHeCY\">\n\t\t\t\t\t<\/div>\n<\/div><\/div>\n\n<div class=\" jet-sm-gb-wrapper jet-sm-gb-1e861e03-401a-46a5-bca4-21b1b18a1919\" data-block-id=\"jet-sm-gb-1e861e03-401a-46a5-bca4-21b1b18a1919\" ><div  class=\"jet-form-builder-row field-type-text-field\" >\n<div class=\"jet-form-builder__label\">\r\n<div class=\"jet-form-builder__label-text\">Email <span class=\"jet-form-builder__required\">*<\/span><\/div><\/div><div class=\"jet-form-builder__field-wrap\">\n\t\t\t\t<input required=\"required\" name=\"email\" id=\"email\" type=\"email\" data-field-name=\"email\" class=\"jet-form-builder__field text-field jetform-lg-field-text\" data-jfb-sync=\"null\" autocomplete=\"off_yMLT2lxd\">\n\t\t\t\t\t<\/div>\n<\/div><\/div>\n\n<div class=\" jet-sm-gb-wrapper jet-sm-gb-52aed44a-69da-4366-b050-cd29a9f3a9eb\" data-block-id=\"jet-sm-gb-52aed44a-69da-4366-b050-cd29a9f3a9eb\" ><div class=\"jet-form-builder__conditional \" data-jfb-conditional=\"[]\" data-jfb-func=\"show\">\n<div class=\" jet-sm-gb-wrapper jet-sm-gb-c6cbd1bd-7de3-4c02-96bc-f47eab1f229f\" data-block-id=\"jet-sm-gb-c6cbd1bd-7de3-4c02-96bc-f47eab1f229f\" ><div  class=\"jet-form-builder-row field-type-datetime-field\" >\n<div class=\"jet-form-builder__label\">\r\n<div class=\"jet-form-builder__label-text\">For demo select a preferred Date\/Time<\/div><\/div><input class=\"jet-form-builder__field datetime-field jetform-lg-field-text\" name=\"select_date_time\" type=\"datetime-local\" data-field-name=\"select_date_time\" id=\"select_date_time\" data-jfb-sync=\"null\">\n<\/div><\/div>\n\n<div class=\" jet-sm-gb-wrapper jet-sm-gb-1782d911-fb65-4131-ae49-bea47dc98034\" data-block-id=\"jet-sm-gb-1782d911-fb65-4131-ae49-bea47dc98034\" ><div class=\"jet-form-builder__conditional \" data-jfb-conditional=\"[{&quot;operator&quot;:&quot;not_empty&quot;,&quot;value&quot;:&quot;&quot;,&quot;field&quot;:&quot;select_date_time&quot;,&quot;use_preset&quot;:false}]\" data-jfb-func=\"show\">\n<div class=\" jet-sm-gb-wrapper jet-sm-gb-b719920f-5381-46cf-a423-cc5ab1da10d2\" data-block-id=\"jet-sm-gb-b719920f-5381-46cf-a423-cc5ab1da10d2\" ><div  class=\"jet-form-builder-row field-type-radio-field wp-block-jet-forms-radio-field\">\n<div class=\"jet-form-builder__label\">\r\n<div class=\"jet-form-builder__label-text\">Select a Product<\/div><\/div><div class=\"jet-form-builder__fields-group checkradio-wrap\" data-jfb-sync><div class=\"jet-form-builder__field-wrap radio-wrap checkradio-wrap\"><label class=\"jet-form-builder__field-label for-radio\">\n<input type=\"radio\" name=\"select_a_product\" value=\"dh-100\" data-field-name=\"select_a_product\"  class=\"jet-form-builder__field radio-field checkradio-field\"><span>DH-100<\/span><\/label><\/div><div class=\"jet-form-builder__field-wrap radio-wrap checkradio-wrap\"><label class=\"jet-form-builder__field-label for-radio\">\n<input type=\"radio\" name=\"select_a_product\" value=\"dh-600\" data-field-name=\"select_a_product\"  class=\"jet-form-builder__field radio-field checkradio-field\"><span>DH-600<\/span><\/label><\/div><div class=\"jet-form-builder__field-wrap radio-wrap checkradio-wrap\"><label class=\"jet-form-builder__field-label for-radio\">\n<input type=\"radio\" name=\"select_a_product\" value=\"dh-800\" data-field-name=\"select_a_product\"  class=\"jet-form-builder__field radio-field checkradio-field\"><span>DH-800<\/span><\/label><\/div><div class=\"jet-form-builder__field-wrap radio-wrap checkradio-wrap\"><label class=\"jet-form-builder__field-label for-radio\">\n<input type=\"radio\" name=\"select_a_product\" value=\"dh-2000\" data-field-name=\"select_a_product\"  class=\"jet-form-builder__field radio-field checkradio-field\"><span>DH-2000<\/span><\/label><\/div><div class=\"jet-form-builder__field-wrap radio-wrap checkradio-wrap\"><label class=\"jet-form-builder__field-label for-radio\">\n<input type=\"radio\" name=\"select_a_product\" value=\"Subscriptions\" data-field-name=\"select_a_product\"  class=\"jet-form-builder__field radio-field checkradio-field\"><span>Subscriptions<\/span><\/label><\/div><div class=\"jet-form-builder__field-wrap radio-wrap checkradio-wrap\"><label class=\"jet-form-builder__field-label for-radio\">\n<input type=\"radio\" name=\"select_a_product\" value=\"other-demo-form\" data-field-name=\"select_a_product\"  class=\"jet-form-builder__field radio-field checkradio-field\"><span>Other<\/span><\/label><\/div><\/div>\n<\/div><\/div>\n<\/div><\/div>\n\n<div class=\" jet-sm-gb-wrapper jet-sm-gb-01ff4c3d-d09e-4e92-8629-8693525e90a8\" data-block-id=\"jet-sm-gb-01ff4c3d-d09e-4e92-8629-8693525e90a8\" ><div class=\"jet-form-builder__conditional \" data-jfb-conditional=\"[]\" data-jfb-func=\"\"><\/div><\/div>\n<\/div><\/div>\n\n<div class=\" jet-sm-gb-wrapper jet-sm-gb-2d90d977-9570-487f-b17c-8db114d6feab\" data-block-id=\"jet-sm-gb-2d90d977-9570-487f-b17c-8db114d6feab\" ><div  class=\"jet-form-builder-row field-type-textarea-field\" >\n<div class=\"jet-form-builder__label\">\r\n<div class=\"jet-form-builder__label-text\">Remarks<\/div><\/div><div class=\"jet-form-builder__field-wrap\">\n\t\t<textarea class=\"jet-form-builder__field textarea-field jetform-lg-field-text\" name=\"special_remarks\" data-field-name=\"special_remarks\" id=\"special_remarks\" data-jfb-sync=\"null\"><\/textarea>\n\t<\/div>\n<\/div><\/div>\n\n<div class=\" jet-sm-gb-wrapper jet-sm-gb-0909e133-95a2-455a-bfd5-610a506ca2b3\" data-block-id=\"jet-sm-gb-0909e133-95a2-455a-bfd5-610a506ca2b3\" ><input type=\"hidden\" class=\"captcha-token\" name=\"_captcha_token\" value=\"\"\/><div class=\"jfb-visually-hidden\" tabindex=\"-1\"><div class=\"jet-form-builder__field-wrap\">\n\t\t\t\t<input name=\"_email\" id=\"_email\" type=\"email\" data-field-name=\"_email\" class=\"jet-form-builder__field text-field\" data-jfb-sync=\"null\" autocomplete=\"off_yBCFRWvc\">\n\t\t\t\t\t<\/div><\/div><div  class=\"jet-form-builder-row field-type-submit-field\" >\n\t<div data-type=\"submit\" class=\"jet-form-builder__action-button-wrapper jet-form-builder__submit-wrap\">\n\t<button class=\"jet-form-builder__action-button jet-form-builder__next-page jet-form-builder__submit submit-type-reload\" type=\"submit\">Submit<\/button>\n\t<\/div>\n\t\n<\/div><\/div>\n\n\n<p><\/p>\n\t<div class=\"jet-form-builder-messages-wrap\" data-form-id=\"22735\"><\/div>\n<\/form>\n\t\t\t\t<\/div>\n\t\t\t\t<\/div>\n\t\t\t\t\t<\/div>\n\t\t<\/div>\n\t\t\t\t\t<\/div>\n\t\t<\/section>\n\t\t\t\t<\/div>\n\t\t","protected":false},"excerpt":{"rendered":"<p>Sehen Sie, was CAREPOI f\u00fcr Sie tun kann&#8230; &#8230; und warum CAREPOI das einzigartige System unter Endnutzern und Gesundheitsfachkr\u00e4ften sein wird. Buchen Sie eine Demo und wir zeigen Ihnen genau, was es f\u00fcr Ihr Team tun kann (Tipp: Sie werden wirklich beeindruckt sein). Was kann ich erwarten? Eine Demo von Hootsuite Enterprise ohne Verpflichtung, zugeschnitten &#8230;<\/p>\n","protected":false},"author":1,"featured_media":0,"parent":0,"menu_order":0,"comment_status":"closed","ping_status":"closed","template":"","meta":{"_jf_save_progress":"","_jet_sm_ready_style":"","_jet_sm_style":"","_jet_sm_controls_values":"","_jet_sm_fonts_collection":"","_jet_sm_fonts_links":"","footnotes":""},"class_list":["post-25510","page","type-page","status-publish","hentry"],"_links":{"self":[{"href":"https:\/\/clinic.carepoi.com\/de\/wp-json\/wp\/v2\/pages\/25510","targetHints":{"allow":["GET"]}}],"collection":[{"href":"https:\/\/clinic.carepoi.com\/de\/wp-json\/wp\/v2\/pages"}],"about":[{"href":"https:\/\/clinic.carepoi.com\/de\/wp-json\/wp\/v2\/types\/page"}],"author":[{"embeddable":true,"href":"https:\/\/clinic.carepoi.com\/de\/wp-json\/wp\/v2\/users\/1"}],"replies":[{"embeddable":true,"href":"https:\/\/clinic.carepoi.com\/de\/wp-json\/wp\/v2\/comments?post=25510"}],"version-history":[{"count":1,"href":"https:\/\/clinic.carepoi.com\/de\/wp-json\/wp\/v2\/pages\/25510\/revisions"}],"predecessor-version":[{"id":25511,"href":"https:\/\/clinic.carepoi.com\/de\/wp-json\/wp\/v2\/pages\/25510\/revisions\/25511"}],"wp:attachment":[{"href":"https:\/\/clinic.carepoi.com\/de\/wp-json\/wp\/v2\/media?parent=25510"}],"curies":[{"name":"wp","href":"https:\/\/api.w.org\/{rel}","templated":true}]}}