{"id":25614,"date":"2024-11-12T21:14:03","date_gmt":"2024-11-12T19:14:03","guid":{"rendered":"https:\/\/clinic.carepoi.com\/betriebsmedizin\/"},"modified":"2025-09-20T12:15:15","modified_gmt":"2025-09-20T10:15:15","slug":"betriebsmedizin","status":"publish","type":"page","link":"https:\/\/clinic.carepoi.com\/de\/betriebsmedizin\/","title":{"rendered":"Betriebsmedizin"},"content":{"rendered":"\t\t<div data-elementor-type=\"wp-page\" data-elementor-id=\"25614\" class=\"elementor elementor-25614 elementor-25561\">\n\t\t\t\t\t\t<section class=\"elementor-section elementor-top-section elementor-element elementor-element-983930b elementor-section-boxed elementor-section-height-default elementor-section-height-default\" data-id=\"983930b\" data-element_type=\"section\">\n\t\t\t\t\t\t<div class=\"elementor-container elementor-column-gap-default\">\n\t\t\t\t\t<div class=\"elementor-column elementor-col-100 elementor-top-column elementor-element elementor-element-cc66330\" data-id=\"cc66330\" data-element_type=\"column\">\n\t\t\t<div class=\"elementor-widget-wrap elementor-element-populated\">\n\t\t\t\t\t\t<div class=\"elementor-element elementor-element-0fe305f elementor-widget elementor-widget-text-editor\" data-id=\"0fe305f\" data-element_type=\"widget\" data-widget_type=\"text-editor.default\">\n\t\t\t\t<div class=\"elementor-widget-container\">\n\t\t\t\t\t\t\t\t\t<p>Mit der Weiterentwicklung der Arbeitsumgebungen w\u00e4chst die Notwendigkeit, die Gesundheit der Mitarbeitenden in den Vordergrund zu stellen \u2013 nicht nur f\u00fcr diejenigen in risikoreichen Rollen, sondern f\u00fcr alle Mitarbeitenden, die von proaktiver Gesundheitsversorgung profitieren k\u00f6nnen. Gesundheitsmanagement am Arbeitsplatz ist entscheidend f\u00fcr die Aufrechterhaltung einer sicheren, produktiven und widerstandsf\u00e4higen Belegschaft, aber traditionelle Ans\u00e4tze sind oft reaktiv und auf Genesung statt auf Pr\u00e4vention ausgerichtet. Die Telemedizinl\u00f6sung von CAREPOI tritt hier ein, um dies zu \u00e4ndern, indem sie Werkzeuge bereitstellt, die proaktive Gesundheitsunterst\u00fctzung zug\u00e4nglich, anpassbar und einfach in jeden Arbeitsplatz integrierbar machen.  <\/p>\t\t\t\t\t\t\t\t<\/div>\n\t\t\t\t<\/div>\n\t\t\t\t\t<\/div>\n\t\t<\/div>\n\t\t\t\t\t<\/div>\n\t\t<\/section>\n\t\t\t\t<section class=\"elementor-section elementor-top-section elementor-element elementor-element-107a35d elementor-section-boxed elementor-section-height-default elementor-section-height-default\" data-id=\"107a35d\" data-element_type=\"section\">\n\t\t\t\t\t\t<div class=\"elementor-container elementor-column-gap-default\">\n\t\t\t\t\t<div class=\"elementor-column elementor-col-100 elementor-top-column elementor-element elementor-element-c5c8348\" data-id=\"c5c8348\" data-element_type=\"column\">\n\t\t\t<div class=\"elementor-widget-wrap elementor-element-populated\">\n\t\t\t\t\t\t<section class=\"elementor-section elementor-inner-section elementor-element elementor-element-9229bee elementor-section-boxed elementor-section-height-default elementor-section-height-default\" data-id=\"9229bee\" data-element_type=\"section\">\n\t\t\t\t\t\t<div class=\"elementor-container elementor-column-gap-default\">\n\t\t\t\t\t<div class=\"elementor-column elementor-col-50 elementor-inner-column elementor-element elementor-element-b8499b3\" data-id=\"b8499b3\" data-element_type=\"column\">\n\t\t\t<div class=\"elementor-widget-wrap elementor-element-populated\">\n\t\t\t\t\t\t<div class=\"elementor-element elementor-element-e45f71e elementor-widget elementor-widget-text-editor\" data-id=\"e45f71e\" data-element_type=\"widget\" data-widget_type=\"text-editor.default\">\n\t\t\t\t<div class=\"elementor-widget-container\">\n\t\t\t\t\t\t\t\t\t<h3>Warum betriebliche Gesundheit in jedem Arbeitsplatz wichtig ist<\/h3><p>Die Bedeutung der betrieblichen Gesundheit geht \u00fcber die Einhaltung gesetzlicher Vorschriften oder die Reduzierung von Fehlzeiten hinaus; es geht darum, eine Kultur zu f\u00f6rdern, die das Wohlbefinden der Mitarbeitenden wertsch\u00e4tzt. Hier sind wichtige Gr\u00fcnde, warum betriebliche Gesundheitsf\u00f6rderung im Fokus stehen sollte: <\/p><ol><li><p><strong>Risikominderung f\u00fcr hochriskante T\u00e4tigkeiten<\/strong>: In Branchen wie Bauwesen, Fertigung und Gesundheitswesen sind Mitarbeitende t\u00e4glich physischen Risiken ausgesetzt. Regelm\u00e4\u00dfige Gesundheitsuntersuchungen, psychische Gesundheitschecks und kontinuierliche \u00dcberwachung k\u00f6nnen die Unfallraten senken und eine fr\u00fchzeitige Erkennung arbeitsbedingter Gesundheitsprobleme unterst\u00fctzen. <\/p><\/li><li><p><strong> Proaktive Betreuung f\u00fcr alle Mitarbeitenden:<\/strong> F\u00fcr diejenigen in weniger k\u00f6rperlich anspruchsvollen Rollen sind die Risiken subtiler, aber dennoch bedeutend. Sedent\u00e4re Lebensweise, psychische Gesundheitsprobleme und bildschirmbedingte Augenbelastung sind in Schreibtischberufen h\u00e4ufig. Diese proaktiv durch Gesundheitschecks, Lebensstilberatung und Unterst\u00fctzung im Stressmanagement anzugehen, kann langfristige Gesundheitsprobleme verhindern und die Produktivit\u00e4t hoch halten.  <\/p><\/li><li><p><strong>Reduzierung von Absentismus und Pr\u00e4sentismus:<\/strong> Gesundheitsprobleme sind eine der Hauptursachen f\u00fcr Absentismus und Pr\u00e4sentismus (wenn Mitarbeiter zwar physisch anwesend sind, aber aufgrund gesundheitlicher Probleme nicht effektiv arbeiten k\u00f6nnen). Investitionen in die betriebliche Gesundheit senken beides, indem sie sicherstellen, dass die Mitarbeiter unterst\u00fctzt, engagiert und insgesamt ges\u00fcnder sind. <\/p><\/li><\/ol>\t\t\t\t\t\t\t\t<\/div>\n\t\t\t\t<\/div>\n\t\t\t\t\t<\/div>\n\t\t<\/div>\n\t\t\t\t<div class=\"elementor-column elementor-col-50 elementor-inner-column elementor-element elementor-element-5c3b2a2\" data-id=\"5c3b2a2\" data-element_type=\"column\">\n\t\t\t<div class=\"elementor-widget-wrap elementor-element-populated\">\n\t\t\t\t\t\t<div class=\"elementor-element elementor-element-9a081d9 elementor-widget elementor-widget-image\" data-id=\"9a081d9\" data-element_type=\"widget\" data-widget_type=\"image.default\">\n\t\t\t\t<div class=\"elementor-widget-container\">\n\t\t\t\t\t\t\t\t\t\t\t\t\t\t\t<img fetchpriority=\"high\" decoding=\"async\" width=\"1024\" height=\"585\" src=\"https:\/\/clinic.carepoi.com\/wp-content\/uploads\/2024\/11\/DALL\u00b7E-2024-11-12-21.41.08-An-office-setting-where-employees-are-consulting-a-physician-over-a-telemedicine-system-on-a-computer-screen.-The-computer-displays-a-telemedicine-pla-1024x585.webp\" class=\"attachment-large size-large wp-image-25577\" alt=\"CarePOI teleconsultation\" srcset=\"https:\/\/clinic.carepoi.com\/wp-content\/uploads\/2024\/11\/DALL\u00b7E-2024-11-12-21.41.08-An-office-setting-where-employees-are-consulting-a-physician-over-a-telemedicine-system-on-a-computer-screen.-The-computer-displays-a-telemedicine-pla-1024x585.webp 1024w, https:\/\/clinic.carepoi.com\/wp-content\/uploads\/2024\/11\/DALL\u00b7E-2024-11-12-21.41.08-An-office-setting-where-employees-are-consulting-a-physician-over-a-telemedicine-system-on-a-computer-screen.-The-computer-displays-a-telemedicine-pla-300x171.webp 300w, https:\/\/clinic.carepoi.com\/wp-content\/uploads\/2024\/11\/DALL\u00b7E-2024-11-12-21.41.08-An-office-setting-where-employees-are-consulting-a-physician-over-a-telemedicine-system-on-a-computer-screen.-The-computer-displays-a-telemedicine-pla-768x439.webp 768w, https:\/\/clinic.carepoi.com\/wp-content\/uploads\/2024\/11\/DALL\u00b7E-2024-11-12-21.41.08-An-office-setting-where-employees-are-consulting-a-physician-over-a-telemedicine-system-on-a-computer-screen.-The-computer-displays-a-telemedicine-pla-1536x878.webp 1536w, https:\/\/clinic.carepoi.com\/wp-content\/uploads\/2024\/11\/DALL\u00b7E-2024-11-12-21.41.08-An-office-setting-where-employees-are-consulting-a-physician-over-a-telemedicine-system-on-a-computer-screen.-The-computer-displays-a-telemedicine-pla-1320x754.webp 1320w, https:\/\/clinic.carepoi.com\/wp-content\/uploads\/2024\/11\/DALL\u00b7E-2024-11-12-21.41.08-An-office-setting-where-employees-are-consulting-a-physician-over-a-telemedicine-system-on-a-computer-screen.-The-computer-displays-a-telemedicine-pla.webp 1792w\" sizes=\"(max-width: 1024px) 100vw, 1024px\" \/>\t\t\t\t\t\t\t\t\t\t\t\t\t\t\t<\/div>\n\t\t\t\t<\/div>\n\t\t\t\t\t<\/div>\n\t\t<\/div>\n\t\t\t\t\t<\/div>\n\t\t<\/section>\n\t\t\t\t\t<\/div>\n\t\t<\/div>\n\t\t\t\t\t<\/div>\n\t\t<\/section>\n\t\t\t\t<section class=\"elementor-section elementor-top-section elementor-element elementor-element-18da9a1 elementor-section-boxed elementor-section-height-default elementor-section-height-default\" data-id=\"18da9a1\" data-element_type=\"section\">\n\t\t\t\t\t\t<div class=\"elementor-container elementor-column-gap-default\">\n\t\t\t\t\t<div class=\"elementor-column elementor-col-100 elementor-top-column elementor-element elementor-element-a73fa5b\" data-id=\"a73fa5b\" data-element_type=\"column\">\n\t\t\t<div class=\"elementor-widget-wrap elementor-element-populated\">\n\t\t\t\t\t\t<section class=\"elementor-section elementor-inner-section elementor-element elementor-element-f603b88 elementor-section-boxed elementor-section-height-default elementor-section-height-default\" data-id=\"f603b88\" data-element_type=\"section\">\n\t\t\t\t\t\t<div class=\"elementor-container elementor-column-gap-default\">\n\t\t\t\t\t<div class=\"elementor-column elementor-col-50 elementor-inner-column elementor-element elementor-element-3a96543\" data-id=\"3a96543\" data-element_type=\"column\">\n\t\t\t<div class=\"elementor-widget-wrap elementor-element-populated\">\n\t\t\t\t\t\t<div class=\"elementor-element elementor-element-656bcc9 elementor-widget__width-initial elementor-widget elementor-widget-text-editor\" data-id=\"656bcc9\" data-element_type=\"widget\" data-widget_type=\"text-editor.default\">\n\t\t\t\t<div class=\"elementor-widget-container\">\n\t\t\t\t\t\t\t\t\t<h3>Proaktive Schritte f\u00fcr Arbeitgeber zur Umsetzung von CAREPOI f\u00fcr die Arbeitsgesundheit<\/h3><p>Die Einf\u00fchrung einer Telemedizinl\u00f6sung wie CAREPOI erfordert Planung, Engagement und eine klare Strategie. Hier sind einige Schritte, um eine erfolgreiche Umsetzung zu gew\u00e4hrleisten: <\/p><ol><li><p><strong>Bewusstsein schaffen und Nutzung f\u00f6rdern<\/strong>: Starten Sie eine Aufkl\u00e4rungskampagne, um die Mitarbeitenden dar\u00fcber zu informieren, wie sie die Telemedizinplattform nutzen k\u00f6nnen und welche Vorteile proaktive Gesundheitsversorgung bietet. Ermutigen Sie F\u00fchrungskr\u00e4fte und Manager, den Einsatz zu f\u00f6rdern, um die Nutzung im Arbeitsumfeld zu normalisieren. <\/p><\/li><li><p><strong>Privatsph\u00e4re und Vertrauen gew\u00e4hrleisten:<\/strong> Mitarbeitende k\u00f6nnten Bedenken hinsichtlich der Privatsph\u00e4re und Vertraulichkeit haben. Seien Sie transparent in Bezug auf die Datenschutzrichtlinien, stellen Sie sicher, dass der Telemedizinanbieter Compliance-Standards wie die DSGVO einh\u00e4lt, und versichern Sie den Mitarbeitenden, dass ihre Gesundheitsdaten vertraulich behandelt werde <\/p><\/li><li><p><strong>Anreize f\u00fcr die Teilnahme bieten:<\/strong> Das Anbieten von Anreizen wie reduzierten Gesundheitspr\u00e4mien, Gesundheitstagen oder Belohnungspunkten f\u00fcr die Nutzung der Telemedizinplattform kann Mitarbeitende dazu ermutigen, den Service regelm\u00e4\u00dfig in Anspruch zu nehmen.<\/p><\/li><li><p><strong>Bewerten und kontinuierlich verbessern:<\/strong> Evaluieren Sie fortlaufend die Auswirkungen der Telemedizinplattform auf die Gesundheit, Produktivit\u00e4t und Zufriedenheit der Mitarbeitenden. Sammeln Sie Feedback von den Mitarbeitenden und nutzen Sie diese Daten, um Gesundheitsprogramme zu optimieren und die Plattform zu einer immer wertvolleren Ressource zu machen. <\/p><\/li><\/ol>\t\t\t\t\t\t\t\t<\/div>\n\t\t\t\t<\/div>\n\t\t\t\t\t<\/div>\n\t\t<\/div>\n\t\t\t\t<div class=\"elementor-column elementor-col-50 elementor-inner-column elementor-element elementor-element-1f4f965\" data-id=\"1f4f965\" data-element_type=\"column\">\n\t\t\t<div class=\"elementor-widget-wrap elementor-element-populated\">\n\t\t\t\t\t\t<div class=\"elementor-element elementor-element-4cc336f elementor-widget__width-initial elementor-widget elementor-widget-text-editor\" data-id=\"4cc336f\" data-element_type=\"widget\" data-widget_type=\"text-editor.default\">\n\t\t\t\t<div class=\"elementor-widget-container\">\n\t\t\t\t\t\t\t\t\t<h3>Wie die Telemedizinl\u00f6sung von CAREPOI die betriebliche Gesundheit unterst\u00fctzt<\/h3><p>Mit der Telemedizinplattform von CAREPOI k\u00f6nnen Arbeitspl\u00e4tze ihren Mitarbeitenden direkten Zugang zu virtueller Gesundheitsversorgung bieten, wodurch die Gesundheitsunterst\u00fctzung nicht nur zug\u00e4nglich, sondern auch pers\u00f6nlich und proaktiv wird. So kann CAREPOI das Management der betrieblichen Gesundheit transformieren: <\/p><h4><strong>1. Einfacher Zugang zu Gesundheitsberatungen<\/strong><\/h4><p>Mitarbeitende k\u00f6nnen jederzeit mit Gesundheitsfachkr\u00e4ften beraten, ohne einen pers\u00f6nlichen Termin wahrnehmen zu m\u00fcssen. F\u00fcr diejenigen, die in risikobehafteten Umfeldern arbeiten, bietet CAREPOI die M\u00f6glichkeit einer Echtzeitkonsultation, um Symptome oder Verletzungen schnell zu behandeln. In weniger risikobehafteten Bereichen k\u00f6nnen Mitarbeitende allgemeine Gesundheits- und mentale Wellness-Unterst\u00fctzung in Anspruch nehmen, um ihre Gesundheit im Blick zu behalten, ohne das B\u00fcro verlassen zu m\u00fcssen.  <\/p><h4><strong>2. Proaktive Gesundheits\u00fcberwachung und Unterst\u00fctzung<\/strong><\/h4><p>Die CAREPOI-Plattform unterst\u00fctzt proaktive Gesundheitsinitiativen wie regelm\u00e4\u00dfige virtuelle Gesundheitschecks, Wellness-Tracking und personalisierte Gesundheitsberatung. Mitarbeitende k\u00f6nnen beispielsweise Sitzungen mit Wellness-Coaches oder Ern\u00e4hrungsberatern \u00fcber CAREPOI buchen, um Lebensstil-Tipps und ma\u00dfgeschneiderte Pl\u00e4ne f\u00fcr eine verbesserte Gesundheit zu erhalten. Dieser Ansatz erm\u00f6glicht eine fr\u00fchzeitige Intervention, reduziert das Risiko chronischer Erkrankungen und f\u00f6rdert das allgemeine Wohlbefinden der Mitarbeitenden.  <\/p><h4><strong>3. Psychische Gesundheit und Stressmanagement<\/strong><\/h4><p>Psychische Gesundheit ist genauso wichtig wie die physische Sicherheit am Arbeitsplatz, wird jedoch oft zu wenig beachtet. CAREPOI erm\u00f6glicht es Mitarbeitenden, \u00fcber ihre eigenen Ger\u00e4te Kontakt zu Fachleuten f\u00fcr psychische Gesundheit aufzunehmen und Beratung sowie Unterst\u00fctzung zu erhalten. Dies hilft Mitarbeitenden, Stress, Angstzust\u00e4nde und Burnout zu bew\u00e4ltigen, bevor diese sich zu schwerwiegenderen Problemen entwickeln, und tr\u00e4gt so zu einer ges\u00fcnderen und widerstandsf\u00e4higeren Belegschaft bei.  <\/p><h4><strong>4. Betriebsmedizinische \u00dcberwachung f\u00fcr hochriskante T\u00e4tigkeiten<\/strong><\/h4><p>F\u00fcr Mitarbeitende in hochriskanten Berufen bietet die Plattform strukturierte Gesundheitsbewertungen und kontinuierliche \u00dcberwachung. CAREPOI kann so konfiguriert werden, dass es Gesundheitschecks unterst\u00fctzt, die auf die spezifischen Risiken bestimmter T\u00e4tigkeiten zugeschnitten sind, wie z. B. Atemwegsgesundheitspr\u00fcfungen f\u00fcr Bauarbeiter oder ergonomische Bewertungen f\u00fcr B\u00fcroangestellte. Dies ist sowohl f\u00fcr die Einhaltung betrieblicher Gesundheitsvorschriften als auch f\u00fcr die F\u00f6rderung einer Sicherheitskultur von entscheidender Bedeutung.  <\/p><h4><strong>5. Datengetriebene Erkenntnisse f\u00fcr Arbeitgeber<\/strong><\/h4><p>Die Analysetools von CAREPOI liefern Arbeitgebern aggregierte Daten (unter Einhaltung der Datenschutzgesetze) zu den allgemeinen Gesundheitstrends innerhalb ihrer Belegschaft. Diese Erkenntnisse erm\u00f6glichen es Arbeitgebern, h\u00e4ufige Gesundheitsprobleme zu identifizieren, den Erfolg von Wellness-Initiativen zu verfolgen und gezielte Gesundheitsprogramme basierend auf tats\u00e4chlichen Bed\u00fcrfnissen umzusetzen. Wenn beispielsweise Stresslevel kontinuierlich hoch sind, k\u00f6nnten Arbeitgeber die Einf\u00fchrung von Stressmanagement-Workshops oder flexiblen Arbeitszeitmodellen in Erw\u00e4gung ziehen.<br><br>  <\/p>\t\t\t\t\t\t\t\t<\/div>\n\t\t\t\t<\/div>\n\t\t\t\t\t<\/div>\n\t\t<\/div>\n\t\t\t\t\t<\/div>\n\t\t<\/section>\n\t\t\t\t\t<\/div>\n\t\t<\/div>\n\t\t\t\t\t<\/div>\n\t\t<\/section>\n\t\t\t\t<section class=\"elementor-section elementor-top-section elementor-element elementor-element-5e2fdeb elementor-section-boxed elementor-section-height-default elementor-section-height-default\" data-id=\"5e2fdeb\" data-element_type=\"section\">\n\t\t\t\t\t\t<div class=\"elementor-container elementor-column-gap-default\">\n\t\t\t\t\t<div class=\"elementor-column elementor-col-100 elementor-top-column elementor-element elementor-element-b7d33a3\" data-id=\"b7d33a3\" data-element_type=\"column\">\n\t\t\t<div class=\"elementor-widget-wrap elementor-element-populated\">\n\t\t\t\t\t\t<div class=\"elementor-element elementor-element-1ea5b55 elementor-widget-divider--view-line elementor-widget elementor-widget-divider\" data-id=\"1ea5b55\" data-element_type=\"widget\" data-widget_type=\"divider.default\">\n\t\t\t\t<div class=\"elementor-widget-container\">\n\t\t\t\t\t\t\t<div class=\"elementor-divider\">\n\t\t\t<span class=\"elementor-divider-separator\">\n\t\t\t\t\t\t<\/span>\n\t\t<\/div>\n\t\t\t\t\t\t<\/div>\n\t\t\t\t<\/div>\n\t\t\t\t\t<\/div>\n\t\t<\/div>\n\t\t\t\t\t<\/div>\n\t\t<\/section>\n\t\t\t\t<section class=\"elementor-section elementor-top-section elementor-element elementor-element-564a993 elementor-section-boxed elementor-section-height-default elementor-section-height-default\" data-id=\"564a993\" data-element_type=\"section\">\n\t\t\t\t\t\t<div class=\"elementor-container elementor-column-gap-default\">\n\t\t\t\t\t<div class=\"elementor-column elementor-col-100 elementor-top-column elementor-element elementor-element-9f5bbc0\" data-id=\"9f5bbc0\" data-element_type=\"column\">\n\t\t\t<div class=\"elementor-widget-wrap elementor-element-populated\">\n\t\t\t\t\t\t<div class=\"elementor-element elementor-element-095e4a1 elementor-widget elementor-widget-text-editor\" data-id=\"095e4a1\" data-element_type=\"widget\" data-widget_type=\"text-editor.default\">\n\t\t\t\t<div class=\"elementor-widget-container\">\n\t\t\t\t\t\t\t\t\t<p>Die Integration von Telemedizinl\u00f6sungen wie CAREPOI markiert eine neue \u00c4ra f\u00fcr die betriebliche Gesundheit, in der das Wohlbefinden der Mitarbeitenden nicht nur unterst\u00fctzt, sondern aktiv gef\u00f6rdert wird. Ob f\u00fcr Mitarbeitende in hochriskanten Berufen, die eine spezialisierte Gesundheits\u00fcberwachung ben\u00f6tigen, oder f\u00fcr Wissensarbeiter, die von proaktiven Gesundheitsressourcen profitieren \u2013 Telemedizin verwandelt Arbeitspl\u00e4tze in ges\u00fcndere, unterst\u00fctzendere Umgebungen.<br><br> <\/p><p>Durch die Investition in Tools, die es Mitarbeitenden erm\u00f6glichen, die Kontrolle \u00fcber ihre Gesundheit zu \u00fcbernehmen, schaffen Arbeitgeber eine widerstandsf\u00e4higere Belegschaft und setzen einen Standard, dass das Wohlbefinden aller Priorit\u00e4t hat. Dies st\u00e4rkt nicht nur die Unternehmenskultur, sondern unterst\u00fctzt auch eine nachhaltige Produktivit\u00e4t, ein st\u00e4rkeres Arbeitsumfeld und ges\u00fcndere Mitarbeitende. <\/p>\t\t\t\t\t\t\t\t<\/div>\n\t\t\t\t<\/div>\n\t\t\t\t\t<\/div>\n\t\t<\/div>\n\t\t\t\t\t<\/div>\n\t\t<\/section>\n\t\t\t\t<\/div>\n\t\t","protected":false},"excerpt":{"rendered":"<p>Mit der Weiterentwicklung der Arbeitsumgebungen w\u00e4chst die Notwendigkeit, die Gesundheit der Mitarbeitenden in den Vordergrund zu stellen \u2013 nicht nur f\u00fcr diejenigen in risikoreichen Rollen, sondern f\u00fcr alle Mitarbeitenden, die von proaktiver Gesundheitsversorgung profitieren k\u00f6nnen. Gesundheitsmanagement am Arbeitsplatz ist entscheidend f\u00fcr die Aufrechterhaltung einer sicheren, produktiven und widerstandsf\u00e4higen Belegschaft, aber traditionelle Ans\u00e4tze sind oft reaktiv &#8230;<\/p>\n","protected":false},"author":3,"featured_media":25566,"parent":0,"menu_order":0,"comment_status":"closed","ping_status":"closed","template":"","meta":{"_jf_save_progress":"","_jet_sm_ready_style":"","_jet_sm_style":"","_jet_sm_controls_values":"","_jet_sm_fonts_collection":"","_jet_sm_fonts_links":"","footnotes":""},"class_list":["post-25614","page","type-page","status-publish","has-post-thumbnail","hentry"],"_links":{"self":[{"href":"https:\/\/clinic.carepoi.com\/de\/wp-json\/wp\/v2\/pages\/25614","targetHints":{"allow":["GET"]}}],"collection":[{"href":"https:\/\/clinic.carepoi.com\/de\/wp-json\/wp\/v2\/pages"}],"about":[{"href":"https:\/\/clinic.carepoi.com\/de\/wp-json\/wp\/v2\/types\/page"}],"author":[{"embeddable":true,"href":"https:\/\/clinic.carepoi.com\/de\/wp-json\/wp\/v2\/users\/3"}],"replies":[{"embeddable":true,"href":"https:\/\/clinic.carepoi.com\/de\/wp-json\/wp\/v2\/comments?post=25614"}],"version-history":[{"count":4,"href":"https:\/\/clinic.carepoi.com\/de\/wp-json\/wp\/v2\/pages\/25614\/revisions"}],"predecessor-version":[{"id":26259,"href":"https:\/\/clinic.carepoi.com\/de\/wp-json\/wp\/v2\/pages\/25614\/revisions\/26259"}],"wp:featuredmedia":[{"embeddable":true,"href":"https:\/\/clinic.carepoi.com\/de\/wp-json\/wp\/v2\/media\/25566"}],"wp:attachment":[{"href":"https:\/\/clinic.carepoi.com\/de\/wp-json\/wp\/v2\/media?parent=25614"}],"curies":[{"name":"wp","href":"https:\/\/api.w.org\/{rel}","templated":true}]}}