{"id":25937,"date":"2024-03-25T19:41:37","date_gmt":"2024-03-25T17:41:37","guid":{"rendered":"https:\/\/clinic.carepoi.com\/willkommen-kunde\/"},"modified":"2025-02-04T13:05:58","modified_gmt":"2025-02-04T11:05:58","slug":"willkommen-kunde","status":"publish","type":"page","link":"https:\/\/clinic.carepoi.com\/de\/willkommen-kunde\/","title":{"rendered":"Willkommen Kunde"},"content":{"rendered":"\t\t<div data-elementor-type=\"wp-page\" data-elementor-id=\"25937\" class=\"elementor elementor-25937 elementor-7598\">\n\t\t\t\t\t\t<section class=\"elementor-section elementor-top-section elementor-element elementor-element-48d51fd elementor-section-boxed elementor-section-height-default elementor-section-height-default\" data-id=\"48d51fd\" data-element_type=\"section\">\n\t\t\t\t\t\t<div class=\"elementor-container elementor-column-gap-default\">\n\t\t\t\t\t<div class=\"elementor-column elementor-col-33 elementor-top-column elementor-element elementor-element-2a66dfae\" data-id=\"2a66dfae\" data-element_type=\"column\">\n\t\t\t<div class=\"elementor-widget-wrap elementor-element-populated\">\n\t\t\t\t\t\t<div class=\"elementor-element elementor-element-69b6bbfb elementor-widget__width-initial animated-slow elementor-invisible elementor-widget elementor-widget-heading\" data-id=\"69b6bbfb\" data-element_type=\"widget\" data-settings=\"{&quot;_animation&quot;:&quot;fadeIn&quot;}\" data-widget_type=\"heading.default\">\n\t\t\t\t<div class=\"elementor-widget-container\">\n\t\t\t\t\t<h5 class=\"elementor-heading-title elementor-size-xl\">Willkommen beim CAREPOI-System<\/h5>\t\t\t\t<\/div>\n\t\t\t\t<\/div>\n\t\t\t\t<div class=\"elementor-element elementor-element-5f6402e3 elementor-widget elementor-widget-text-editor\" data-id=\"5f6402e3\" data-element_type=\"widget\" data-widget_type=\"text-editor.default\">\n\t\t\t\t<div class=\"elementor-widget-container\">\n\t\t\t\t\t\t\t\t\t<p>Ihr aktueller Plan ist der <strong>BASIC for Users<\/strong>. Dieser Plan ist f\u00fcr immer KOSTENLOS. Sie k\u00f6nnen Online-\u00c4rzte konsultieren und pro Fall bezahlen (Zahlung bei Ereignis). Sie k\u00f6nnen Ihren Plan jederzeit aktualisieren.<\/p>\n\t\t\t\t\t\t\t\t<\/div>\n\t\t\t\t<\/div>\n\t\t\t\t\t<\/div>\n\t\t<\/div>\n\t\t\t\t<div class=\"elementor-column elementor-col-66 elementor-top-column elementor-element elementor-element-41c0bc61\" data-id=\"41c0bc61\" data-element_type=\"column\">\n\t\t\t<div class=\"elementor-widget-wrap elementor-element-populated\">\n\t\t\t\t\t\t<div class=\"elementor-element elementor-element-f9789ed elementor-widget elementor-widget-image\" data-id=\"f9789ed\" data-element_type=\"widget\" data-widget_type=\"image.default\">\n\t\t\t\t<div class=\"elementor-widget-container\">\n\t\t\t\t\t\t\t\t\t\t\t\t\t\t\t<img fetchpriority=\"high\" decoding=\"async\" width=\"480\" height=\"140\" src=\"https:\/\/clinic.carepoi.com\/wp-content\/uploads\/2024\/03\/basic_plan.png\" class=\"attachment-large size-large wp-image-21527\" alt=\"\" srcset=\"https:\/\/clinic.carepoi.com\/wp-content\/uploads\/2024\/03\/basic_plan.png 480w, https:\/\/clinic.carepoi.com\/wp-content\/uploads\/2024\/03\/basic_plan-300x88.png 300w\" sizes=\"(max-width: 480px) 100vw, 480px\" \/>\t\t\t\t\t\t\t\t\t\t\t\t\t\t\t<\/div>\n\t\t\t\t<\/div>\n\t\t\t\t<div class=\"elementor-element elementor-element-d548666 elementor-widget elementor-widget-text-editor\" data-id=\"d548666\" data-element_type=\"widget\" data-widget_type=\"text-editor.default\">\n\t\t\t\t<div class=\"elementor-widget-container\">\n\t\t\t\t\t\t\t\t\t<p style=\"text-align: center;\"><strong><span style=\"color: #333399;\">  AKTUELLER PLAN<\/span><\/strong><\/p>\n\t\t\t\t\t\t\t\t<\/div>\n\t\t\t\t<\/div>\n\t\t\t\t\t<\/div>\n\t\t<\/div>\n\t\t\t\t\t<\/div>\n\t\t<\/section>\n\t\t\t\t<section class=\"elementor-section elementor-top-section elementor-element elementor-element-240d1412 elementor-section-boxed elementor-section-height-default elementor-section-height-default\" data-id=\"240d1412\" data-element_type=\"section\">\n\t\t\t\t\t\t<div class=\"elementor-container elementor-column-gap-default\">\n\t\t\t\t\t<div class=\"elementor-column elementor-col-33 elementor-top-column elementor-element elementor-element-6670de23\" data-id=\"6670de23\" data-element_type=\"column\">\n\t\t\t<div class=\"elementor-widget-wrap elementor-element-populated\">\n\t\t\t\t\t\t<div class=\"elementor-element elementor-element-478565db elementor-widget elementor-widget-rt-text-with-icon\" data-id=\"478565db\" data-element_type=\"widget\" data-widget_type=\"rt-text-with-icon.default\">\n\t\t\t\t<div class=\"elementor-widget-container\">\n\t\t\t\t\t<div class=\"rt-el-text-with-icon elementwidth elwidth-305-320-360 rtin-style-2 rtin-bgtype-light\">\r\n\t<a class=\"rtin-item\" href=\"https:\/\/carepoi.com\/product\/user-plus-plan\/\">\t<div class=\"rtin-icon\"><img decoding=\"async\" width=\"512\" height=\"512\" src=\"https:\/\/clinic.carepoi.com\/wp-content\/uploads\/2023\/08\/anonymity.png\" class=\"attachment-full size-full\" alt=\"\" srcset=\"https:\/\/clinic.carepoi.com\/wp-content\/uploads\/2023\/08\/anonymity.png 512w, https:\/\/clinic.carepoi.com\/wp-content\/uploads\/2023\/08\/anonymity-150x150.png 150w, https:\/\/clinic.carepoi.com\/wp-content\/uploads\/2023\/08\/anonymity-450x450.png 450w, https:\/\/clinic.carepoi.com\/wp-content\/uploads\/2023\/08\/anonymity-300x300.png 300w\" sizes=\"(max-width: 512px) 100vw, 512px\" \/><\/div>\r\n\t<div class=\"rtin-content\">\r\n\t\t<h3 class=\"rtin-title\">PLUS for Patient<\/h3>\r\n\t\t\t\t\t<p class=\"rtin-subtitle\">Instant Access<\/p>\r\n\t\t\t<\/div>\r\n\t<\/a><\/div>\t\t\t\t<\/div>\n\t\t\t\t<\/div>\n\t\t\t\t\t<\/div>\n\t\t<\/div>\n\t\t\t\t<div class=\"elementor-column elementor-col-33 elementor-top-column elementor-element elementor-element-43d0377b\" data-id=\"43d0377b\" data-element_type=\"column\">\n\t\t\t<div class=\"elementor-widget-wrap\">\n\t\t\t\t\t\t\t<\/div>\n\t\t<\/div>\n\t\t\t\t<div class=\"elementor-column elementor-col-33 elementor-top-column elementor-element elementor-element-7c317bae\" data-id=\"7c317bae\" data-element_type=\"column\">\n\t\t\t<div class=\"elementor-widget-wrap elementor-element-populated\">\n\t\t\t\t\t\t<div class=\"elementor-element elementor-element-3dc3d022 elementor-widget elementor-widget-rt-text-with-icon\" data-id=\"3dc3d022\" data-element_type=\"widget\" data-widget_type=\"rt-text-with-icon.default\">\n\t\t\t\t<div class=\"elementor-widget-container\">\n\t\t\t\t\t<div class=\"rt-el-text-with-icon elementwidth elwidth-305-320-360 rtin-style-2 rtin-bgtype-light\">\r\n\t<a class=\"rtin-item\" href=\"https:\/\/carepoi.com\/product\/doctor-plus-plan\/\">\t<div class=\"rtin-icon\"><img decoding=\"async\" width=\"512\" height=\"512\" src=\"https:\/\/clinic.carepoi.com\/wp-content\/uploads\/2023\/08\/anonymity.png\" class=\"attachment-full size-full\" alt=\"\" srcset=\"https:\/\/clinic.carepoi.com\/wp-content\/uploads\/2023\/08\/anonymity.png 512w, https:\/\/clinic.carepoi.com\/wp-content\/uploads\/2023\/08\/anonymity-150x150.png 150w, https:\/\/clinic.carepoi.com\/wp-content\/uploads\/2023\/08\/anonymity-450x450.png 450w, https:\/\/clinic.carepoi.com\/wp-content\/uploads\/2023\/08\/anonymity-300x300.png 300w\" sizes=\"(max-width: 512px) 100vw, 512px\" \/><\/div>\r\n\t<div class=\"rtin-content\">\r\n\t\t<h3 class=\"rtin-title\">PLUS  for Doctor<\/h3>\r\n\t\t\t\t\t<p class=\"rtin-subtitle\">Verification is needed<\/p>\r\n\t\t\t<\/div>\r\n\t<\/a><\/div>\t\t\t\t<\/div>\n\t\t\t\t<\/div>\n\t\t\t\t\t<\/div>\n\t\t<\/div>\n\t\t\t\t\t<\/div>\n\t\t<\/section>\n\t\t\t\t<section class=\"elementor-section elementor-top-section elementor-element elementor-element-5a21932 elementor-section-boxed elementor-section-height-default elementor-section-height-default\" data-id=\"5a21932\" data-element_type=\"section\">\n\t\t\t\t\t\t<div class=\"elementor-container elementor-column-gap-default\">\n\t\t\t\t\t<div class=\"elementor-column elementor-col-33 elementor-top-column elementor-element elementor-element-a387e5d\" data-id=\"a387e5d\" data-element_type=\"column\">\n\t\t\t<div class=\"elementor-widget-wrap elementor-element-populated\">\n\t\t\t\t\t\t<div class=\"elementor-element elementor-element-7acefa4 elementor-widget elementor-widget-rt-text-with-icon\" data-id=\"7acefa4\" data-element_type=\"widget\" data-widget_type=\"rt-text-with-icon.default\">\n\t\t\t\t<div class=\"elementor-widget-container\">\n\t\t\t\t\t<div class=\"rt-el-text-with-icon elementwidth elwidth-305-320-360 rtin-style-2 rtin-bgtype-light\">\r\n\t<a class=\"rtin-item\" href=\"https:\/\/carepoi.com\/product\/nurses-plus-plan\/\">\t<div class=\"rtin-icon\"><img decoding=\"async\" width=\"512\" height=\"512\" src=\"https:\/\/clinic.carepoi.com\/wp-content\/uploads\/2023\/08\/anonymity.png\" class=\"attachment-full size-full\" alt=\"\" srcset=\"https:\/\/clinic.carepoi.com\/wp-content\/uploads\/2023\/08\/anonymity.png 512w, https:\/\/clinic.carepoi.com\/wp-content\/uploads\/2023\/08\/anonymity-150x150.png 150w, https:\/\/clinic.carepoi.com\/wp-content\/uploads\/2023\/08\/anonymity-450x450.png 450w, https:\/\/clinic.carepoi.com\/wp-content\/uploads\/2023\/08\/anonymity-300x300.png 300w\" sizes=\"(max-width: 512px) 100vw, 512px\" \/><\/div>\r\n\t<div class=\"rtin-content\">\r\n\t\t<h3 class=\"rtin-title\">Basic for Nurse<\/h3>\r\n\t\t\t\t\t<p class=\"rtin-subtitle\">Instant Access<\/p>\r\n\t\t\t<\/div>\r\n\t<\/a><\/div>\t\t\t\t<\/div>\n\t\t\t\t<\/div>\n\t\t\t\t\t<\/div>\n\t\t<\/div>\n\t\t\t\t<div class=\"elementor-column elementor-col-33 elementor-top-column elementor-element elementor-element-e8cc097\" data-id=\"e8cc097\" data-element_type=\"column\">\n\t\t\t<div class=\"elementor-widget-wrap elementor-element-populated\">\n\t\t\t\t\t\t<div class=\"elementor-element elementor-element-1ae88b8 elementor-widget elementor-widget-rt-text-with-icon\" data-id=\"1ae88b8\" data-element_type=\"widget\" data-widget_type=\"rt-text-with-icon.default\">\n\t\t\t\t<div class=\"elementor-widget-container\">\n\t\t\t\t\t<div class=\"rt-el-text-with-icon elementwidth elwidth-305-320-360 rtin-style-2 rtin-bgtype-light\">\r\n\t<a class=\"rtin-item\" href=\"https:\/\/carepoi.com\/doctor-for-24-7-center\/\">\t<div class=\"rtin-icon\"><img decoding=\"async\" width=\"512\" height=\"512\" src=\"https:\/\/clinic.carepoi.com\/wp-content\/uploads\/2023\/08\/anonymity.png\" class=\"attachment-full size-full\" alt=\"\" srcset=\"https:\/\/clinic.carepoi.com\/wp-content\/uploads\/2023\/08\/anonymity.png 512w, https:\/\/clinic.carepoi.com\/wp-content\/uploads\/2023\/08\/anonymity-150x150.png 150w, https:\/\/clinic.carepoi.com\/wp-content\/uploads\/2023\/08\/anonymity-450x450.png 450w, https:\/\/clinic.carepoi.com\/wp-content\/uploads\/2023\/08\/anonymity-300x300.png 300w\" sizes=\"(max-width: 512px) 100vw, 512px\" \/><\/div>\r\n\t<div class=\"rtin-content\">\r\n\t\t<h3 class=\"rtin-title\">Doctor for 24\/7 Center<\/h3>\r\n\t\t\t\t\t<p class=\"rtin-subtitle\">Verification is needed<\/p>\r\n\t\t\t<\/div>\r\n\t<\/a><\/div>\t\t\t\t<\/div>\n\t\t\t\t<\/div>\n\t\t\t\t\t<\/div>\n\t\t<\/div>\n\t\t\t\t<div class=\"elementor-column elementor-col-33 elementor-top-column elementor-element elementor-element-ed73a83\" data-id=\"ed73a83\" data-element_type=\"column\">\n\t\t\t<div class=\"elementor-widget-wrap elementor-element-populated\">\n\t\t\t\t\t\t<div class=\"elementor-element elementor-element-17a0f39 elementor-widget elementor-widget-rt-text-with-icon\" data-id=\"17a0f39\" data-element_type=\"widget\" data-widget_type=\"rt-text-with-icon.default\">\n\t\t\t\t<div class=\"elementor-widget-container\">\n\t\t\t\t\t<div class=\"rt-el-text-with-icon elementwidth elwidth-305-320-360 rtin-style-2 rtin-bgtype-light\">\r\n\t<div class=\"rtin-item\">\t<div class=\"rtin-icon\"><img decoding=\"async\" width=\"512\" height=\"512\" src=\"https:\/\/clinic.carepoi.com\/wp-content\/uploads\/2023\/08\/anonymity.png\" class=\"attachment-full size-full\" alt=\"\" srcset=\"https:\/\/clinic.carepoi.com\/wp-content\/uploads\/2023\/08\/anonymity.png 512w, https:\/\/clinic.carepoi.com\/wp-content\/uploads\/2023\/08\/anonymity-150x150.png 150w, https:\/\/clinic.carepoi.com\/wp-content\/uploads\/2023\/08\/anonymity-450x450.png 450w, https:\/\/clinic.carepoi.com\/wp-content\/uploads\/2023\/08\/anonymity-300x300.png 300w\" sizes=\"(max-width: 512px) 100vw, 512px\" \/><\/div>\r\n\t<div class=\"rtin-content\">\r\n\t\t<h3 class=\"rtin-title\">GUEST<\/h3>\r\n\t\t\t\t\t<p class=\"rtin-subtitle\">Instant Access - One-time payment<\/p>\r\n\t\t\t<\/div>\r\n\t<\/div><\/div>\t\t\t\t<\/div>\n\t\t\t\t<\/div>\n\t\t\t\t\t<\/div>\n\t\t<\/div>\n\t\t\t\t\t<\/div>\n\t\t<\/section>\n\t\t\t\t<\/div>\n\t\t","protected":false},"excerpt":{"rendered":"<p>Willkommen beim CAREPOI-System Ihr aktueller Plan ist der BASIC for Users. Dieser Plan ist f\u00fcr immer KOSTENLOS. Sie k\u00f6nnen Online-\u00c4rzte konsultieren und pro Fall bezahlen (Zahlung bei Ereignis). Sie k\u00f6nnen Ihren Plan jederzeit aktualisieren. AKTUELLER PLAN PLUS for Patient Instant Access PLUS for Doctor Verification is needed Basic for Nurse Instant Access Doctor for 24\/7 &#8230;<\/p>\n","protected":false},"author":1,"featured_media":0,"parent":0,"menu_order":0,"comment_status":"closed","ping_status":"closed","template":"","meta":{"_jf_save_progress":"","_jet_sm_ready_style":"","_jet_sm_style":"","_jet_sm_controls_values":"","_jet_sm_fonts_collection":"","_jet_sm_fonts_links":"","footnotes":""},"class_list":["post-25937","page","type-page","status-publish","hentry"],"_links":{"self":[{"href":"https:\/\/clinic.carepoi.com\/de\/wp-json\/wp\/v2\/pages\/25937","targetHints":{"allow":["GET"]}}],"collection":[{"href":"https:\/\/clinic.carepoi.com\/de\/wp-json\/wp\/v2\/pages"}],"about":[{"href":"https:\/\/clinic.carepoi.com\/de\/wp-json\/wp\/v2\/types\/page"}],"author":[{"embeddable":true,"href":"https:\/\/clinic.carepoi.com\/de\/wp-json\/wp\/v2\/users\/1"}],"replies":[{"embeddable":true,"href":"https:\/\/clinic.carepoi.com\/de\/wp-json\/wp\/v2\/comments?post=25937"}],"version-history":[{"count":1,"href":"https:\/\/clinic.carepoi.com\/de\/wp-json\/wp\/v2\/pages\/25937\/revisions"}],"predecessor-version":[{"id":25938,"href":"https:\/\/clinic.carepoi.com\/de\/wp-json\/wp\/v2\/pages\/25937\/revisions\/25938"}],"wp:attachment":[{"href":"https:\/\/clinic.carepoi.com\/de\/wp-json\/wp\/v2\/media?parent=25937"}],"curies":[{"name":"wp","href":"https:\/\/api.w.org\/{rel}","templated":true}]}}