{"id":26065,"date":"2023-06-05T13:59:28","date_gmt":"2023-06-05T11:59:28","guid":{"rendered":"https:\/\/clinic.carepoi.com\/wie-wir-die-kyc-verifizierung-in-drei-einfachen-schritten-durchfuehren\/"},"modified":"2025-02-05T09:45:16","modified_gmt":"2025-02-05T07:45:16","slug":"wie-wir-die-kyc-verifizierung-in-drei-einfachen-schritten-durchfuehren","status":"publish","type":"page","link":"https:\/\/clinic.carepoi.com\/de\/wie-wir-die-kyc-verifizierung-in-drei-einfachen-schritten-durchfuehren\/","title":{"rendered":"Wie wir die KYC-Verifizierung in drei einfachen Schritten durchf\u00fchren"},"content":{"rendered":"\t\t<div data-elementor-type=\"wp-page\" data-elementor-id=\"26065\" class=\"elementor elementor-26065 elementor-4783\">\n\t\t\t\t\t\t<section class=\"elementor-section elementor-top-section elementor-element elementor-element-2cb9f288 elementor-section-boxed elementor-section-height-default elementor-section-height-default\" data-id=\"2cb9f288\" data-element_type=\"section\">\n\t\t\t\t\t\t<div class=\"elementor-container elementor-column-gap-default\">\n\t\t\t\t\t<div class=\"elementor-column elementor-col-100 elementor-top-column elementor-element elementor-element-311449bb\" data-id=\"311449bb\" data-element_type=\"column\">\n\t\t\t<div class=\"elementor-widget-wrap elementor-element-populated\">\n\t\t\t\t\t\t<div class=\"elementor-element elementor-element-15e85fff elementor-widget elementor-widget-text-editor\" data-id=\"15e85fff\" data-element_type=\"widget\" data-widget_type=\"text-editor.default\">\n\t\t\t\t<div class=\"elementor-widget-container\">\n\t\t\t\t\t\t\t\t\t<p>Bitte aktivieren Sie Ihr Konto, um mit der Nutzung von DOCTORSHELLO zu beginnen.<\/p>\n\t\t\t\t\t\t\t\t<\/div>\n\t\t\t\t<\/div>\n\t\t\t\t\t<\/div>\n\t\t<\/div>\n\t\t\t\t\t<\/div>\n\t\t<\/section>\n\t\t\t\t<section class=\"elementor-section elementor-top-section elementor-element elementor-element-8e2c44f elementor-section-full_width elementor-section-height-default elementor-section-height-default\" data-id=\"8e2c44f\" data-element_type=\"section\">\n\t\t\t\t\t\t<div class=\"elementor-container elementor-column-gap-default\">\n\t\t\t\t\t<div class=\"elementor-column elementor-col-100 elementor-top-column elementor-element elementor-element-5b1f4ad\" data-id=\"5b1f4ad\" data-element_type=\"column\">\n\t\t\t<div class=\"elementor-widget-wrap elementor-element-populated\">\n\t\t\t\t\t\t<div class=\"elementor-element elementor-element-b54c188 elementor-widget elementor-widget-image\" data-id=\"b54c188\" data-element_type=\"widget\" data-widget_type=\"image.default\">\n\t\t\t\t<div class=\"elementor-widget-container\">\n\t\t\t\t\t\t\t\t\t\t\t\t\t\t\t<img fetchpriority=\"high\" decoding=\"async\" width=\"1024\" height=\"512\" src=\"https:\/\/clinic.carepoi.com\/wp-content\/uploads\/2023\/06\/How-we-Perform-KYC--1024x512.jpg\" class=\"attachment-large size-large wp-image-17557\" alt=\"\" srcset=\"https:\/\/clinic.carepoi.com\/wp-content\/uploads\/2023\/06\/How-we-Perform-KYC--1024x512.jpg 1024w, https:\/\/clinic.carepoi.com\/wp-content\/uploads\/2023\/06\/How-we-Perform-KYC--570x285.jpg 570w, https:\/\/clinic.carepoi.com\/wp-content\/uploads\/2023\/06\/How-we-Perform-KYC--300x150.jpg 300w, https:\/\/clinic.carepoi.com\/wp-content\/uploads\/2023\/06\/How-we-Perform-KYC--768x384.jpg 768w, https:\/\/clinic.carepoi.com\/wp-content\/uploads\/2023\/06\/How-we-Perform-KYC--960x480.jpg 960w, https:\/\/clinic.carepoi.com\/wp-content\/uploads\/2023\/06\/How-we-Perform-KYC-.jpg 1200w\" sizes=\"(max-width: 1024px) 100vw, 1024px\" \/>\t\t\t\t\t\t\t\t\t\t\t\t\t\t\t<\/div>\n\t\t\t\t<\/div>\n\t\t\t\t\t<\/div>\n\t\t<\/div>\n\t\t\t\t\t<\/div>\n\t\t<\/section>\n\t\t\t\t<section class=\"elementor-section elementor-top-section elementor-element elementor-element-d0ab929 elementor-section-boxed elementor-section-height-default elementor-section-height-default\" data-id=\"d0ab929\" data-element_type=\"section\">\n\t\t\t\t\t\t<div class=\"elementor-container elementor-column-gap-default\">\n\t\t\t\t\t<div class=\"elementor-column elementor-col-33 elementor-top-column elementor-element elementor-element-bb1f831\" data-id=\"bb1f831\" data-element_type=\"column\">\n\t\t\t<div class=\"elementor-widget-wrap\">\n\t\t\t\t\t\t\t<\/div>\n\t\t<\/div>\n\t\t\t\t<div class=\"elementor-column elementor-col-33 elementor-top-column elementor-element elementor-element-c4cf8fa\" data-id=\"c4cf8fa\" data-element_type=\"column\">\n\t\t\t<div class=\"elementor-widget-wrap elementor-element-populated\">\n\t\t\t\t\t\t<div class=\"elementor-element elementor-element-d22059f elementor-widget elementor-widget-text-editor\" data-id=\"d22059f\" data-element_type=\"widget\" data-widget_type=\"text-editor.default\">\n\t\t\t\t<div class=\"elementor-widget-container\">\n\t\t\t\t\t\t\t\t\t<p> <\/p>\n<p><strong>Know Your Customer<\/strong> (KYC), allgemein bekannt als \u201eKYC\u201c, ist ein Identit\u00e4tspr\u00fcfungsprozess, der eine entscheidende Rolle bei der Verhinderung von Dienstleistungen von geringer Qualit\u00e4t (z. B. F\u00e4llen von nicht qualifizierten \u00c4rzten usw.) im medizinischen Sektor spielt. Er umfasst eine Vielzahl von Methoden zur \u00dcberpr\u00fcfung der Legitimit\u00e4t von Nutzern, wie etwa Post-\/Telefonverifizierung, Gesichtserkennung, Dokumentenpr\u00fcfung, Adressverifizierung, Zwei-Faktor-Authentifizierung, biometrische Gesichtserkennung und Video-KYC. All dies erm\u00f6glicht es uns, ordnungsgem\u00e4\u00dfe Pr\u00fcfungen bei der Kundenaufnahme durchzuf\u00fchren, um eine minimale Exposition gegen\u00fcber hochriskanten Kunden und Entit\u00e4ten zu gew\u00e4hrleisten, w\u00e4hrend wir gleichzeitig den KYC-Vorschriften entsprechen.  <\/p>\n<p>Was genau passiert also im KYC-Prozess? Wie funktioniert KYC?  <br>Das beinhaltet der digitale KYC-Verifizierungsprozess von Shufti Pro:<\/p>\n<p><b>KYC Schritt 1<\/b> | Kunden geben Daten an: Zun\u00e4chst m\u00fcssen Kunden bei der Kontoregistrierung ihre personenbezogenen Daten (PII) angeben. PII umfasst zahlreiche Arten von Informationen wie: <\/p>\n<p>E-Mail, Telefonnummer<br>Name (f\u00fcr \u00c4rzte)<br>Geburtsdatum<br>E-Mail-Adresse<br>Sozialversicherungsnummer<br>Passnummer<br>\u00c4rztliche Zulassung<br>Finanzinformationen (z. B. Kredit-\/Debitkartendaten)<\/p>\n<p><br><b>KYC Schritt 2<\/b> | \u00c4rzte laden ihre Ausweisdokumente hoch<\/p>\n<p>Als n\u00e4chstes laden \u00c4rzte klare gescannte Kopien oder Bilder ihrer Ausweisdokumente hoch. Bei DOCTORSHELLO decken wir ein breites Spektrum an Dokumenten ab. Unsere bahnbrechende OCR-Technologie (Optical Character Recognition) extrahiert dann alle erforderlichen Informationen aus dem Scan oder Bild des hochgeladenen Dokuments und f\u00fchrt die weitere Verarbeitung durch.  <\/p>\n<p><br>K<b>YC Schritt 3 <\/b>| \u00dcberpr\u00fcfung der Identit\u00e4t des Kunden<\/p>\n<p>Die OCR-extrahierten Daten werden dann mit manuell hinzugef\u00fcgten Daten abgeglichen und gleichzeitig die Originalit\u00e4t der hochgeladenen Dokumente \u00fcberpr\u00fcft, um die Authentizit\u00e4t der pers\u00f6nlichen Daten des Kunden zu \u00fcberpr\u00fcfen. Die Dokumentbilder werden dann zur Validierung mit dem Standarddokumentformat verglichen. <\/p>\n<p><br><b>KYC Schritt 4<\/b> | Die Endergebnisse<\/p>\n<p>Die endg\u00fcltigen Verifizierungsergebnisse werden \u00fcbermittelt und der vollst\u00e4ndige Verifizierungsnachweis im Backoffice des Kunden hochgeladen. Wenn der Kunde alle Verifizierungsschritte erfolgreich besteht, ist das Onboarding abgeschlossen. <\/p>\n<p>Es ist wichtig zu beachten, dass der KYC-Verifizierungsprozess je nach Branche und Standort in der Welt, in der Sie ans\u00e4ssig sind, unterschiedlich sein kann \u2013 dies liegt an den KYC-Compliance-Vorschriften. <\/p>\n<p>Was ist KYC-Compliance?<\/p>\n<p>Die KYC-Konformit\u00e4t ist eine entscheidende Komponente bei der Formulierung von KYC-Verifizierungsprozessen. Es bietet Richtlinien und verbindliche Praktiken, die bei der Durchf\u00fchrung dieses Prozesses umgesetzt werden m\u00fcssen. Die Richtlinien variieren je nach Branche und Gerichtsbarkeit und sind f\u00fcr diejenigen, die in den Branchen Finanzen, Bankwesen und Online-Zahlungen t\u00e4tig sind, au\u00dferordentlich wichtig. Diese Anforderungen verhindern wirksam Geldw\u00e4sche, Betrug, Terrorismusfinanzierung und eine Reihe anderer Finanzkriminalit\u00e4t.  <\/p>\n<p>Die Einhaltung von KYC ist eine gesetzliche Anforderung und kann rechtliche und finanzielle Konsequenzen nach sich ziehen, wenn Unternehmen diese nicht einhalten. Die Regulierungslandschaft ist turbulent und ver\u00e4ndert sich st\u00e4ndig, um mit den wachsenden Bedrohungen Schritt zu halten. Bleiben Sie also immer auf dem Laufenden. <\/p>\n<p>F\u00fcr weitere Informationen oder Unterst\u00fctzung zu KYC-Vorschriften und Compliance sprechen Sie jetzt mit einem unserer Compliance-Spezialisten. <br><br><br><\/p>\t\t\t\t\t\t\t\t<\/div>\n\t\t\t\t<\/div>\n\t\t\t\t\t<\/div>\n\t\t<\/div>\n\t\t\t\t<div class=\"elementor-column elementor-col-33 elementor-top-column elementor-element elementor-element-26b64a8\" data-id=\"26b64a8\" data-element_type=\"column\">\n\t\t\t<div class=\"elementor-widget-wrap\">\n\t\t\t\t\t\t\t<\/div>\n\t\t<\/div>\n\t\t\t\t\t<\/div>\n\t\t<\/section>\n\t\t\t\t<section class=\"elementor-section elementor-top-section elementor-element elementor-element-d8f5a98 elementor-section-boxed elementor-section-height-default elementor-section-height-default\" data-id=\"d8f5a98\" data-element_type=\"section\">\n\t\t\t\t\t\t<div class=\"elementor-container elementor-column-gap-default\">\n\t\t\t\t\t<div class=\"elementor-column elementor-col-100 elementor-top-column elementor-element elementor-element-f4eb258\" data-id=\"f4eb258\" data-element_type=\"column\">\n\t\t\t<div class=\"elementor-widget-wrap elementor-element-populated\">\n\t\t\t\t\t\t<div class=\"elementor-element elementor-element-1ab6297 elementor-widget elementor-widget-html\" data-id=\"1ab6297\" data-element_type=\"widget\" data-widget_type=\"html.default\">\n\t\t\t\t<div class=\"elementor-widget-container\">\n\t\t\t\t\t<script type=\"text\/javascript\"><\/script>\t\t\t\t<\/div>\n\t\t\t\t<\/div>\n\t\t\t\t\t<\/div>\n\t\t<\/div>\n\t\t\t\t\t<\/div>\n\t\t<\/section>\n\t\t\t\t<\/div>\n\t\t","protected":false},"excerpt":{"rendered":"<p>Bitte aktivieren Sie Ihr Konto, um mit der Nutzung von DOCTORSHELLO zu beginnen. Know Your Customer (KYC), allgemein bekannt als \u201eKYC\u201c, ist ein Identit\u00e4tspr\u00fcfungsprozess, der eine entscheidende Rolle bei der Verhinderung von Dienstleistungen von geringer Qualit\u00e4t (z. B. F\u00e4llen von nicht qualifizierten \u00c4rzten usw.) im medizinischen Sektor spielt. Er umfasst eine Vielzahl von Methoden zur &#8230;<\/p>\n","protected":false},"author":1,"featured_media":0,"parent":0,"menu_order":0,"comment_status":"closed","ping_status":"closed","template":"","meta":{"_jf_save_progress":"","_jet_sm_ready_style":"","_jet_sm_style":"","_jet_sm_controls_values":"","_jet_sm_fonts_collection":"","_jet_sm_fonts_links":"","footnotes":""},"class_list":["post-26065","page","type-page","status-publish","hentry"],"_links":{"self":[{"href":"https:\/\/clinic.carepoi.com\/de\/wp-json\/wp\/v2\/pages\/26065","targetHints":{"allow":["GET"]}}],"collection":[{"href":"https:\/\/clinic.carepoi.com\/de\/wp-json\/wp\/v2\/pages"}],"about":[{"href":"https:\/\/clinic.carepoi.com\/de\/wp-json\/wp\/v2\/types\/page"}],"author":[{"embeddable":true,"href":"https:\/\/clinic.carepoi.com\/de\/wp-json\/wp\/v2\/users\/1"}],"replies":[{"embeddable":true,"href":"https:\/\/clinic.carepoi.com\/de\/wp-json\/wp\/v2\/comments?post=26065"}],"version-history":[{"count":3,"href":"https:\/\/clinic.carepoi.com\/de\/wp-json\/wp\/v2\/pages\/26065\/revisions"}],"predecessor-version":[{"id":26068,"href":"https:\/\/clinic.carepoi.com\/de\/wp-json\/wp\/v2\/pages\/26065\/revisions\/26068"}],"wp:attachment":[{"href":"https:\/\/clinic.carepoi.com\/de\/wp-json\/wp\/v2\/media?parent=26065"}],"curies":[{"name":"wp","href":"https:\/\/api.w.org\/{rel}","templated":true}]}}