{"id":26079,"date":"2022-12-04T14:24:27","date_gmt":"2022-12-04T12:24:27","guid":{"rendered":"https:\/\/clinic.carepoi.com\/zahlungen\/"},"modified":"2025-02-05T09:51:59","modified_gmt":"2025-02-05T07:51:59","slug":"zahlungen","status":"publish","type":"page","link":"https:\/\/clinic.carepoi.com\/de\/zahlungen\/","title":{"rendered":"Zahlungen"},"content":{"rendered":"\t\t<div data-elementor-type=\"wp-page\" data-elementor-id=\"26079\" class=\"elementor elementor-26079 elementor-3792\">\n\t\t\t\t\t\t<section class=\"elementor-section elementor-top-section elementor-element elementor-element-21c0c99 elementor-section-boxed elementor-section-height-default elementor-section-height-default\" data-id=\"21c0c99\" data-element_type=\"section\">\n\t\t\t\t\t\t<div class=\"elementor-container elementor-column-gap-default\">\n\t\t\t\t\t<div class=\"elementor-column elementor-col-33 elementor-top-column elementor-element elementor-element-5a2da08\" data-id=\"5a2da08\" data-element_type=\"column\">\n\t\t\t<div class=\"elementor-widget-wrap\">\n\t\t\t\t\t\t\t<\/div>\n\t\t<\/div>\n\t\t\t\t<div class=\"elementor-column elementor-col-66 elementor-top-column elementor-element elementor-element-23ca1fd\" data-id=\"23ca1fd\" data-element_type=\"column\">\n\t\t\t<div class=\"elementor-widget-wrap elementor-element-populated\">\n\t\t\t\t\t\t<div class=\"elementor-element elementor-element-4cdbc20 elementor-widget elementor-widget-text-editor\" data-id=\"4cdbc20\" data-element_type=\"widget\" data-widget_type=\"text-editor.default\">\n\t\t\t\t<div class=\"elementor-widget-container\">\n\t\t\t\t\t\t\t\t\t<p>Die Bereitstellung flexibler Zahlungsoptionen f\u00fcr Kunden an der Kasse ist beim Betrieb eines Hybridsystems wie DOCTORSHELLO von entscheidender Bedeutung. Einige unserer Kunden m\u00f6chten mit ihrer Kreditkarte bezahlen, andere mit einer digitalen Geldb\u00f6rse, w\u00e4hrend immer mehr Kunden mit Kryptow\u00e4hrung bezahlen oder Zahlungen akzeptieren m\u00f6chten. <\/p>\n<p>Zahlungen in Kryptow\u00e4hrung machen die Annahme gro\u00dfer Betr\u00e4ge \u00fcberfl\u00fcssig und sorgen f\u00fcr eine sichere Transaktion zwischen Unternehmen und Kunden.<\/p>\n<p>Der DOCTORSHELLO B2C-Shop erm\u00f6glicht es Benutzern, Dienstleistungen und Produkte \u00fcber einen leistungsstarken Checkout zu kaufen oder bereitzustellen, sodass Benutzer frei entscheiden k\u00f6nnen, wo und wie sie Finanztransaktionen durchf\u00fchren, einschlie\u00dflich der verf\u00fcgbaren Zahlungsmethoden.<\/p>\n<p><strong>Was ist MetaMask?<\/strong><\/p>\n<p>MetaMask ist eine beliebte Kryptow\u00e4hrungs-Wallet, die mit der Ethereum-Blockchain interagiert. Als Browser-Erweiterung oder mobile App erm\u00f6glicht es Benutzern den einfachen Zugriff auf ihr Ethereum, um es dann gegen Waren und Dienstleistungen einzutauschen. <\/p><\/p>\n\t\t\t\t\t\t\t\t<\/div>\n\t\t\t\t<\/div>\n\t\t\t\t\t<\/div>\n\t\t<\/div>\n\t\t\t\t\t<\/div>\n\t\t<\/section>\n\t\t\t\t<section class=\"elementor-section elementor-top-section elementor-element elementor-element-0b4dd58 elementor-section-boxed elementor-section-height-default elementor-section-height-default\" data-id=\"0b4dd58\" data-element_type=\"section\">\n\t\t\t\t\t\t<div class=\"elementor-container elementor-column-gap-default\">\n\t\t\t\t\t<div class=\"elementor-column elementor-col-33 elementor-top-column elementor-element elementor-element-1f73d35\" data-id=\"1f73d35\" data-element_type=\"column\">\n\t\t\t<div class=\"elementor-widget-wrap elementor-element-populated\">\n\t\t\t\t\t\t<div class=\"elementor-element elementor-element-b25d37e elementor-position-top elementor-widget elementor-widget-image-box\" data-id=\"b25d37e\" data-element_type=\"widget\" data-widget_type=\"image-box.default\">\n\t\t\t\t<div class=\"elementor-widget-container\">\n\t\t\t\t\t<div class=\"elementor-image-box-wrapper\"><figure class=\"elementor-image-box-img\"><img decoding=\"async\" src=\"https:\/\/clinic.carepoi.com\/wp-content\/plugins\/elementor\/assets\/images\/placeholder.png\" title=\"\" alt=\"\" loading=\"lazy\" \/><\/figure><div class=\"elementor-image-box-content\"><h3 class=\"elementor-image-box-title\">Das ist die \u00dcberschrift<\/h3><p class=\"elementor-image-box-description\">Lorem ipsum dolor sit amet, consectetur adipiscing elit. Ut elit tellus, luctus nec ullamcorper mattis, pulvinar dapibus leo. <\/p><\/div><\/div>\t\t\t\t<\/div>\n\t\t\t\t<\/div>\n\t\t\t\t\t<\/div>\n\t\t<\/div>\n\t\t\t\t<div class=\"elementor-column elementor-col-66 elementor-top-column elementor-element elementor-element-267f4de\" data-id=\"267f4de\" data-element_type=\"column\">\n\t\t\t<div class=\"elementor-widget-wrap\">\n\t\t\t\t\t\t\t<\/div>\n\t\t<\/div>\n\t\t\t\t\t<\/div>\n\t\t<\/section>\n\t\t\t\t<section class=\"elementor-section elementor-top-section elementor-element elementor-element-eaebeee elementor-section-boxed elementor-section-height-default elementor-section-height-default\" data-id=\"eaebeee\" data-element_type=\"section\">\n\t\t\t\t\t\t<div class=\"elementor-container elementor-column-gap-default\">\n\t\t\t\t\t<div class=\"elementor-column elementor-col-33 elementor-top-column elementor-element elementor-element-21e34ac\" data-id=\"21e34ac\" data-element_type=\"column\">\n\t\t\t<div class=\"elementor-widget-wrap elementor-element-populated\">\n\t\t\t\t\t\t<div class=\"elementor-element elementor-element-0f23d71 elementor-view-default elementor-position-top elementor-mobile-position-top elementor-widget elementor-widget-icon-box\" data-id=\"0f23d71\" data-element_type=\"widget\" data-widget_type=\"icon-box.default\">\n\t\t\t\t<div class=\"elementor-widget-container\">\n\t\t\t\t\t\t\t<div class=\"elementor-icon-box-wrapper\">\n\n\t\t\t\t\t\t<div class=\"elementor-icon-box-icon\">\n\t\t\t\t<span  class=\"elementor-icon\">\n\t\t\t\t<i aria-hidden=\"true\" class=\"fas fa-star\"><\/i>\t\t\t\t<\/span>\n\t\t\t<\/div>\n\t\t\t\n\t\t\t\t\t\t<div class=\"elementor-icon-box-content\">\n\n\t\t\t\t\t\t\t\t\t<h3 class=\"elementor-icon-box-title\">\n\t\t\t\t\t\t<span  >\n\t\t\t\t\t\t\tDas ist die \u00dcberschrift\t\t\t\t\t\t<\/span>\n\t\t\t\t\t<\/h3>\n\t\t\t\t\n\t\t\t\t\t\t\t\t\t<p class=\"elementor-icon-box-description\">\n\t\t\t\t\t\tLorem ipsum dolor sit amet, consectetur adipiscing elit. Ut elit tellus, luctus nec ullamcorper mattis, pulvinar dapibus leo. \t\t\t\t\t<\/p>\n\t\t\t\t\n\t\t\t<\/div>\n\t\t\t\n\t\t<\/div>\n\t\t\t\t\t\t<\/div>\n\t\t\t\t<\/div>\n\t\t\t\t\t<\/div>\n\t\t<\/div>\n\t\t\t\t<div class=\"elementor-column elementor-col-33 elementor-top-column elementor-element elementor-element-9fa06ab\" data-id=\"9fa06ab\" data-element_type=\"column\">\n\t\t\t<div class=\"elementor-widget-wrap\">\n\t\t\t\t\t\t\t<\/div>\n\t\t<\/div>\n\t\t\t\t<div class=\"elementor-column elementor-col-33 elementor-top-column elementor-element elementor-element-d330d02\" data-id=\"d330d02\" data-element_type=\"column\">\n\t\t\t<div class=\"elementor-widget-wrap\">\n\t\t\t\t\t\t\t<\/div>\n\t\t<\/div>\n\t\t\t\t\t<\/div>\n\t\t<\/section>\n\t\t\t\t<\/div>\n\t\t","protected":false},"excerpt":{"rendered":"<p>Die Bereitstellung flexibler Zahlungsoptionen f\u00fcr Kunden an der Kasse ist beim Betrieb eines Hybridsystems wie DOCTORSHELLO von entscheidender Bedeutung. Einige unserer Kunden m\u00f6chten mit ihrer Kreditkarte bezahlen, andere mit einer digitalen Geldb\u00f6rse, w\u00e4hrend immer mehr Kunden mit Kryptow\u00e4hrung bezahlen oder Zahlungen akzeptieren m\u00f6chten. Zahlungen in Kryptow\u00e4hrung machen die Annahme gro\u00dfer Betr\u00e4ge \u00fcberfl\u00fcssig und sorgen f\u00fcr &#8230;<\/p>\n","protected":false},"author":1,"featured_media":0,"parent":0,"menu_order":0,"comment_status":"closed","ping_status":"closed","template":"","meta":{"_jf_save_progress":"","_jet_sm_ready_style":"","_jet_sm_style":"","_jet_sm_controls_values":"","_jet_sm_fonts_collection":"","_jet_sm_fonts_links":"","footnotes":""},"class_list":["post-26079","page","type-page","status-publish","hentry"],"_links":{"self":[{"href":"https:\/\/clinic.carepoi.com\/de\/wp-json\/wp\/v2\/pages\/26079","targetHints":{"allow":["GET"]}}],"collection":[{"href":"https:\/\/clinic.carepoi.com\/de\/wp-json\/wp\/v2\/pages"}],"about":[{"href":"https:\/\/clinic.carepoi.com\/de\/wp-json\/wp\/v2\/types\/page"}],"author":[{"embeddable":true,"href":"https:\/\/clinic.carepoi.com\/de\/wp-json\/wp\/v2\/users\/1"}],"replies":[{"embeddable":true,"href":"https:\/\/clinic.carepoi.com\/de\/wp-json\/wp\/v2\/comments?post=26079"}],"version-history":[{"count":1,"href":"https:\/\/clinic.carepoi.com\/de\/wp-json\/wp\/v2\/pages\/26079\/revisions"}],"predecessor-version":[{"id":26080,"href":"https:\/\/clinic.carepoi.com\/de\/wp-json\/wp\/v2\/pages\/26079\/revisions\/26080"}],"wp:attachment":[{"href":"https:\/\/clinic.carepoi.com\/de\/wp-json\/wp\/v2\/media?parent=26079"}],"curies":[{"name":"wp","href":"https:\/\/api.w.org\/{rel}","templated":true}]}}